{"id":951,"date":"2025-06-24T00:42:19","date_gmt":"2025-06-23T22:42:19","guid":{"rendered":"https:\/\/cynyem.com\/?page_id=951"},"modified":"2025-06-24T17:14:07","modified_gmt":"2025-06-24T15:14:07","slug":"porte-cles-anime","status":"publish","type":"page","link":"https:\/\/cynyem.com\/index.php\/porte-cles-anime\/","title":{"rendered":"Porte-cl\u00e9s anime"},"content":{"rendered":"\n<figure data-wp-context=\"{&quot;imageId&quot;:&quot;69e0d6668aa2a&quot;}\" data-wp-interactive=\"core\/image\" data-wp-key=\"69e0d6668aa2a\" class=\"wp-block-image size-large is-resized wp-lightbox-container\"><img loading=\"lazy\" decoding=\"async\" width=\"768\" height=\"1024\" data-wp-class--hide=\"state.isContentHidden\" data-wp-class--show=\"state.isContentVisible\" data-wp-init=\"callbacks.setButtonStyles\" data-wp-on--click=\"actions.showLightbox\" data-wp-on--load=\"callbacks.setButtonStyles\" data-wp-on-window--resize=\"callbacks.setButtonStyles\" src=\"https:\/\/cynyem.com\/wp-content\/uploads\/2025\/06\/1000026252-768x1024.jpg\" alt=\"\" class=\"wp-image-952\" style=\"width:252px;height:auto\" srcset=\"https:\/\/cynyem.com\/wp-content\/uploads\/2025\/06\/1000026252-768x1024.jpg 768w, https:\/\/cynyem.com\/wp-content\/uploads\/2025\/06\/1000026252-225x300.jpg 225w, https:\/\/cynyem.com\/wp-content\/uploads\/2025\/06\/1000026252-1152x1536.jpg 1152w, https:\/\/cynyem.com\/wp-content\/uploads\/2025\/06\/1000026252-1536x2048.jpg 1536w, https:\/\/cynyem.com\/wp-content\/uploads\/2025\/06\/1000026252-scaled.jpg 1920w\" sizes=\"auto, (max-width: 767px) 89vw, (max-width: 1000px) 54vw, (max-width: 1071px) 543px, 580px\" \/><button\n\t\t\tclass=\"lightbox-trigger\"\n\t\t\ttype=\"button\"\n\t\t\taria-haspopup=\"dialog\"\n\t\t\taria-label=\"Agrandir\"\n\t\t\tdata-wp-init=\"callbacks.initTriggerButton\"\n\t\t\tdata-wp-on--click=\"actions.showLightbox\"\n\t\t\tdata-wp-style--right=\"state.imageButtonRight\"\n\t\t\tdata-wp-style--top=\"state.imageButtonTop\"\n\t\t>\n\t\t\t<svg xmlns=\"http:\/\/www.w3.org\/2000\/svg\" width=\"12\" height=\"12\" fill=\"none\" viewBox=\"0 0 12 12\">\n\t\t\t\t<path fill=\"#fff\" d=\"M2 0a2 2 0 0 0-2 2v2h1.5V2a.5.5 0 0 1 .5-.5h2V0H2Zm2 10.5H2a.5.5 0 0 1-.5-.5V8H0v2a2 2 0 0 0 2 2h2v-1.5ZM8 12v-1.5h2a.5.5 0 0 0 .5-.5V8H12v2a2 2 0 0 1-2 2H8Zm2-12a2 2 0 0 1 2 2v2h-1.5V2a.5.5 0 0 0-.5-.5H8V0h2Z\" \/>\n\t\t\t<\/svg>\n\t\t<\/button><\/figure>\n\n\n\n<div class=\"wp-block-columns is-layout-flex wp-container-core-columns-is-layout-9d6595d7 wp-block-columns-is-layout-flex\">\n<div class=\"wp-block-column is-layout-flow wp-block-column-is-layout-flow\">\n<figure data-wp-context=\"{&quot;imageId&quot;:&quot;69e0d6668afdd&quot;}\" data-wp-interactive=\"core\/image\" data-wp-key=\"69e0d6668afdd\" class=\"wp-block-image size-large is-resized wp-lightbox-container\"><img loading=\"lazy\" decoding=\"async\" width=\"686\" height=\"1024\" data-wp-class--hide=\"state.isContentHidden\" data-wp-class--show=\"state.isContentVisible\" data-wp-init=\"callbacks.setButtonStyles\" data-wp-on--click=\"actions.showLightbox\" data-wp-on--load=\"callbacks.setButtonStyles\" data-wp-on-window--resize=\"callbacks.setButtonStyles\" src=\"https:\/\/cynyem.com\/wp-content\/uploads\/2025\/06\/1000026305-686x1024.jpg\" alt=\"\" class=\"wp-image-953\" style=\"width:107px;height:auto\" srcset=\"https:\/\/cynyem.com\/wp-content\/uploads\/2025\/06\/1000026305-686x1024.jpg 686w, https:\/\/cynyem.com\/wp-content\/uploads\/2025\/06\/1000026305-201x300.jpg 201w, https:\/\/cynyem.com\/wp-content\/uploads\/2025\/06\/1000026305-768x1146.jpg 768w, https:\/\/cynyem.com\/wp-content\/uploads\/2025\/06\/1000026305-1029x1536.jpg 1029w, https:\/\/cynyem.com\/wp-content\/uploads\/2025\/06\/1000026305-1372x2048.jpg 1372w, https:\/\/cynyem.com\/wp-content\/uploads\/2025\/06\/1000026305-scaled.jpg 1715w\" sizes=\"auto, (max-width: 686px) 100vw, 686px\" \/><button\n\t\t\tclass=\"lightbox-trigger\"\n\t\t\ttype=\"button\"\n\t\t\taria-haspopup=\"dialog\"\n\t\t\taria-label=\"Agrandir\"\n\t\t\tdata-wp-init=\"callbacks.initTriggerButton\"\n\t\t\tdata-wp-on--click=\"actions.showLightbox\"\n\t\t\tdata-wp-style--right=\"state.imageButtonRight\"\n\t\t\tdata-wp-style--top=\"state.imageButtonTop\"\n\t\t>\n\t\t\t<svg xmlns=\"http:\/\/www.w3.org\/2000\/svg\" width=\"12\" height=\"12\" fill=\"none\" viewBox=\"0 0 12 12\">\n\t\t\t\t<path fill=\"#fff\" d=\"M2 0a2 2 0 0 0-2 2v2h1.5V2a.5.5 0 0 1 .5-.5h2V0H2Zm2 10.5H2a.5.5 0 0 1-.5-.5V8H0v2a2 2 0 0 0 2 2h2v-1.5ZM8 12v-1.5h2a.5.5 0 0 0 .5-.5V8H12v2a2 2 0 0 1-2 2H8Zm2-12a2 2 0 0 1 2 2v2h-1.5V2a.5.5 0 0 0-.5-.5H8V0h2Z\" \/>\n\t\t\t<\/svg>\n\t\t<\/button><figcaption class=\"wp-element-caption\">Pochita 8x6cm<\/figcaption><\/figure>\n<\/div>\n\n\n\n<div class=\"wp-block-column is-layout-flow wp-block-column-is-layout-flow\">\n<figure data-wp-context=\"{&quot;imageId&quot;:&quot;69e0d6668b89c&quot;}\" data-wp-interactive=\"core\/image\" data-wp-key=\"69e0d6668b89c\" class=\"wp-block-image size-large is-resized wp-lightbox-container\"><img loading=\"lazy\" decoding=\"async\" width=\"738\" height=\"1024\" data-wp-class--hide=\"state.isContentHidden\" data-wp-class--show=\"state.isContentVisible\" data-wp-init=\"callbacks.setButtonStyles\" data-wp-on--click=\"actions.showLightbox\" data-wp-on--load=\"callbacks.setButtonStyles\" data-wp-on-window--resize=\"callbacks.setButtonStyles\" src=\"https:\/\/cynyem.com\/wp-content\/uploads\/2025\/06\/1000026308-738x1024.jpg\" alt=\"\" class=\"wp-image-954\" style=\"width:113px;height:auto\" srcset=\"https:\/\/cynyem.com\/wp-content\/uploads\/2025\/06\/1000026308-738x1024.jpg 738w, https:\/\/cynyem.com\/wp-content\/uploads\/2025\/06\/1000026308-216x300.jpg 216w, https:\/\/cynyem.com\/wp-content\/uploads\/2025\/06\/1000026308-768x1065.jpg 768w, https:\/\/cynyem.com\/wp-content\/uploads\/2025\/06\/1000026308-1108x1536.jpg 1108w, https:\/\/cynyem.com\/wp-content\/uploads\/2025\/06\/1000026308-1477x2048.jpg 1477w, https:\/\/cynyem.com\/wp-content\/uploads\/2025\/06\/1000026308.jpg 1761w\" sizes=\"auto, (max-width: 738px) 100vw, 738px\" \/><button\n\t\t\tclass=\"lightbox-trigger\"\n\t\t\ttype=\"button\"\n\t\t\taria-haspopup=\"dialog\"\n\t\t\taria-label=\"Agrandir\"\n\t\t\tdata-wp-init=\"callbacks.initTriggerButton\"\n\t\t\tdata-wp-on--click=\"actions.showLightbox\"\n\t\t\tdata-wp-style--right=\"state.imageButtonRight\"\n\t\t\tdata-wp-style--top=\"state.imageButtonTop\"\n\t\t>\n\t\t\t<svg xmlns=\"http:\/\/www.w3.org\/2000\/svg\" width=\"12\" height=\"12\" fill=\"none\" viewBox=\"0 0 12 12\">\n\t\t\t\t<path fill=\"#fff\" d=\"M2 0a2 2 0 0 0-2 2v2h1.5V2a.5.5 0 0 1 .5-.5h2V0H2Zm2 10.5H2a.5.5 0 0 1-.5-.5V8H0v2a2 2 0 0 0 2 2h2v-1.5ZM8 12v-1.5h2a.5.5 0 0 0 .5-.5V8H12v2a2 2 0 0 1-2 2H8Zm2-12a2 2 0 0 1 2 2v2h-1.5V2a.5.5 0 0 0-.5-.5H8V0h2Z\" \/>\n\t\t\t<\/svg>\n\t\t<\/button><figcaption class=\"wp-element-caption\">M\u00e9m\u00e9 turbo 4x8cm<\/figcaption><\/figure>\n<\/div>\n\n\n\n<div class=\"wp-block-column is-layout-flow wp-block-column-is-layout-flow\">\n<figure data-wp-context=\"{&quot;imageId&quot;:&quot;69e0d6668bdcf&quot;}\" data-wp-interactive=\"core\/image\" data-wp-key=\"69e0d6668bdcf\" class=\"wp-block-image size-large is-resized wp-lightbox-container\"><img loading=\"lazy\" decoding=\"async\" width=\"725\" height=\"1024\" data-wp-class--hide=\"state.isContentHidden\" data-wp-class--show=\"state.isContentVisible\" data-wp-init=\"callbacks.setButtonStyles\" data-wp-on--click=\"actions.showLightbox\" data-wp-on--load=\"callbacks.setButtonStyles\" data-wp-on-window--resize=\"callbacks.setButtonStyles\" src=\"https:\/\/cynyem.com\/wp-content\/uploads\/2025\/06\/1000026311-725x1024.jpg\" alt=\"\" class=\"wp-image-955\" style=\"width:107px;height:auto\" srcset=\"https:\/\/cynyem.com\/wp-content\/uploads\/2025\/06\/1000026311-725x1024.jpg 725w, https:\/\/cynyem.com\/wp-content\/uploads\/2025\/06\/1000026311-212x300.jpg 212w, https:\/\/cynyem.com\/wp-content\/uploads\/2025\/06\/1000026311-768x1085.jpg 768w, https:\/\/cynyem.com\/wp-content\/uploads\/2025\/06\/1000026311-1088x1536.jpg 1088w, https:\/\/cynyem.com\/wp-content\/uploads\/2025\/06\/1000026311-1450x2048.jpg 1450w, https:\/\/cynyem.com\/wp-content\/uploads\/2025\/06\/1000026311-scaled.jpg 1813w\" sizes=\"auto, (max-width: 725px) 100vw, 725px\" \/><button\n\t\t\tclass=\"lightbox-trigger\"\n\t\t\ttype=\"button\"\n\t\t\taria-haspopup=\"dialog\"\n\t\t\taria-label=\"Agrandir\"\n\t\t\tdata-wp-init=\"callbacks.initTriggerButton\"\n\t\t\tdata-wp-on--click=\"actions.showLightbox\"\n\t\t\tdata-wp-style--right=\"state.imageButtonRight\"\n\t\t\tdata-wp-style--top=\"state.imageButtonTop\"\n\t\t>\n\t\t\t<svg xmlns=\"http:\/\/www.w3.org\/2000\/svg\" width=\"12\" height=\"12\" fill=\"none\" viewBox=\"0 0 12 12\">\n\t\t\t\t<path fill=\"#fff\" d=\"M2 0a2 2 0 0 0-2 2v2h1.5V2a.5.5 0 0 1 .5-.5h2V0H2Zm2 10.5H2a.5.5 0 0 1-.5-.5V8H0v2a2 2 0 0 0 2 2h2v-1.5ZM8 12v-1.5h2a.5.5 0 0 0 .5-.5V8H12v2a2 2 0 0 1-2 2H8Zm2-12a2 2 0 0 1 2 2v2h-1.5V2a.5.5 0 0 0-.5-.5H8V0h2Z\" \/>\n\t\t\t<\/svg>\n\t\t<\/button><figcaption class=\"wp-element-caption\">Okarun 9x7cm<\/figcaption><\/figure>\n<\/div>\n<\/div>\n\n\n\n<div class=\"wp-block-columns is-layout-flex wp-container-core-columns-is-layout-9d6595d7 wp-block-columns-is-layout-flex\">\n<div class=\"wp-block-column is-layout-flow wp-block-column-is-layout-flow\">\n<figure data-wp-context=\"{&quot;imageId&quot;:&quot;69e0d6668c3f4&quot;}\" data-wp-interactive=\"core\/image\" data-wp-key=\"69e0d6668c3f4\" class=\"wp-block-image size-large is-resized wp-lightbox-container\"><img loading=\"lazy\" decoding=\"async\" width=\"774\" height=\"1024\" data-wp-class--hide=\"state.isContentHidden\" data-wp-class--show=\"state.isContentVisible\" data-wp-init=\"callbacks.setButtonStyles\" data-wp-on--click=\"actions.showLightbox\" data-wp-on--load=\"callbacks.setButtonStyles\" data-wp-on-window--resize=\"callbacks.setButtonStyles\" src=\"https:\/\/cynyem.com\/wp-content\/uploads\/2025\/06\/1000026306-774x1024.jpg\" alt=\"\" class=\"wp-image-956\" style=\"width:109px;height:auto\" srcset=\"https:\/\/cynyem.com\/wp-content\/uploads\/2025\/06\/1000026306-774x1024.jpg 774w, https:\/\/cynyem.com\/wp-content\/uploads\/2025\/06\/1000026306-227x300.jpg 227w, https:\/\/cynyem.com\/wp-content\/uploads\/2025\/06\/1000026306-768x1016.jpg 768w, https:\/\/cynyem.com\/wp-content\/uploads\/2025\/06\/1000026306-1161x1536.jpg 1161w, https:\/\/cynyem.com\/wp-content\/uploads\/2025\/06\/1000026306-1549x2048.jpg 1549w, https:\/\/cynyem.com\/wp-content\/uploads\/2025\/06\/1000026306-scaled.jpg 1936w\" sizes=\"auto, (max-width: 767px) 89vw, (max-width: 1000px) 54vw, (max-width: 1071px) 543px, 580px\" \/><button\n\t\t\tclass=\"lightbox-trigger\"\n\t\t\ttype=\"button\"\n\t\t\taria-haspopup=\"dialog\"\n\t\t\taria-label=\"Agrandir\"\n\t\t\tdata-wp-init=\"callbacks.initTriggerButton\"\n\t\t\tdata-wp-on--click=\"actions.showLightbox\"\n\t\t\tdata-wp-style--right=\"state.imageButtonRight\"\n\t\t\tdata-wp-style--top=\"state.imageButtonTop\"\n\t\t>\n\t\t\t<svg xmlns=\"http:\/\/www.w3.org\/2000\/svg\" width=\"12\" height=\"12\" fill=\"none\" viewBox=\"0 0 12 12\">\n\t\t\t\t<path fill=\"#fff\" d=\"M2 0a2 2 0 0 0-2 2v2h1.5V2a.5.5 0 0 1 .5-.5h2V0H2Zm2 10.5H2a.5.5 0 0 1-.5-.5V8H0v2a2 2 0 0 0 2 2h2v-1.5ZM8 12v-1.5h2a.5.5 0 0 0 .5-.5V8H12v2a2 2 0 0 1-2 2H8Zm2-12a2 2 0 0 1 2 2v2h-1.5V2a.5.5 0 0 0-.5-.5H8V0h2Z\" \/>\n\t\t\t<\/svg>\n\t\t<\/button><figcaption class=\"wp-element-caption\">Senku 11x5cm<\/figcaption><\/figure>\n<\/div>\n\n\n\n<div class=\"wp-block-column is-layout-flow wp-block-column-is-layout-flow\">\n<figure data-wp-context=\"{&quot;imageId&quot;:&quot;69e0d6668c938&quot;}\" data-wp-interactive=\"core\/image\" data-wp-key=\"69e0d6668c938\" class=\"wp-block-image size-large is-resized wp-lightbox-container\"><img loading=\"lazy\" decoding=\"async\" width=\"665\" height=\"1024\" data-wp-class--hide=\"state.isContentHidden\" data-wp-class--show=\"state.isContentVisible\" data-wp-init=\"callbacks.setButtonStyles\" data-wp-on--click=\"actions.showLightbox\" data-wp-on--load=\"callbacks.setButtonStyles\" data-wp-on-window--resize=\"callbacks.setButtonStyles\" src=\"https:\/\/cynyem.com\/wp-content\/uploads\/2025\/06\/1000026309-665x1024.jpg\" alt=\"\" class=\"wp-image-957\" style=\"width:91px;height:auto\" srcset=\"https:\/\/cynyem.com\/wp-content\/uploads\/2025\/06\/1000026309-665x1024.jpg 665w, https:\/\/cynyem.com\/wp-content\/uploads\/2025\/06\/1000026309-195x300.jpg 195w, https:\/\/cynyem.com\/wp-content\/uploads\/2025\/06\/1000026309-768x1183.jpg 768w, https:\/\/cynyem.com\/wp-content\/uploads\/2025\/06\/1000026309-997x1536.jpg 997w, https:\/\/cynyem.com\/wp-content\/uploads\/2025\/06\/1000026309-1329x2048.jpg 1329w, https:\/\/cynyem.com\/wp-content\/uploads\/2025\/06\/1000026309-scaled.jpg 1661w\" sizes=\"auto, (max-width: 665px) 100vw, 665px\" \/><button\n\t\t\tclass=\"lightbox-trigger\"\n\t\t\ttype=\"button\"\n\t\t\taria-haspopup=\"dialog\"\n\t\t\taria-label=\"Agrandir\"\n\t\t\tdata-wp-init=\"callbacks.initTriggerButton\"\n\t\t\tdata-wp-on--click=\"actions.showLightbox\"\n\t\t\tdata-wp-style--right=\"state.imageButtonRight\"\n\t\t\tdata-wp-style--top=\"state.imageButtonTop\"\n\t\t>\n\t\t\t<svg xmlns=\"http:\/\/www.w3.org\/2000\/svg\" width=\"12\" height=\"12\" fill=\"none\" viewBox=\"0 0 12 12\">\n\t\t\t\t<path fill=\"#fff\" d=\"M2 0a2 2 0 0 0-2 2v2h1.5V2a.5.5 0 0 1 .5-.5h2V0H2Zm2 10.5H2a.5.5 0 0 1-.5-.5V8H0v2a2 2 0 0 0 2 2h2v-1.5ZM8 12v-1.5h2a.5.5 0 0 0 .5-.5V8H12v2a2 2 0 0 1-2 2H8Zm2-12a2 2 0 0 1 2 2v2h-1.5V2a.5.5 0 0 0-.5-.5H8V0h2Z\" \/>\n\t\t\t<\/svg>\n\t\t<\/button><figcaption class=\"wp-element-caption\">Kenny 9x6cm<\/figcaption><\/figure>\n<\/div>\n\n\n\n<div class=\"wp-block-column is-layout-flow wp-block-column-is-layout-flow\">\n<figure data-wp-context=\"{&quot;imageId&quot;:&quot;69e0d6668cde1&quot;}\" data-wp-interactive=\"core\/image\" data-wp-key=\"69e0d6668cde1\" class=\"wp-block-image size-large is-resized wp-lightbox-container\"><img loading=\"lazy\" decoding=\"async\" width=\"740\" height=\"1024\" data-wp-class--hide=\"state.isContentHidden\" data-wp-class--show=\"state.isContentVisible\" data-wp-init=\"callbacks.setButtonStyles\" data-wp-on--click=\"actions.showLightbox\" data-wp-on--load=\"callbacks.setButtonStyles\" data-wp-on-window--resize=\"callbacks.setButtonStyles\" src=\"https:\/\/cynyem.com\/wp-content\/uploads\/2025\/06\/1000026307-740x1024.jpg\" alt=\"\" class=\"wp-image-958\" style=\"width:104px;height:auto\" srcset=\"https:\/\/cynyem.com\/wp-content\/uploads\/2025\/06\/1000026307-740x1024.jpg 740w, https:\/\/cynyem.com\/wp-content\/uploads\/2025\/06\/1000026307-217x300.jpg 217w, https:\/\/cynyem.com\/wp-content\/uploads\/2025\/06\/1000026307-768x1063.jpg 768w, https:\/\/cynyem.com\/wp-content\/uploads\/2025\/06\/1000026307-1109x1536.jpg 1109w, https:\/\/cynyem.com\/wp-content\/uploads\/2025\/06\/1000026307-1479x2048.jpg 1479w, https:\/\/cynyem.com\/wp-content\/uploads\/2025\/06\/1000026307-scaled.jpg 1849w\" sizes=\"auto, (max-width: 706px) 89vw, (max-width: 767px) 82vw, 740px\" \/><button\n\t\t\tclass=\"lightbox-trigger\"\n\t\t\ttype=\"button\"\n\t\t\taria-haspopup=\"dialog\"\n\t\t\taria-label=\"Agrandir\"\n\t\t\tdata-wp-init=\"callbacks.initTriggerButton\"\n\t\t\tdata-wp-on--click=\"actions.showLightbox\"\n\t\t\tdata-wp-style--right=\"state.imageButtonRight\"\n\t\t\tdata-wp-style--top=\"state.imageButtonTop\"\n\t\t>\n\t\t\t<svg xmlns=\"http:\/\/www.w3.org\/2000\/svg\" width=\"12\" height=\"12\" fill=\"none\" viewBox=\"0 0 12 12\">\n\t\t\t\t<path fill=\"#fff\" d=\"M2 0a2 2 0 0 0-2 2v2h1.5V2a.5.5 0 0 1 .5-.5h2V0H2Zm2 10.5H2a.5.5 0 0 1-.5-.5V8H0v2a2 2 0 0 0 2 2h2v-1.5ZM8 12v-1.5h2a.5.5 0 0 0 .5-.5V8H12v2a2 2 0 0 1-2 2H8Zm2-12a2 2 0 0 1 2 2v2h-1.5V2a.5.5 0 0 0-.5-.5H8V0h2Z\" \/>\n\t\t\t<\/svg>\n\t\t<\/button><figcaption class=\"wp-element-caption\">Nyanko Sensei 8x5cm<\/figcaption><\/figure>\n<\/div>\n<\/div>\n\n\n\n<div class=\"wp-block-columns is-layout-flex wp-container-core-columns-is-layout-9d6595d7 wp-block-columns-is-layout-flex\">\n<div class=\"wp-block-column is-layout-flow wp-block-column-is-layout-flow\">\n<figure data-wp-context=\"{&quot;imageId&quot;:&quot;69e0d6668d34e&quot;}\" data-wp-interactive=\"core\/image\" data-wp-key=\"69e0d6668d34e\" class=\"wp-block-image size-large is-resized wp-lightbox-container\"><img loading=\"lazy\" decoding=\"async\" width=\"772\" height=\"1024\" data-wp-class--hide=\"state.isContentHidden\" data-wp-class--show=\"state.isContentVisible\" data-wp-init=\"callbacks.setButtonStyles\" data-wp-on--click=\"actions.showLightbox\" data-wp-on--load=\"callbacks.setButtonStyles\" data-wp-on-window--resize=\"callbacks.setButtonStyles\" src=\"https:\/\/cynyem.com\/wp-content\/uploads\/2025\/06\/1000026310-772x1024.jpg\" alt=\"\" class=\"wp-image-959\" style=\"width:112px;height:auto\" srcset=\"https:\/\/cynyem.com\/wp-content\/uploads\/2025\/06\/1000026310-772x1024.jpg 772w, https:\/\/cynyem.com\/wp-content\/uploads\/2025\/06\/1000026310-226x300.jpg 226w, https:\/\/cynyem.com\/wp-content\/uploads\/2025\/06\/1000026310-768x1019.jpg 768w, https:\/\/cynyem.com\/wp-content\/uploads\/2025\/06\/1000026310-1158x1536.jpg 1158w, https:\/\/cynyem.com\/wp-content\/uploads\/2025\/06\/1000026310-1544x2048.jpg 1544w, https:\/\/cynyem.com\/wp-content\/uploads\/2025\/06\/1000026310-scaled.jpg 1930w\" sizes=\"auto, (max-width: 767px) 89vw, (max-width: 1000px) 54vw, (max-width: 1071px) 543px, 580px\" \/><button\n\t\t\tclass=\"lightbox-trigger\"\n\t\t\ttype=\"button\"\n\t\t\taria-haspopup=\"dialog\"\n\t\t\taria-label=\"Agrandir\"\n\t\t\tdata-wp-init=\"callbacks.initTriggerButton\"\n\t\t\tdata-wp-on--click=\"actions.showLightbox\"\n\t\t\tdata-wp-style--right=\"state.imageButtonRight\"\n\t\t\tdata-wp-style--top=\"state.imageButtonTop\"\n\t\t>\n\t\t\t<svg xmlns=\"http:\/\/www.w3.org\/2000\/svg\" width=\"12\" height=\"12\" fill=\"none\" viewBox=\"0 0 12 12\">\n\t\t\t\t<path fill=\"#fff\" d=\"M2 0a2 2 0 0 0-2 2v2h1.5V2a.5.5 0 0 1 .5-.5h2V0H2Zm2 10.5H2a.5.5 0 0 1-.5-.5V8H0v2a2 2 0 0 0 2 2h2v-1.5ZM8 12v-1.5h2a.5.5 0 0 0 .5-.5V8H12v2a2 2 0 0 1-2 2H8Zm2-12a2 2 0 0 1 2 2v2h-1.5V2a.5.5 0 0 0-.5-.5H8V0h2Z\" \/>\n\t\t\t<\/svg>\n\t\t<\/button><figcaption class=\"wp-element-caption\">Chopper 6x4cm<\/figcaption><\/figure>\n<\/div>\n\n\n\n<div class=\"wp-block-column is-layout-flow wp-block-column-is-layout-flow\"><\/div>\n\n\n\n<div class=\"wp-block-column is-layout-flow wp-block-column-is-layout-flow\"><\/div>\n<\/div>\n\n\n\n<p>Donne une touche unique \u00e0 tes cl\u00e9s ou ton sac  avec ces porte-cl\u00e9s anime faits main!<\/p>\n\n\n\n<p>R\u00e9alis\u00e9 aux feutres textile .<\/p>\n\n\n\n<p>Entretien : Lavage \u00e0 la main d\u00e9licat, s\u00e9chage  a l&rsquo;air libre<\/p>\n\n\n\n<p>Mati\u00e8re : Coton avec enduit de protection imperm\u00e9abilisant sur le dessin<\/p>\n\n\n\n<p>Taille : En l\u00e9gende  sous chaque photo <\/p>\n\n\n\n<h2 class=\"wp-block-heading has-black-color has-text-color has-link-color wp-elements-cd42c83e56124cb532cd16909d10ce96\"><strong>5,90<\/strong> <strong>euros<\/strong><\/h2>\n\n\n\n<p>\u00e0 partir de<\/p>\n\n\n\n<p>Livraison la poste gratuite<\/p>\n\n\n<form action=\"https:\/\/www.paypal.com\/cgi-bin\/webscr\" method=\"post\" target=\"_blank\">\n  <input type=\"hidden\" name=\"cmd\" value=\"_s-xclick\" \/><br \/>\n  <input type=\"hidden\" name=\"hosted_button_id\" value=\"2CFUK52EDBLGG\" \/><\/p>\n<table>\n<tr>\n<td>\n        <input type=\"hidden\" name=\"on0\" value=\"Personnages\"\/><br \/>\n        Personnages\n      <\/td>\n<\/tr>\n<tr>\n<td>\n        <select name=\"os0\"><option value=\"Kenny\"><br \/>\n            Kenny 6,90 \u20ac EUR<br \/>\n          <\/option><option value=\"Okarun\"><br \/>\n            Okarun 6,90 \u20ac EUR<br \/>\n          <\/option><option value=\"Nyanko Sensei\"><br \/>\n            Nyanko Sensei 6,90 \u20ac EUR<br \/>\n          <\/option><option value=\"Meme turbo\"><br \/>\n            Meme turbo 5,90 \u20ac EUR<br \/>\n          <\/option><option value=\"Senku\"><br \/>\n            Senku 6,90 \u20ac EUR<br \/>\n          <\/option><option value=\"Pochita\"><br \/>\n            Pochita 6,90 \u20ac EUR<br \/>\n          <\/option><option value=\"Chopper \"><br \/>\n            Chopper  5,90 \u20ac EUR<br \/>\n          <\/option><\/select>\n      <\/td>\n<\/tr>\n<\/table>\n<p>  <input type=\"hidden\" name=\"currency_code\" value=\"EUR\" \/><br \/>\n  <input type=\"image\" src=\"https:\/\/cynyem.com\/wp-content\/uploads\/2024\/07\/acheter-cynyemcom-1.jpg\" border=\"0\" name=\"submit\" title=\"PayPal, votre r\u00e9flexe s\u00e9curit\u00e9 pour payer en ligne.\" alt=\"Ajouter au panier\" \/><br \/>\n<\/form>\n","protected":false},"excerpt":{"rendered":"<p>Donne une touche unique \u00e0 tes cl\u00e9s ou ton sac avec ces porte-cl\u00e9s anime faits main! R\u00e9alis\u00e9 aux feutres textile . Entretien : Lavage \u00e0 la main d\u00e9licat, s\u00e9chage a l&rsquo;air libre Mati\u00e8re : Coton avec enduit de protection imperm\u00e9abilisant sur le dessin Taille : En l\u00e9gende sous chaque photo 5,90 euros \u00e0 partir de &hellip; <\/p>\n<p class=\"link-more\"><a href=\"https:\/\/cynyem.com\/index.php\/porte-cles-anime\/\" class=\"more-link\">Continuer la lecture<span class=\"screen-reader-text\"> de &laquo;&nbsp;Porte-cl\u00e9s anime&nbsp;&raquo;<\/span><\/a><\/p>\n","protected":false},"author":1,"featured_media":0,"parent":0,"menu_order":0,"comment_status":"closed","ping_status":"closed","template":"","meta":{"_glsr_average":0,"_glsr_ranking":0,"_glsr_reviews":0,"footnotes":""},"class_list":["post-951","page","type-page","status-publish","hentry"],"_links":{"self":[{"href":"https:\/\/cynyem.com\/index.php\/wp-json\/wp\/v2\/pages\/951","targetHints":{"allow":["GET"]}}],"collection":[{"href":"https:\/\/cynyem.com\/index.php\/wp-json\/wp\/v2\/pages"}],"about":[{"href":"https:\/\/cynyem.com\/index.php\/wp-json\/wp\/v2\/types\/page"}],"author":[{"embeddable":true,"href":"https:\/\/cynyem.com\/index.php\/wp-json\/wp\/v2\/users\/1"}],"replies":[{"embeddable":true,"href":"https:\/\/cynyem.com\/index.php\/wp-json\/wp\/v2\/comments?post=951"}],"version-history":[{"count":12,"href":"https:\/\/cynyem.com\/index.php\/wp-json\/wp\/v2\/pages\/951\/revisions"}],"predecessor-version":[{"id":974,"href":"https:\/\/cynyem.com\/index.php\/wp-json\/wp\/v2\/pages\/951\/revisions\/974"}],"wp:attachment":[{"href":"https:\/\/cynyem.com\/index.php\/wp-json\/wp\/v2\/media?parent=951"}],"curies":[{"name":"wp","href":"https:\/\/api.w.org\/{rel}","templated":true}]}}