{"id":925,"date":"2025-06-19T16:16:21","date_gmt":"2025-06-19T14:16:21","guid":{"rendered":"https:\/\/cynyem.com\/?page_id=925"},"modified":"2025-06-19T18:41:23","modified_gmt":"2025-06-19T16:41:23","slug":"porte-cles-en-soie-fleur-de-vie","status":"publish","type":"page","link":"https:\/\/cynyem.com\/index.php\/porte-cles-en-soie-fleur-de-vie\/","title":{"rendered":"Porte-cl\u00e9s en soie fleur de vie"},"content":{"rendered":"\n<figure data-wp-context=\"{&quot;imageId&quot;:&quot;69f1c6a136a97&quot;}\" data-wp-interactive=\"core\/image\" data-wp-key=\"69f1c6a136a97\" class=\"wp-block-image size-large is-resized wp-lightbox-container\"><img loading=\"lazy\" decoding=\"async\" width=\"768\" height=\"1024\" data-wp-class--hide=\"state.isContentHidden\" data-wp-class--show=\"state.isContentVisible\" data-wp-init=\"callbacks.setButtonStyles\" data-wp-on--click=\"actions.showLightbox\" data-wp-on--load=\"callbacks.setButtonStyles\" data-wp-on-window--resize=\"callbacks.setButtonStyles\" src=\"https:\/\/cynyem.com\/wp-content\/uploads\/2025\/06\/1000026204-768x1024.jpg\" alt=\"\" class=\"wp-image-926\" style=\"width:252px;height:auto\" srcset=\"https:\/\/cynyem.com\/wp-content\/uploads\/2025\/06\/1000026204-768x1024.jpg 768w, https:\/\/cynyem.com\/wp-content\/uploads\/2025\/06\/1000026204-225x300.jpg 225w, https:\/\/cynyem.com\/wp-content\/uploads\/2025\/06\/1000026204-1152x1536.jpg 1152w, https:\/\/cynyem.com\/wp-content\/uploads\/2025\/06\/1000026204-1536x2048.jpg 1536w, https:\/\/cynyem.com\/wp-content\/uploads\/2025\/06\/1000026204-scaled.jpg 1920w\" sizes=\"auto, (max-width: 767px) 89vw, (max-width: 1000px) 54vw, (max-width: 1071px) 543px, 580px\" \/><button\n\t\t\tclass=\"lightbox-trigger\"\n\t\t\ttype=\"button\"\n\t\t\taria-haspopup=\"dialog\"\n\t\t\taria-label=\"Agrandir\"\n\t\t\tdata-wp-init=\"callbacks.initTriggerButton\"\n\t\t\tdata-wp-on--click=\"actions.showLightbox\"\n\t\t\tdata-wp-style--right=\"state.imageButtonRight\"\n\t\t\tdata-wp-style--top=\"state.imageButtonTop\"\n\t\t>\n\t\t\t<svg xmlns=\"http:\/\/www.w3.org\/2000\/svg\" width=\"12\" height=\"12\" fill=\"none\" viewBox=\"0 0 12 12\">\n\t\t\t\t<path fill=\"#fff\" d=\"M2 0a2 2 0 0 0-2 2v2h1.5V2a.5.5 0 0 1 .5-.5h2V0H2Zm2 10.5H2a.5.5 0 0 1-.5-.5V8H0v2a2 2 0 0 0 2 2h2v-1.5ZM8 12v-1.5h2a.5.5 0 0 0 .5-.5V8H12v2a2 2 0 0 1-2 2H8Zm2-12a2 2 0 0 1 2 2v2h-1.5V2a.5.5 0 0 0-.5-.5H8V0h2Z\" \/>\n\t\t\t<\/svg>\n\t\t<\/button><\/figure>\n\n\n\n<div class=\"wp-block-columns is-layout-flex wp-container-core-columns-is-layout-9d6595d7 wp-block-columns-is-layout-flex\">\n<div class=\"wp-block-column is-layout-flow wp-block-column-is-layout-flow\">\n<figure data-wp-context=\"{&quot;imageId&quot;:&quot;69f1c6a1370ea&quot;}\" data-wp-interactive=\"core\/image\" data-wp-key=\"69f1c6a1370ea\" class=\"wp-block-image size-large is-resized wp-lightbox-container\"><img loading=\"lazy\" decoding=\"async\" width=\"1024\" height=\"768\" data-wp-class--hide=\"state.isContentHidden\" data-wp-class--show=\"state.isContentVisible\" data-wp-init=\"callbacks.setButtonStyles\" data-wp-on--click=\"actions.showLightbox\" data-wp-on--load=\"callbacks.setButtonStyles\" data-wp-on-window--resize=\"callbacks.setButtonStyles\" src=\"https:\/\/cynyem.com\/wp-content\/uploads\/2025\/06\/1000026203-1024x768.jpg\" alt=\"\" class=\"wp-image-927\" style=\"width:177px;height:auto\" srcset=\"https:\/\/cynyem.com\/wp-content\/uploads\/2025\/06\/1000026203-1024x768.jpg 1024w, https:\/\/cynyem.com\/wp-content\/uploads\/2025\/06\/1000026203-300x225.jpg 300w, https:\/\/cynyem.com\/wp-content\/uploads\/2025\/06\/1000026203-768x576.jpg 768w, https:\/\/cynyem.com\/wp-content\/uploads\/2025\/06\/1000026203-1536x1152.jpg 1536w, https:\/\/cynyem.com\/wp-content\/uploads\/2025\/06\/1000026203-2048x1536.jpg 2048w\" sizes=\"auto, (max-width: 767px) 89vw, (max-width: 1000px) 54vw, (max-width: 1071px) 543px, 580px\" \/><button\n\t\t\tclass=\"lightbox-trigger\"\n\t\t\ttype=\"button\"\n\t\t\taria-haspopup=\"dialog\"\n\t\t\taria-label=\"Agrandir\"\n\t\t\tdata-wp-init=\"callbacks.initTriggerButton\"\n\t\t\tdata-wp-on--click=\"actions.showLightbox\"\n\t\t\tdata-wp-style--right=\"state.imageButtonRight\"\n\t\t\tdata-wp-style--top=\"state.imageButtonTop\"\n\t\t>\n\t\t\t<svg xmlns=\"http:\/\/www.w3.org\/2000\/svg\" width=\"12\" height=\"12\" fill=\"none\" viewBox=\"0 0 12 12\">\n\t\t\t\t<path fill=\"#fff\" d=\"M2 0a2 2 0 0 0-2 2v2h1.5V2a.5.5 0 0 1 .5-.5h2V0H2Zm2 10.5H2a.5.5 0 0 1-.5-.5V8H0v2a2 2 0 0 0 2 2h2v-1.5ZM8 12v-1.5h2a.5.5 0 0 0 .5-.5V8H12v2a2 2 0 0 1-2 2H8Zm2-12a2 2 0 0 1 2 2v2h-1.5V2a.5.5 0 0 0-.5-.5H8V0h2Z\" \/>\n\t\t\t<\/svg>\n\t\t<\/button><\/figure>\n<\/div>\n\n\n\n<div class=\"wp-block-column is-layout-flow wp-block-column-is-layout-flow\">\n<figure data-wp-context=\"{&quot;imageId&quot;:&quot;69f1c6a13795a&quot;}\" data-wp-interactive=\"core\/image\" data-wp-key=\"69f1c6a13795a\" class=\"wp-block-image size-large is-resized wp-lightbox-container\"><img loading=\"lazy\" decoding=\"async\" width=\"1024\" height=\"768\" data-wp-class--hide=\"state.isContentHidden\" data-wp-class--show=\"state.isContentVisible\" data-wp-init=\"callbacks.setButtonStyles\" data-wp-on--click=\"actions.showLightbox\" data-wp-on--load=\"callbacks.setButtonStyles\" data-wp-on-window--resize=\"callbacks.setButtonStyles\" src=\"https:\/\/cynyem.com\/wp-content\/uploads\/2025\/06\/1000026211-1024x768.jpg\" alt=\"\" class=\"wp-image-928\" style=\"width:164px;height:auto\" srcset=\"https:\/\/cynyem.com\/wp-content\/uploads\/2025\/06\/1000026211-1024x768.jpg 1024w, https:\/\/cynyem.com\/wp-content\/uploads\/2025\/06\/1000026211-300x225.jpg 300w, https:\/\/cynyem.com\/wp-content\/uploads\/2025\/06\/1000026211-768x576.jpg 768w, https:\/\/cynyem.com\/wp-content\/uploads\/2025\/06\/1000026211-1536x1152.jpg 1536w, https:\/\/cynyem.com\/wp-content\/uploads\/2025\/06\/1000026211-2048x1536.jpg 2048w\" sizes=\"auto, (max-width: 767px) 89vw, (max-width: 1000px) 54vw, (max-width: 1071px) 543px, 580px\" \/><button\n\t\t\tclass=\"lightbox-trigger\"\n\t\t\ttype=\"button\"\n\t\t\taria-haspopup=\"dialog\"\n\t\t\taria-label=\"Agrandir\"\n\t\t\tdata-wp-init=\"callbacks.initTriggerButton\"\n\t\t\tdata-wp-on--click=\"actions.showLightbox\"\n\t\t\tdata-wp-style--right=\"state.imageButtonRight\"\n\t\t\tdata-wp-style--top=\"state.imageButtonTop\"\n\t\t>\n\t\t\t<svg xmlns=\"http:\/\/www.w3.org\/2000\/svg\" width=\"12\" height=\"12\" fill=\"none\" viewBox=\"0 0 12 12\">\n\t\t\t\t<path fill=\"#fff\" d=\"M2 0a2 2 0 0 0-2 2v2h1.5V2a.5.5 0 0 1 .5-.5h2V0H2Zm2 10.5H2a.5.5 0 0 1-.5-.5V8H0v2a2 2 0 0 0 2 2h2v-1.5ZM8 12v-1.5h2a.5.5 0 0 0 .5-.5V8H12v2a2 2 0 0 1-2 2H8Zm2-12a2 2 0 0 1 2 2v2h-1.5V2a.5.5 0 0 0-.5-.5H8V0h2Z\" \/>\n\t\t\t<\/svg>\n\t\t<\/button><\/figure>\n<\/div>\n\n\n\n<div class=\"wp-block-column is-layout-flow wp-block-column-is-layout-flow\">\n<figure data-wp-context=\"{&quot;imageId&quot;:&quot;69f1c6a137e8f&quot;}\" data-wp-interactive=\"core\/image\" data-wp-key=\"69f1c6a137e8f\" class=\"wp-block-image size-large is-resized wp-lightbox-container\"><img loading=\"lazy\" decoding=\"async\" width=\"768\" height=\"1024\" data-wp-class--hide=\"state.isContentHidden\" data-wp-class--show=\"state.isContentVisible\" data-wp-init=\"callbacks.setButtonStyles\" data-wp-on--click=\"actions.showLightbox\" data-wp-on--load=\"callbacks.setButtonStyles\" data-wp-on-window--resize=\"callbacks.setButtonStyles\" src=\"https:\/\/cynyem.com\/wp-content\/uploads\/2025\/06\/1000026207-768x1024.jpg\" alt=\"\" class=\"wp-image-929\" style=\"width:92px;height:auto\" srcset=\"https:\/\/cynyem.com\/wp-content\/uploads\/2025\/06\/1000026207-768x1024.jpg 768w, https:\/\/cynyem.com\/wp-content\/uploads\/2025\/06\/1000026207-225x300.jpg 225w, https:\/\/cynyem.com\/wp-content\/uploads\/2025\/06\/1000026207-scaled.jpg 1920w\" sizes=\"auto, (max-width: 767px) 89vw, (max-width: 1000px) 54vw, (max-width: 1071px) 543px, 580px\" \/><button\n\t\t\tclass=\"lightbox-trigger\"\n\t\t\ttype=\"button\"\n\t\t\taria-haspopup=\"dialog\"\n\t\t\taria-label=\"Agrandir\"\n\t\t\tdata-wp-init=\"callbacks.initTriggerButton\"\n\t\t\tdata-wp-on--click=\"actions.showLightbox\"\n\t\t\tdata-wp-style--right=\"state.imageButtonRight\"\n\t\t\tdata-wp-style--top=\"state.imageButtonTop\"\n\t\t>\n\t\t\t<svg xmlns=\"http:\/\/www.w3.org\/2000\/svg\" width=\"12\" height=\"12\" fill=\"none\" viewBox=\"0 0 12 12\">\n\t\t\t\t<path fill=\"#fff\" d=\"M2 0a2 2 0 0 0-2 2v2h1.5V2a.5.5 0 0 1 .5-.5h2V0H2Zm2 10.5H2a.5.5 0 0 1-.5-.5V8H0v2a2 2 0 0 0 2 2h2v-1.5ZM8 12v-1.5h2a.5.5 0 0 0 .5-.5V8H12v2a2 2 0 0 1-2 2H8Zm2-12a2 2 0 0 1 2 2v2h-1.5V2a.5.5 0 0 0-.5-.5H8V0h2Z\" \/>\n\t\t\t<\/svg>\n\t\t<\/button><\/figure>\n<\/div>\n<\/div>\n\n\n\n<div class=\"wp-block-columns is-layout-flex wp-container-core-columns-is-layout-9d6595d7 wp-block-columns-is-layout-flex\">\n<div class=\"wp-block-column is-layout-flow wp-block-column-is-layout-flow\">\n<figure data-wp-context=\"{&quot;imageId&quot;:&quot;69f1c6a138400&quot;}\" data-wp-interactive=\"core\/image\" data-wp-key=\"69f1c6a138400\" class=\"wp-block-image size-large is-resized wp-lightbox-container\"><img loading=\"lazy\" decoding=\"async\" width=\"768\" height=\"1024\" data-wp-class--hide=\"state.isContentHidden\" data-wp-class--show=\"state.isContentVisible\" data-wp-init=\"callbacks.setButtonStyles\" data-wp-on--click=\"actions.showLightbox\" data-wp-on--load=\"callbacks.setButtonStyles\" data-wp-on-window--resize=\"callbacks.setButtonStyles\" src=\"https:\/\/cynyem.com\/wp-content\/uploads\/2025\/06\/1000026206-768x1024.jpg\" alt=\"\" class=\"wp-image-930\" style=\"width:105px;height:auto\" srcset=\"https:\/\/cynyem.com\/wp-content\/uploads\/2025\/06\/1000026206-768x1024.jpg 768w, https:\/\/cynyem.com\/wp-content\/uploads\/2025\/06\/1000026206-225x300.jpg 225w, https:\/\/cynyem.com\/wp-content\/uploads\/2025\/06\/1000026206-1152x1536.jpg 1152w, https:\/\/cynyem.com\/wp-content\/uploads\/2025\/06\/1000026206-1536x2048.jpg 1536w, https:\/\/cynyem.com\/wp-content\/uploads\/2025\/06\/1000026206-scaled.jpg 1920w\" sizes=\"auto, (max-width: 767px) 89vw, (max-width: 1000px) 54vw, (max-width: 1071px) 543px, 580px\" \/><button\n\t\t\tclass=\"lightbox-trigger\"\n\t\t\ttype=\"button\"\n\t\t\taria-haspopup=\"dialog\"\n\t\t\taria-label=\"Agrandir\"\n\t\t\tdata-wp-init=\"callbacks.initTriggerButton\"\n\t\t\tdata-wp-on--click=\"actions.showLightbox\"\n\t\t\tdata-wp-style--right=\"state.imageButtonRight\"\n\t\t\tdata-wp-style--top=\"state.imageButtonTop\"\n\t\t>\n\t\t\t<svg xmlns=\"http:\/\/www.w3.org\/2000\/svg\" width=\"12\" height=\"12\" fill=\"none\" viewBox=\"0 0 12 12\">\n\t\t\t\t<path fill=\"#fff\" d=\"M2 0a2 2 0 0 0-2 2v2h1.5V2a.5.5 0 0 1 .5-.5h2V0H2Zm2 10.5H2a.5.5 0 0 1-.5-.5V8H0v2a2 2 0 0 0 2 2h2v-1.5ZM8 12v-1.5h2a.5.5 0 0 0 .5-.5V8H12v2a2 2 0 0 1-2 2H8Zm2-12a2 2 0 0 1 2 2v2h-1.5V2a.5.5 0 0 0-.5-.5H8V0h2Z\" \/>\n\t\t\t<\/svg>\n\t\t<\/button><\/figure>\n<\/div>\n\n\n\n<div class=\"wp-block-column is-layout-flow wp-block-column-is-layout-flow\">\n<figure data-wp-context=\"{&quot;imageId&quot;:&quot;69f1c6a1388f2&quot;}\" data-wp-interactive=\"core\/image\" data-wp-key=\"69f1c6a1388f2\" class=\"wp-block-image size-large is-resized wp-lightbox-container\"><img loading=\"lazy\" decoding=\"async\" width=\"768\" height=\"1024\" data-wp-class--hide=\"state.isContentHidden\" data-wp-class--show=\"state.isContentVisible\" data-wp-init=\"callbacks.setButtonStyles\" data-wp-on--click=\"actions.showLightbox\" data-wp-on--load=\"callbacks.setButtonStyles\" data-wp-on-window--resize=\"callbacks.setButtonStyles\" src=\"https:\/\/cynyem.com\/wp-content\/uploads\/2025\/06\/1000026208-768x1024.jpg\" alt=\"\" class=\"wp-image-931\" style=\"width:103px;height:auto\" srcset=\"https:\/\/cynyem.com\/wp-content\/uploads\/2025\/06\/1000026208-768x1024.jpg 768w, https:\/\/cynyem.com\/wp-content\/uploads\/2025\/06\/1000026208-225x300.jpg 225w, https:\/\/cynyem.com\/wp-content\/uploads\/2025\/06\/1000026208-1152x1536.jpg 1152w, https:\/\/cynyem.com\/wp-content\/uploads\/2025\/06\/1000026208-1536x2048.jpg 1536w, https:\/\/cynyem.com\/wp-content\/uploads\/2025\/06\/1000026208-scaled.jpg 1920w\" sizes=\"auto, (max-width: 767px) 89vw, (max-width: 1000px) 54vw, (max-width: 1071px) 543px, 580px\" \/><button\n\t\t\tclass=\"lightbox-trigger\"\n\t\t\ttype=\"button\"\n\t\t\taria-haspopup=\"dialog\"\n\t\t\taria-label=\"Agrandir\"\n\t\t\tdata-wp-init=\"callbacks.initTriggerButton\"\n\t\t\tdata-wp-on--click=\"actions.showLightbox\"\n\t\t\tdata-wp-style--right=\"state.imageButtonRight\"\n\t\t\tdata-wp-style--top=\"state.imageButtonTop\"\n\t\t>\n\t\t\t<svg xmlns=\"http:\/\/www.w3.org\/2000\/svg\" width=\"12\" height=\"12\" fill=\"none\" viewBox=\"0 0 12 12\">\n\t\t\t\t<path fill=\"#fff\" d=\"M2 0a2 2 0 0 0-2 2v2h1.5V2a.5.5 0 0 1 .5-.5h2V0H2Zm2 10.5H2a.5.5 0 0 1-.5-.5V8H0v2a2 2 0 0 0 2 2h2v-1.5ZM8 12v-1.5h2a.5.5 0 0 0 .5-.5V8H12v2a2 2 0 0 1-2 2H8Zm2-12a2 2 0 0 1 2 2v2h-1.5V2a.5.5 0 0 0-.5-.5H8V0h2Z\" \/>\n\t\t\t<\/svg>\n\t\t<\/button><\/figure>\n<\/div>\n\n\n\n<div class=\"wp-block-column is-layout-flow wp-block-column-is-layout-flow\">\n<figure data-wp-context=\"{&quot;imageId&quot;:&quot;69f1c6a138e3c&quot;}\" data-wp-interactive=\"core\/image\" data-wp-key=\"69f1c6a138e3c\" class=\"wp-block-image size-large is-resized wp-lightbox-container\"><img loading=\"lazy\" decoding=\"async\" width=\"768\" height=\"1024\" data-wp-class--hide=\"state.isContentHidden\" data-wp-class--show=\"state.isContentVisible\" data-wp-init=\"callbacks.setButtonStyles\" data-wp-on--click=\"actions.showLightbox\" data-wp-on--load=\"callbacks.setButtonStyles\" data-wp-on-window--resize=\"callbacks.setButtonStyles\" src=\"https:\/\/cynyem.com\/wp-content\/uploads\/2025\/06\/1000026209-768x1024.jpg\" alt=\"\" class=\"wp-image-932\" style=\"width:104px;height:auto\" srcset=\"https:\/\/cynyem.com\/wp-content\/uploads\/2025\/06\/1000026209-768x1024.jpg 768w, https:\/\/cynyem.com\/wp-content\/uploads\/2025\/06\/1000026209-225x300.jpg 225w, https:\/\/cynyem.com\/wp-content\/uploads\/2025\/06\/1000026209-1152x1536.jpg 1152w, https:\/\/cynyem.com\/wp-content\/uploads\/2025\/06\/1000026209-1536x2048.jpg 1536w, https:\/\/cynyem.com\/wp-content\/uploads\/2025\/06\/1000026209-scaled.jpg 1920w\" sizes=\"auto, (max-width: 767px) 89vw, (max-width: 1000px) 54vw, (max-width: 1071px) 543px, 580px\" \/><button\n\t\t\tclass=\"lightbox-trigger\"\n\t\t\ttype=\"button\"\n\t\t\taria-haspopup=\"dialog\"\n\t\t\taria-label=\"Agrandir\"\n\t\t\tdata-wp-init=\"callbacks.initTriggerButton\"\n\t\t\tdata-wp-on--click=\"actions.showLightbox\"\n\t\t\tdata-wp-style--right=\"state.imageButtonRight\"\n\t\t\tdata-wp-style--top=\"state.imageButtonTop\"\n\t\t>\n\t\t\t<svg xmlns=\"http:\/\/www.w3.org\/2000\/svg\" width=\"12\" height=\"12\" fill=\"none\" viewBox=\"0 0 12 12\">\n\t\t\t\t<path fill=\"#fff\" d=\"M2 0a2 2 0 0 0-2 2v2h1.5V2a.5.5 0 0 1 .5-.5h2V0H2Zm2 10.5H2a.5.5 0 0 1-.5-.5V8H0v2a2 2 0 0 0 2 2h2v-1.5ZM8 12v-1.5h2a.5.5 0 0 0 .5-.5V8H12v2a2 2 0 0 1-2 2H8Zm2-12a2 2 0 0 1 2 2v2h-1.5V2a.5.5 0 0 0-.5-.5H8V0h2Z\" \/>\n\t\t\t<\/svg>\n\t\t<\/button><\/figure>\n<\/div>\n<\/div>\n\n\n\n<div class=\"wp-block-columns is-layout-flex wp-container-core-columns-is-layout-9d6595d7 wp-block-columns-is-layout-flex\">\n<div class=\"wp-block-column is-layout-flow wp-block-column-is-layout-flow\">\n<figure data-wp-context=\"{&quot;imageId&quot;:&quot;69f1c6a1393d1&quot;}\" data-wp-interactive=\"core\/image\" data-wp-key=\"69f1c6a1393d1\" class=\"wp-block-image size-large is-resized wp-lightbox-container\"><img loading=\"lazy\" decoding=\"async\" width=\"768\" height=\"1024\" data-wp-class--hide=\"state.isContentHidden\" data-wp-class--show=\"state.isContentVisible\" data-wp-init=\"callbacks.setButtonStyles\" data-wp-on--click=\"actions.showLightbox\" data-wp-on--load=\"callbacks.setButtonStyles\" data-wp-on-window--resize=\"callbacks.setButtonStyles\" src=\"https:\/\/cynyem.com\/wp-content\/uploads\/2025\/06\/1000026255-768x1024.jpg\" alt=\"\" class=\"wp-image-933\" style=\"width:112px;height:auto\" srcset=\"https:\/\/cynyem.com\/wp-content\/uploads\/2025\/06\/1000026255-768x1024.jpg 768w, https:\/\/cynyem.com\/wp-content\/uploads\/2025\/06\/1000026255-225x300.jpg 225w, https:\/\/cynyem.com\/wp-content\/uploads\/2025\/06\/1000026255-1152x1536.jpg 1152w, https:\/\/cynyem.com\/wp-content\/uploads\/2025\/06\/1000026255-1536x2048.jpg 1536w, https:\/\/cynyem.com\/wp-content\/uploads\/2025\/06\/1000026255-scaled.jpg 1920w\" sizes=\"auto, (max-width: 767px) 89vw, (max-width: 1000px) 54vw, (max-width: 1071px) 543px, 580px\" \/><button\n\t\t\tclass=\"lightbox-trigger\"\n\t\t\ttype=\"button\"\n\t\t\taria-haspopup=\"dialog\"\n\t\t\taria-label=\"Agrandir\"\n\t\t\tdata-wp-init=\"callbacks.initTriggerButton\"\n\t\t\tdata-wp-on--click=\"actions.showLightbox\"\n\t\t\tdata-wp-style--right=\"state.imageButtonRight\"\n\t\t\tdata-wp-style--top=\"state.imageButtonTop\"\n\t\t>\n\t\t\t<svg xmlns=\"http:\/\/www.w3.org\/2000\/svg\" width=\"12\" height=\"12\" fill=\"none\" viewBox=\"0 0 12 12\">\n\t\t\t\t<path fill=\"#fff\" d=\"M2 0a2 2 0 0 0-2 2v2h1.5V2a.5.5 0 0 1 .5-.5h2V0H2Zm2 10.5H2a.5.5 0 0 1-.5-.5V8H0v2a2 2 0 0 0 2 2h2v-1.5ZM8 12v-1.5h2a.5.5 0 0 0 .5-.5V8H12v2a2 2 0 0 1-2 2H8Zm2-12a2 2 0 0 1 2 2v2h-1.5V2a.5.5 0 0 0-.5-.5H8V0h2Z\" \/>\n\t\t\t<\/svg>\n\t\t<\/button><\/figure>\n<\/div>\n\n\n\n<div class=\"wp-block-column is-layout-flow wp-block-column-is-layout-flow\">\n<figure data-wp-context=\"{&quot;imageId&quot;:&quot;69f1c6a139922&quot;}\" data-wp-interactive=\"core\/image\" data-wp-key=\"69f1c6a139922\" class=\"wp-block-image size-large is-resized wp-lightbox-container\"><img loading=\"lazy\" decoding=\"async\" width=\"768\" height=\"1024\" data-wp-class--hide=\"state.isContentHidden\" data-wp-class--show=\"state.isContentVisible\" data-wp-init=\"callbacks.setButtonStyles\" data-wp-on--click=\"actions.showLightbox\" data-wp-on--load=\"callbacks.setButtonStyles\" data-wp-on-window--resize=\"callbacks.setButtonStyles\" src=\"https:\/\/cynyem.com\/wp-content\/uploads\/2025\/06\/1000026254-768x1024.jpg\" alt=\"\" class=\"wp-image-934\" style=\"width:110px;height:auto\" srcset=\"https:\/\/cynyem.com\/wp-content\/uploads\/2025\/06\/1000026254-768x1024.jpg 768w, https:\/\/cynyem.com\/wp-content\/uploads\/2025\/06\/1000026254-225x300.jpg 225w, https:\/\/cynyem.com\/wp-content\/uploads\/2025\/06\/1000026254-1152x1536.jpg 1152w, https:\/\/cynyem.com\/wp-content\/uploads\/2025\/06\/1000026254-1536x2048.jpg 1536w, https:\/\/cynyem.com\/wp-content\/uploads\/2025\/06\/1000026254-scaled.jpg 1920w\" sizes=\"auto, (max-width: 767px) 89vw, (max-width: 1000px) 54vw, (max-width: 1071px) 543px, 580px\" \/><button\n\t\t\tclass=\"lightbox-trigger\"\n\t\t\ttype=\"button\"\n\t\t\taria-haspopup=\"dialog\"\n\t\t\taria-label=\"Agrandir\"\n\t\t\tdata-wp-init=\"callbacks.initTriggerButton\"\n\t\t\tdata-wp-on--click=\"actions.showLightbox\"\n\t\t\tdata-wp-style--right=\"state.imageButtonRight\"\n\t\t\tdata-wp-style--top=\"state.imageButtonTop\"\n\t\t>\n\t\t\t<svg xmlns=\"http:\/\/www.w3.org\/2000\/svg\" width=\"12\" height=\"12\" fill=\"none\" viewBox=\"0 0 12 12\">\n\t\t\t\t<path fill=\"#fff\" d=\"M2 0a2 2 0 0 0-2 2v2h1.5V2a.5.5 0 0 1 .5-.5h2V0H2Zm2 10.5H2a.5.5 0 0 1-.5-.5V8H0v2a2 2 0 0 0 2 2h2v-1.5ZM8 12v-1.5h2a.5.5 0 0 0 .5-.5V8H12v2a2 2 0 0 1-2 2H8Zm2-12a2 2 0 0 1 2 2v2h-1.5V2a.5.5 0 0 0-.5-.5H8V0h2Z\" \/>\n\t\t\t<\/svg>\n\t\t<\/button><\/figure>\n<\/div>\n\n\n\n<div class=\"wp-block-column is-layout-flow wp-block-column-is-layout-flow\"><\/div>\n<\/div>\n\n\n\n<p>Cet accessoire est parfait pour ajouter une touche de sophistication \u00e0 vos cl\u00e9s ou \u00e0 votre sac. Un objet unique qui allie spiritualit\u00e9 et \u00e9l\u00e9gance.<\/p>\n\n\n\n<p>Symbole intemporel de la&nbsp;g\u00e9om\u00e9trie sacr\u00e9e, la Fleur de Vie est r\u00e9put\u00e9e pour ses multiples bienfaits :<\/p>\n\n\n\n<p><strong>Harmonisation des \u00e9nergies :<\/strong>&nbsp;Elle \u00e9quilibre les vibrations autour de vous, cr\u00e9ant une atmosph\u00e8re paisible et sereine.<\/p>\n\n\n\n<p><strong>Protection spirituelle :<\/strong>&nbsp;Ce talisman repousse les \u00e9nergies n\u00e9gatives et renforce votre aura.<\/p>\n\n\n\n<p><strong>Renforcement des intentions :<\/strong>&nbsp;La Fleur de Vie amplifie vos pens\u00e9es et aide \u00e0 manifester vos d\u00e9sirs les plus profonds.<\/p>\n\n\n\n<p><strong>\u00c9l\u00e9vation spirituelle :<\/strong>&nbsp;Elle favorise la clart\u00e9 mentale et invite \u00e0 une connexion avec votre essence spirituelle.<\/p>\n\n\n\n<p>R\u00e9alis\u00e9  aux feutres textile .<\/p>\n\n\n\n<p>Couleurs vari\u00e9es (Vendu al\u00e9atoirement)<\/p>\n\n\n\n<p>Entretien : Lavage \u00e0 la main d\u00e9licat, s\u00e9chage  a l&rsquo;air libre<\/p>\n\n\n\n<p>Mati\u00e8re : Coton avec enduit de protection et  soie du Cambodge<\/p>\n\n\n\n<p>Taille : Diam\u00e8tre environ 5 cm<\/p>\n\n\n\n<h2 class=\"wp-block-heading has-black-color has-text-color has-link-color wp-elements-bfad5f260ff4905b5cef80aaf4fc3bbf\"><strong>8<\/strong> <strong>euros<\/strong><\/h2>\n\n\n\n<p>Livraison la poste gratuite<\/p>\n\n\n<form action=\"https:\/\/www.paypal.com\/cgi-bin\/webscr\" method=\"post\" target=\"_blank\">\n  <input type=\"hidden\" name=\"cmd\" value=\"_s-xclick\" \/><br \/>\n  <input type=\"hidden\" name=\"hosted_button_id\" value=\"KVTFFFVCE8LMA\" \/><br \/>\n  <input type=\"hidden\" name=\"currency_code\" value=\"EUR\" \/><br \/>\n  <input type=\"image\" src=\"https:\/\/cynyem.com\/wp-content\/uploads\/2024\/07\/acheter-cynyemcom-1.jpg\" border=\"0\" name=\"submit\" title=\"PayPal, votre r\u00e9flexe s\u00e9curit\u00e9 pour payer en ligne.\" alt=\"Ajouter au panier\" \/><br \/>\n<\/form>\n\n\n\n<p><\/p>\n","protected":false},"excerpt":{"rendered":"<p>Cet accessoire est parfait pour ajouter une touche de sophistication \u00e0 vos cl\u00e9s ou \u00e0 votre sac. Un objet unique qui allie spiritualit\u00e9 et \u00e9l\u00e9gance. Symbole intemporel de la&nbsp;g\u00e9om\u00e9trie sacr\u00e9e, la Fleur de Vie est r\u00e9put\u00e9e pour ses multiples bienfaits : Harmonisation des \u00e9nergies :&nbsp;Elle \u00e9quilibre les vibrations autour de vous, cr\u00e9ant une atmosph\u00e8re paisible &hellip; <\/p>\n<p class=\"link-more\"><a href=\"https:\/\/cynyem.com\/index.php\/porte-cles-en-soie-fleur-de-vie\/\" class=\"more-link\">Continuer la lecture<span class=\"screen-reader-text\"> de &laquo;&nbsp;Porte-cl\u00e9s en soie fleur de vie&nbsp;&raquo;<\/span><\/a><\/p>\n","protected":false},"author":1,"featured_media":0,"parent":0,"menu_order":0,"comment_status":"closed","ping_status":"closed","template":"","meta":{"_glsr_average":0,"_glsr_ranking":0,"_glsr_reviews":0,"footnotes":""},"class_list":["post-925","page","type-page","status-publish","hentry"],"_links":{"self":[{"href":"https:\/\/cynyem.com\/index.php\/wp-json\/wp\/v2\/pages\/925","targetHints":{"allow":["GET"]}}],"collection":[{"href":"https:\/\/cynyem.com\/index.php\/wp-json\/wp\/v2\/pages"}],"about":[{"href":"https:\/\/cynyem.com\/index.php\/wp-json\/wp\/v2\/types\/page"}],"author":[{"embeddable":true,"href":"https:\/\/cynyem.com\/index.php\/wp-json\/wp\/v2\/users\/1"}],"replies":[{"embeddable":true,"href":"https:\/\/cynyem.com\/index.php\/wp-json\/wp\/v2\/comments?post=925"}],"version-history":[{"count":7,"href":"https:\/\/cynyem.com\/index.php\/wp-json\/wp\/v2\/pages\/925\/revisions"}],"predecessor-version":[{"id":949,"href":"https:\/\/cynyem.com\/index.php\/wp-json\/wp\/v2\/pages\/925\/revisions\/949"}],"wp:attachment":[{"href":"https:\/\/cynyem.com\/index.php\/wp-json\/wp\/v2\/media?parent=925"}],"curies":[{"name":"wp","href":"https:\/\/api.w.org\/{rel}","templated":true}]}}