{"id":880,"date":"2025-03-17T22:44:33","date_gmt":"2025-03-17T21:44:33","guid":{"rendered":"https:\/\/cynyem.com\/?page_id=880"},"modified":"2025-07-06T01:00:22","modified_gmt":"2025-07-05T23:00:22","slug":"tarifs-portrait-personnalise","status":"publish","type":"page","link":"https:\/\/cynyem.com\/index.php\/tarifs-portrait-personnalise\/","title":{"rendered":"Tarifs portrait personnalis\u00e9"},"content":{"rendered":"<div class=\"wp-block-image\">\n<figure data-wp-context=\"{&quot;imageId&quot;:&quot;69e0ac01b6d1a&quot;}\" data-wp-interactive=\"core\/image\" data-wp-key=\"69e0ac01b6d1a\" class=\"aligncenter size-large is-resized wp-lightbox-container\"><img loading=\"lazy\" decoding=\"async\" width=\"706\" height=\"1024\" data-wp-class--hide=\"state.isContentHidden\" data-wp-class--show=\"state.isContentVisible\" data-wp-init=\"callbacks.setButtonStyles\" data-wp-on--click=\"actions.showLightbox\" data-wp-on--load=\"callbacks.setButtonStyles\" data-wp-on-window--resize=\"callbacks.setButtonStyles\" src=\"https:\/\/cynyem.com\/wp-content\/uploads\/2022\/12\/cynjjjj-706x1024.jpg\" alt=\"\" class=\"wp-image-236\" style=\"width:186px;height:auto\" srcset=\"https:\/\/cynyem.com\/wp-content\/uploads\/2022\/12\/cynjjjj-706x1024.jpg 706w, https:\/\/cynyem.com\/wp-content\/uploads\/2022\/12\/cynjjjj-207x300.jpg 207w, https:\/\/cynyem.com\/wp-content\/uploads\/2022\/12\/cynjjjj-768x1115.jpg 768w, https:\/\/cynyem.com\/wp-content\/uploads\/2022\/12\/cynjjjj-1058x1536.jpg 1058w, https:\/\/cynyem.com\/wp-content\/uploads\/2022\/12\/cynjjjj-1411x2048.jpg 1411w, https:\/\/cynyem.com\/wp-content\/uploads\/2022\/12\/cynjjjj-scaled.jpg 1764w\" sizes=\"auto, (max-width: 706px) 100vw, 706px\" \/><button\n\t\t\tclass=\"lightbox-trigger\"\n\t\t\ttype=\"button\"\n\t\t\taria-haspopup=\"dialog\"\n\t\t\taria-label=\"Agrandir\"\n\t\t\tdata-wp-init=\"callbacks.initTriggerButton\"\n\t\t\tdata-wp-on--click=\"actions.showLightbox\"\n\t\t\tdata-wp-style--right=\"state.imageButtonRight\"\n\t\t\tdata-wp-style--top=\"state.imageButtonTop\"\n\t\t>\n\t\t\t<svg xmlns=\"http:\/\/www.w3.org\/2000\/svg\" width=\"12\" height=\"12\" fill=\"none\" viewBox=\"0 0 12 12\">\n\t\t\t\t<path fill=\"#fff\" d=\"M2 0a2 2 0 0 0-2 2v2h1.5V2a.5.5 0 0 1 .5-.5h2V0H2Zm2 10.5H2a.5.5 0 0 1-.5-.5V8H0v2a2 2 0 0 0 2 2h2v-1.5ZM8 12v-1.5h2a.5.5 0 0 0 .5-.5V8H12v2a2 2 0 0 1-2 2H8Zm2-12a2 2 0 0 1 2 2v2h-1.5V2a.5.5 0 0 0-.5-.5H8V0h2Z\" \/>\n\t\t\t<\/svg>\n\t\t<\/button><figcaption class=\"wp-element-caption\">Portrait A4 crayons  graphites <\/figcaption><\/figure>\n<\/div>\n\n<h6 style=\"text-align: right;\"><a href=\"https:\/\/cynyem.com\/\">Accueil<\/a>\u00a0 \u00a0<a href=\"https:\/\/cynyem.com\/index.php\/devis\/\">Devis<\/a><\/h6>\n<h5>\u00a0<\/h5>\n<h5>Papier Format A5 (21 x 14.8 cm)<\/h5>\n\n\n<figure class=\"wp-block-table\"><table class=\"has-fixed-layout\"><tbody><tr><td><\/td><td class=\"has-text-align-center\" data-align=\"center\">1 visage<\/td><\/tr><tr><td>Crayons graphite ou feutres<\/td><td class=\"has-text-align-center\" data-align=\"center\">30\u20ac<\/td><\/tr><\/tbody><\/table><\/figure>\n\n\n\n<p><\/p>\n\n\n<h5>papier Format A4 (21 x 29.7 cm)<\/h5>\n\n\n<figure class=\"wp-block-table\"><table><tbody><tr><td><\/td><td>1 visage<\/td><td>2 visages<\/td><\/tr><tr><td>Crayons graphite ou feutres<\/td><td>60\u20ac<\/td><td>80\u20ac<\/td><\/tr><\/tbody><\/table><\/figure>\n\n\n\n<p><\/p>\n\n\n<h5>papier Format A3 (29.7 x 42 cm)<\/h5>\n\n\n<figure class=\"wp-block-table\"><table><tbody><tr><td><\/td><td>1 visage   <\/td><td>2 visages <\/td><td>3 visages<\/td><td>4 visages<\/td><\/tr><tr><td>crayons graphite ou feutres<\/td><td>80\u20ac<\/td><td>100\u20ac<\/td><td>120\u20ac<\/td><td>140\u20ac<\/td><\/tr><\/tbody><\/table><\/figure>\n\n\n\n<h5 class=\"wp-block-heading\">PORTRAIT sur toile + TISSUS <\/h5>\n\n\n\n<figure data-wp-context=\"{&quot;imageId&quot;:&quot;69e0ac01b74bb&quot;}\" data-wp-interactive=\"core\/image\" data-wp-key=\"69e0ac01b74bb\" class=\"wp-block-image size-large is-resized wp-lightbox-container\"><img loading=\"lazy\" decoding=\"async\" width=\"1024\" height=\"966\" data-wp-class--hide=\"state.isContentHidden\" data-wp-class--show=\"state.isContentVisible\" data-wp-init=\"callbacks.setButtonStyles\" data-wp-on--click=\"actions.showLightbox\" data-wp-on--load=\"callbacks.setButtonStyles\" data-wp-on-window--resize=\"callbacks.setButtonStyles\" src=\"https:\/\/cynyem.com\/wp-content\/uploads\/2025\/06\/1000026148-1024x966.jpg\" alt=\"\" class=\"wp-image-921\" style=\"width:209px;height:auto\" srcset=\"https:\/\/cynyem.com\/wp-content\/uploads\/2025\/06\/1000026148-1024x966.jpg 1024w, https:\/\/cynyem.com\/wp-content\/uploads\/2025\/06\/1000026148-300x283.jpg 300w, https:\/\/cynyem.com\/wp-content\/uploads\/2025\/06\/1000026148-768x725.jpg 768w, https:\/\/cynyem.com\/wp-content\/uploads\/2025\/06\/1000026148-1536x1449.jpg 1536w, https:\/\/cynyem.com\/wp-content\/uploads\/2025\/06\/1000026148.jpg 1590w\" sizes=\"auto, (max-width: 767px) 89vw, (max-width: 1000px) 54vw, (max-width: 1071px) 543px, 580px\" \/><button\n\t\t\tclass=\"lightbox-trigger\"\n\t\t\ttype=\"button\"\n\t\t\taria-haspopup=\"dialog\"\n\t\t\taria-label=\"Agrandir\"\n\t\t\tdata-wp-init=\"callbacks.initTriggerButton\"\n\t\t\tdata-wp-on--click=\"actions.showLightbox\"\n\t\t\tdata-wp-style--right=\"state.imageButtonRight\"\n\t\t\tdata-wp-style--top=\"state.imageButtonTop\"\n\t\t>\n\t\t\t<svg xmlns=\"http:\/\/www.w3.org\/2000\/svg\" width=\"12\" height=\"12\" fill=\"none\" viewBox=\"0 0 12 12\">\n\t\t\t\t<path fill=\"#fff\" d=\"M2 0a2 2 0 0 0-2 2v2h1.5V2a.5.5 0 0 1 .5-.5h2V0H2Zm2 10.5H2a.5.5 0 0 1-.5-.5V8H0v2a2 2 0 0 0 2 2h2v-1.5ZM8 12v-1.5h2a.5.5 0 0 0 .5-.5V8H12v2a2 2 0 0 1-2 2H8Zm2-12a2 2 0 0 1 2 2v2h-1.5V2a.5.5 0 0 0-.5-.5H8V0h2Z\" \/>\n\t\t\t<\/svg>\n\t\t<\/button><\/figure>\n\n\n\n<p>Dessin portrait r\u00e9alis\u00e9 sur toile feutre acrylique et peinture, tissus et \u00e9l\u00e9ments cousu \u00e0  la main<\/p>\n\n\n\n<figure class=\"wp-block-table\"><table><tbody><tr><td>1 visage format A4<\/td><td>1 visage format A3<\/td><td>2 visages format A3<\/td><\/tr><tr><td>75\u20ac<\/td><td>95\u20ac<\/td><td>115\u20ac<\/td><\/tr><\/tbody><\/table><\/figure>\n\n\n\n<p class=\"has-text-align-center\"><strong>Pour tout autre formats uniquement sur demande  lors du devis<\/strong><\/p>\n\n\n\n<p>Cadre + passe-partout \u00e0 partir de 10\u20ac<\/p>\n\n\n\n<h2 class=\"wp-block-heading\">Livraison<\/h2>\n\n\n<p>\u00e0 partir de 2\u20ac90 (selon format et quantit\u00e9)<\/p>\n\n\n<h5 class=\"wp-block-heading has-text-align-right\"><a href=\"https:\/\/cynyem.com\/\">Accueil<\/a>&nbsp; &nbsp;<a href=\"https:\/\/cynyem.com\/index.php\/devis\/\">Devis<\/a><\/h5>\n\n\n\n<p><strong>___________________________________________________________<\/strong><\/p>\n\n\n\n<h2 class=\"wp-block-heading\"><mark style=\"background-color:rgba(0, 0, 0, 0)\" class=\"has-inline-color has-black-color\">Portrait kak\u00e9mono personnalis\u00e9<\/mark><\/h2>\n\n\n\n<figure data-wp-context=\"{&quot;imageId&quot;:&quot;69e0ac01b7ad5&quot;}\" data-wp-interactive=\"core\/image\" data-wp-key=\"69e0ac01b7ad5\" class=\"wp-block-image size-large is-resized wp-lightbox-container\"><img loading=\"lazy\" decoding=\"async\" width=\"759\" height=\"1024\" data-wp-class--hide=\"state.isContentHidden\" data-wp-class--show=\"state.isContentVisible\" data-wp-init=\"callbacks.setButtonStyles\" data-wp-on--click=\"actions.showLightbox\" data-wp-on--load=\"callbacks.setButtonStyles\" data-wp-on-window--resize=\"callbacks.setButtonStyles\" src=\"https:\/\/cynyem.com\/wp-content\/uploads\/2025\/03\/1000025301-759x1024.jpg\" alt=\"\" class=\"wp-image-875\" style=\"width:243px;height:auto\" srcset=\"https:\/\/cynyem.com\/wp-content\/uploads\/2025\/03\/1000025301-759x1024.jpg 759w, https:\/\/cynyem.com\/wp-content\/uploads\/2025\/03\/1000025301-222x300.jpg 222w, https:\/\/cynyem.com\/wp-content\/uploads\/2025\/03\/1000025301-768x1036.jpg 768w, https:\/\/cynyem.com\/wp-content\/uploads\/2025\/03\/1000025301-1139x1536.jpg 1139w, https:\/\/cynyem.com\/wp-content\/uploads\/2025\/03\/1000025301-1518x2048.jpg 1518w, https:\/\/cynyem.com\/wp-content\/uploads\/2025\/03\/1000025301-scaled.jpg 1898w\" sizes=\"auto, (max-width: 706px) 89vw, (max-width: 767px) 82vw, 740px\" \/><button\n\t\t\tclass=\"lightbox-trigger\"\n\t\t\ttype=\"button\"\n\t\t\taria-haspopup=\"dialog\"\n\t\t\taria-label=\"Agrandir\"\n\t\t\tdata-wp-init=\"callbacks.initTriggerButton\"\n\t\t\tdata-wp-on--click=\"actions.showLightbox\"\n\t\t\tdata-wp-style--right=\"state.imageButtonRight\"\n\t\t\tdata-wp-style--top=\"state.imageButtonTop\"\n\t\t>\n\t\t\t<svg xmlns=\"http:\/\/www.w3.org\/2000\/svg\" width=\"12\" height=\"12\" fill=\"none\" viewBox=\"0 0 12 12\">\n\t\t\t\t<path fill=\"#fff\" d=\"M2 0a2 2 0 0 0-2 2v2h1.5V2a.5.5 0 0 1 .5-.5h2V0H2Zm2 10.5H2a.5.5 0 0 1-.5-.5V8H0v2a2 2 0 0 0 2 2h2v-1.5ZM8 12v-1.5h2a.5.5 0 0 0 .5-.5V8H12v2a2 2 0 0 1-2 2H8Zm2-12a2 2 0 0 1 2 2v2h-1.5V2a.5.5 0 0 0-.5-.5H8V0h2Z\" \/>\n\t\t\t<\/svg>\n\t\t<\/button><\/figure>\n\n\n\n<p>Dessin portrait r\u00e9alis\u00e9  sur tissus 46x21cm , feutre acrylique  et peinture  tissu.<\/p>\n\n\n\n<p>Avant de passer commande veuillez s&rsquo;il vous plait m&rsquo;envoyer votre photo.<\/p>\n\n\n\n<div class=\"wpcf7 no-js\" id=\"wpcf7-f878-o1\" lang=\"fr-FR\" dir=\"ltr\" data-wpcf7-id=\"878\">\n<div class=\"screen-reader-response\"><p role=\"status\" aria-live=\"polite\" aria-atomic=\"true\"><\/p> <ul><\/ul><\/div>\n<form action=\"\/index.php\/wp-json\/wp\/v2\/pages\/880#wpcf7-f878-o1\" method=\"post\" class=\"wpcf7-form init\" aria-label=\"Formulaire de contact\" enctype=\"multipart\/form-data\" novalidate=\"novalidate\" data-status=\"init\">\n<fieldset class=\"hidden-fields-container\"><input type=\"hidden\" name=\"_wpcf7\" value=\"878\" \/><input type=\"hidden\" name=\"_wpcf7_version\" value=\"6.1.5\" \/><input type=\"hidden\" name=\"_wpcf7_locale\" value=\"fr_FR\" \/><input type=\"hidden\" name=\"_wpcf7_unit_tag\" value=\"wpcf7-f878-o1\" \/><input type=\"hidden\" name=\"_wpcf7_container_post\" value=\"0\" \/><input type=\"hidden\" name=\"_wpcf7_posted_data_hash\" value=\"\" \/>\n<\/fieldset>\n<p><label> Votre nom et pr\u00e9nom<br \/>\n<span class=\"wpcf7-form-control-wrap\" data-name=\"your-name\"><input size=\"40\" maxlength=\"400\" class=\"wpcf7-form-control wpcf7-text wpcf7-validates-as-required\" autocomplete=\"name\" aria-required=\"true\" aria-invalid=\"false\" value=\"\" type=\"text\" name=\"your-name\" \/><\/span> <\/label>\n<\/p>\n<p><label> Votre e-mail<br \/>\n<span class=\"wpcf7-form-control-wrap\" data-name=\"your-email\"><input size=\"40\" maxlength=\"400\" class=\"wpcf7-form-control wpcf7-email wpcf7-validates-as-required wpcf7-text wpcf7-validates-as-email\" autocomplete=\"email\" aria-required=\"true\" aria-invalid=\"false\" value=\"\" type=\"email\" name=\"your-email\" \/><\/span> <\/label>\n<\/p>\n<p><label> Votre photo (25mb max)<br \/>\n<span class=\"wpcf7-form-control-wrap\" data-name=\"photokakemono\"><input size=\"40\" class=\"wpcf7-form-control wpcf7-file wpcf7-validates-as-required\" accept=\"audio\/*,video\/*,image\/*\" aria-required=\"true\" aria-invalid=\"false\" type=\"file\" name=\"photokakemono\" \/><\/span> <\/label>\n<\/p>\n<p><input class=\"wpcf7-form-control wpcf7-submit has-spinner\" type=\"submit\" value=\"Envoyer\" \/>\n<\/p><div class=\"wpcf7-response-output\" aria-hidden=\"true\"><\/div>\n<\/form>\n<\/div>\n\n\n\n\n<h2 class=\"wp-block-heading\"><strong>70 euros<\/strong><\/h2>\n\n\n\n<p>Livraison 3\u20ac90<\/p>\n\n\n<form action=\"https:\/\/www.paypal.com\/cgi-bin\/webscr\" method=\"post\" target=\"_blank\">\n  <input type=\"hidden\" name=\"cmd\" value=\"_s-xclick\" \/><br \/>\n  <input type=\"hidden\" name=\"hosted_button_id\" value=\"SVHD32CQM2UVS\" \/><br \/>\n  <input type=\"hidden\" name=\"currency_code\" value=\"EUR\" \/><br \/>\n  <input type=\"image\" src=\"https:\/\/cynyem.com\/wp-content\/uploads\/2024\/07\/acheter-cynyemcom-1.jpg\" border=\"0\" name=\"submit\" title=\"PayPal, votre r\u00e9flexe s\u00e9curit\u00e9 pour payer en ligne.\" alt=\"Ajouter au panier\" \/><br \/>\n<\/form>\n\n\n\n<p>1- Envoyer votre photo <\/p>\n\n\n\n<p>2- Apr\u00e8s v\u00e9rification et confirmation  de votre photo par mail, vous pouvez terminer  le paiement <\/p>\n\n\n\n<p>3- Je travaille et vous envoie un aper\u00e7u<\/p>\n\n\n\n<p>Vous recevez votre \u0153uvre d&rsquo;art par la poste .<\/p>\n\n\n<p><head> <script async src=\"https:\/\/pagead2.googlesyndication.com\/pagead\/js\/adsbygoogle.js?client=ca-pub-6699409907961196\"\n     crossorigin=\"anonymous\"><\/script> <\/head><\/p>\n","protected":false},"excerpt":{"rendered":"<p>Accueil\u00a0 \u00a0Devis \u00a0 Papier Format A5 (21 x 14.8 cm) 1 visage Crayons graphite ou feutres 30\u20ac papier Format A4 (21 x 29.7 cm) 1 visage 2 visages Crayons graphite ou feutres 60\u20ac 80\u20ac papier Format A3 (29.7 x 42 cm) 1 visage 2 visages 3 visages 4 visages crayons graphite ou feutres 80\u20ac 100\u20ac &hellip; <\/p>\n<p class=\"link-more\"><a href=\"https:\/\/cynyem.com\/index.php\/tarifs-portrait-personnalise\/\" class=\"more-link\">Continuer la lecture<span class=\"screen-reader-text\"> de &laquo;&nbsp;Tarifs portrait personnalis\u00e9&nbsp;&raquo;<\/span><\/a><\/p>\n","protected":false},"author":1,"featured_media":0,"parent":0,"menu_order":0,"comment_status":"closed","ping_status":"closed","template":"","meta":{"_glsr_average":0,"_glsr_ranking":0,"_glsr_reviews":0,"footnotes":""},"class_list":["post-880","page","type-page","status-publish","hentry"],"_links":{"self":[{"href":"https:\/\/cynyem.com\/index.php\/wp-json\/wp\/v2\/pages\/880","targetHints":{"allow":["GET"]}}],"collection":[{"href":"https:\/\/cynyem.com\/index.php\/wp-json\/wp\/v2\/pages"}],"about":[{"href":"https:\/\/cynyem.com\/index.php\/wp-json\/wp\/v2\/types\/page"}],"author":[{"embeddable":true,"href":"https:\/\/cynyem.com\/index.php\/wp-json\/wp\/v2\/users\/1"}],"replies":[{"embeddable":true,"href":"https:\/\/cynyem.com\/index.php\/wp-json\/wp\/v2\/comments?post=880"}],"version-history":[{"count":11,"href":"https:\/\/cynyem.com\/index.php\/wp-json\/wp\/v2\/pages\/880\/revisions"}],"predecessor-version":[{"id":1098,"href":"https:\/\/cynyem.com\/index.php\/wp-json\/wp\/v2\/pages\/880\/revisions\/1098"}],"wp:attachment":[{"href":"https:\/\/cynyem.com\/index.php\/wp-json\/wp\/v2\/media?parent=880"}],"curies":[{"name":"wp","href":"https:\/\/api.w.org\/{rel}","templated":true}]}}