{"id":568,"date":"2025-02-10T13:25:45","date_gmt":"2025-02-10T12:25:45","guid":{"rendered":"http:\/\/cynyemf.cluster100.hosting.ovh.net\/ovh\/?page_id=568"},"modified":"2025-07-01T23:40:55","modified_gmt":"2025-07-01T21:40:55","slug":"sac-cat","status":"publish","type":"page","link":"https:\/\/cynyem.com\/index.php\/sac-cat\/","title":{"rendered":"Sac cat"},"content":{"rendered":"<div class=\"wp-block-image\">\n<figure data-wp-context=\"{&quot;imageId&quot;:&quot;69dee2549f0db&quot;}\" data-wp-interactive=\"core\/image\" data-wp-key=\"69dee2549f0db\" class=\"aligncenter size-large is-resized wp-lightbox-container\"><img loading=\"lazy\" decoding=\"async\" width=\"697\" height=\"1024\" data-wp-class--hide=\"state.isContentHidden\" data-wp-class--show=\"state.isContentVisible\" data-wp-init=\"callbacks.setButtonStyles\" data-wp-on--click=\"actions.showLightbox\" data-wp-on--load=\"callbacks.setButtonStyles\" data-wp-on-window--resize=\"callbacks.setButtonStyles\" src=\"https:\/\/cynyem.com\/wp-content\/uploads\/2025\/03\/IMG_20241122_085047-697x1024.jpg\" alt=\"\" class=\"wp-image-774\" style=\"width:397px;height:auto\" srcset=\"https:\/\/cynyem.com\/wp-content\/uploads\/2025\/03\/IMG_20241122_085047-697x1024.jpg 697w, https:\/\/cynyem.com\/wp-content\/uploads\/2025\/03\/IMG_20241122_085047-204x300.jpg 204w, https:\/\/cynyem.com\/wp-content\/uploads\/2025\/03\/IMG_20241122_085047-768x1129.jpg 768w, https:\/\/cynyem.com\/wp-content\/uploads\/2025\/03\/IMG_20241122_085047-1045x1536.jpg 1045w, https:\/\/cynyem.com\/wp-content\/uploads\/2025\/03\/IMG_20241122_085047-1394x2048.jpg 1394w, https:\/\/cynyem.com\/wp-content\/uploads\/2025\/03\/IMG_20241122_085047-scaled.jpg 1742w\" sizes=\"auto, (max-width: 697px) 100vw, 697px\" \/><button\n\t\t\tclass=\"lightbox-trigger\"\n\t\t\ttype=\"button\"\n\t\t\taria-haspopup=\"dialog\"\n\t\t\taria-label=\"Agrandir\"\n\t\t\tdata-wp-init=\"callbacks.initTriggerButton\"\n\t\t\tdata-wp-on--click=\"actions.showLightbox\"\n\t\t\tdata-wp-style--right=\"state.imageButtonRight\"\n\t\t\tdata-wp-style--top=\"state.imageButtonTop\"\n\t\t>\n\t\t\t<svg xmlns=\"http:\/\/www.w3.org\/2000\/svg\" width=\"12\" height=\"12\" fill=\"none\" viewBox=\"0 0 12 12\">\n\t\t\t\t<path fill=\"#fff\" d=\"M2 0a2 2 0 0 0-2 2v2h1.5V2a.5.5 0 0 1 .5-.5h2V0H2Zm2 10.5H2a.5.5 0 0 1-.5-.5V8H0v2a2 2 0 0 0 2 2h2v-1.5ZM8 12v-1.5h2a.5.5 0 0 0 .5-.5V8H12v2a2 2 0 0 1-2 2H8Zm2-12a2 2 0 0 1 2 2v2h-1.5V2a.5.5 0 0 0-.5-.5H8V0h2Z\" \/>\n\t\t\t<\/svg>\n\t\t<\/button><\/figure>\n<\/div>\n\n\n<div class=\"wp-block-columns is-layout-flex wp-container-core-columns-is-layout-9d6595d7 wp-block-columns-is-layout-flex\">\n<div class=\"wp-block-column is-layout-flow wp-block-column-is-layout-flow\">\n<figure data-wp-context=\"{&quot;imageId&quot;:&quot;69dee2549f663&quot;}\" data-wp-interactive=\"core\/image\" data-wp-key=\"69dee2549f663\" class=\"wp-block-image size-large is-resized wp-lightbox-container\"><img loading=\"lazy\" decoding=\"async\" width=\"769\" height=\"1024\" data-wp-class--hide=\"state.isContentHidden\" data-wp-class--show=\"state.isContentVisible\" data-wp-init=\"callbacks.setButtonStyles\" data-wp-on--click=\"actions.showLightbox\" data-wp-on--load=\"callbacks.setButtonStyles\" data-wp-on-window--resize=\"callbacks.setButtonStyles\" src=\"https:\/\/cynyem.com\/wp-content\/uploads\/2025\/03\/photostudio_1732233909926-769x1024.jpg\" alt=\"\" class=\"wp-image-789\" style=\"width:120px;height:auto\" srcset=\"https:\/\/cynyem.com\/wp-content\/uploads\/2025\/03\/photostudio_1732233909926-769x1024.jpg 769w, https:\/\/cynyem.com\/wp-content\/uploads\/2025\/03\/photostudio_1732233909926-225x300.jpg 225w, https:\/\/cynyem.com\/wp-content\/uploads\/2025\/03\/photostudio_1732233909926-768x1023.jpg 768w, https:\/\/cynyem.com\/wp-content\/uploads\/2025\/03\/photostudio_1732233909926-1153x1536.jpg 1153w, https:\/\/cynyem.com\/wp-content\/uploads\/2025\/03\/photostudio_1732233909926-1537x2048.jpg 1537w, https:\/\/cynyem.com\/wp-content\/uploads\/2025\/03\/photostudio_1732233909926.jpg 1800w\" sizes=\"auto, (max-width: 767px) 89vw, (max-width: 1000px) 54vw, (max-width: 1071px) 543px, 580px\" \/><button\n\t\t\tclass=\"lightbox-trigger\"\n\t\t\ttype=\"button\"\n\t\t\taria-haspopup=\"dialog\"\n\t\t\taria-label=\"Agrandir\"\n\t\t\tdata-wp-init=\"callbacks.initTriggerButton\"\n\t\t\tdata-wp-on--click=\"actions.showLightbox\"\n\t\t\tdata-wp-style--right=\"state.imageButtonRight\"\n\t\t\tdata-wp-style--top=\"state.imageButtonTop\"\n\t\t>\n\t\t\t<svg xmlns=\"http:\/\/www.w3.org\/2000\/svg\" width=\"12\" height=\"12\" fill=\"none\" viewBox=\"0 0 12 12\">\n\t\t\t\t<path fill=\"#fff\" d=\"M2 0a2 2 0 0 0-2 2v2h1.5V2a.5.5 0 0 1 .5-.5h2V0H2Zm2 10.5H2a.5.5 0 0 1-.5-.5V8H0v2a2 2 0 0 0 2 2h2v-1.5ZM8 12v-1.5h2a.5.5 0 0 0 .5-.5V8H12v2a2 2 0 0 1-2 2H8Zm2-12a2 2 0 0 1 2 2v2h-1.5V2a.5.5 0 0 0-.5-.5H8V0h2Z\" \/>\n\t\t\t<\/svg>\n\t\t<\/button><\/figure>\n<\/div>\n\n\n\n<div class=\"wp-block-column is-layout-flow wp-block-column-is-layout-flow\">\n<figure data-wp-context=\"{&quot;imageId&quot;:&quot;69dee2549fe96&quot;}\" data-wp-interactive=\"core\/image\" data-wp-key=\"69dee2549fe96\" class=\"wp-block-image size-large is-resized wp-lightbox-container\"><img loading=\"lazy\" decoding=\"async\" width=\"769\" height=\"1024\" data-wp-class--hide=\"state.isContentHidden\" data-wp-class--show=\"state.isContentVisible\" data-wp-init=\"callbacks.setButtonStyles\" data-wp-on--click=\"actions.showLightbox\" data-wp-on--load=\"callbacks.setButtonStyles\" data-wp-on-window--resize=\"callbacks.setButtonStyles\" src=\"https:\/\/cynyem.com\/wp-content\/uploads\/2025\/03\/photostudio_1732233713163-769x1024.jpg\" alt=\"\" class=\"wp-image-788\" style=\"width:120px;height:auto\" srcset=\"https:\/\/cynyem.com\/wp-content\/uploads\/2025\/03\/photostudio_1732233713163-769x1024.jpg 769w, https:\/\/cynyem.com\/wp-content\/uploads\/2025\/03\/photostudio_1732233713163-225x300.jpg 225w, https:\/\/cynyem.com\/wp-content\/uploads\/2025\/03\/photostudio_1732233713163-768x1023.jpg 768w, https:\/\/cynyem.com\/wp-content\/uploads\/2025\/03\/photostudio_1732233713163-1153x1536.jpg 1153w, https:\/\/cynyem.com\/wp-content\/uploads\/2025\/03\/photostudio_1732233713163-1537x2048.jpg 1537w, https:\/\/cynyem.com\/wp-content\/uploads\/2025\/03\/photostudio_1732233713163.jpg 1800w\" sizes=\"auto, (max-width: 767px) 89vw, (max-width: 1000px) 54vw, (max-width: 1071px) 543px, 580px\" \/><button\n\t\t\tclass=\"lightbox-trigger\"\n\t\t\ttype=\"button\"\n\t\t\taria-haspopup=\"dialog\"\n\t\t\taria-label=\"Agrandir\"\n\t\t\tdata-wp-init=\"callbacks.initTriggerButton\"\n\t\t\tdata-wp-on--click=\"actions.showLightbox\"\n\t\t\tdata-wp-style--right=\"state.imageButtonRight\"\n\t\t\tdata-wp-style--top=\"state.imageButtonTop\"\n\t\t>\n\t\t\t<svg xmlns=\"http:\/\/www.w3.org\/2000\/svg\" width=\"12\" height=\"12\" fill=\"none\" viewBox=\"0 0 12 12\">\n\t\t\t\t<path fill=\"#fff\" d=\"M2 0a2 2 0 0 0-2 2v2h1.5V2a.5.5 0 0 1 .5-.5h2V0H2Zm2 10.5H2a.5.5 0 0 1-.5-.5V8H0v2a2 2 0 0 0 2 2h2v-1.5ZM8 12v-1.5h2a.5.5 0 0 0 .5-.5V8H12v2a2 2 0 0 1-2 2H8Zm2-12a2 2 0 0 1 2 2v2h-1.5V2a.5.5 0 0 0-.5-.5H8V0h2Z\" \/>\n\t\t\t<\/svg>\n\t\t<\/button><\/figure>\n<\/div>\n\n\n\n<div class=\"wp-block-column is-layout-flow wp-block-column-is-layout-flow\">\n<figure data-wp-context=\"{&quot;imageId&quot;:&quot;69dee254a0371&quot;}\" data-wp-interactive=\"core\/image\" data-wp-key=\"69dee254a0371\" class=\"wp-block-image size-large is-resized wp-lightbox-container\"><img loading=\"lazy\" decoding=\"async\" width=\"718\" height=\"1024\" data-wp-class--hide=\"state.isContentHidden\" data-wp-class--show=\"state.isContentVisible\" data-wp-init=\"callbacks.setButtonStyles\" data-wp-on--click=\"actions.showLightbox\" data-wp-on--load=\"callbacks.setButtonStyles\" data-wp-on-window--resize=\"callbacks.setButtonStyles\" src=\"https:\/\/cynyem.com\/wp-content\/uploads\/2025\/03\/IMG_20241122_085501-718x1024.jpg\" alt=\"\" class=\"wp-image-777\" style=\"width:125px;height:auto\" srcset=\"https:\/\/cynyem.com\/wp-content\/uploads\/2025\/03\/IMG_20241122_085501-718x1024.jpg 718w, https:\/\/cynyem.com\/wp-content\/uploads\/2025\/03\/IMG_20241122_085501-210x300.jpg 210w, https:\/\/cynyem.com\/wp-content\/uploads\/2025\/03\/IMG_20241122_085501-768x1096.jpg 768w, https:\/\/cynyem.com\/wp-content\/uploads\/2025\/03\/IMG_20241122_085501-1077x1536.jpg 1077w, https:\/\/cynyem.com\/wp-content\/uploads\/2025\/03\/IMG_20241122_085501-1436x2048.jpg 1436w, https:\/\/cynyem.com\/wp-content\/uploads\/2025\/03\/IMG_20241122_085501-scaled.jpg 1794w\" sizes=\"auto, (max-width: 718px) 100vw, 718px\" \/><button\n\t\t\tclass=\"lightbox-trigger\"\n\t\t\ttype=\"button\"\n\t\t\taria-haspopup=\"dialog\"\n\t\t\taria-label=\"Agrandir\"\n\t\t\tdata-wp-init=\"callbacks.initTriggerButton\"\n\t\t\tdata-wp-on--click=\"actions.showLightbox\"\n\t\t\tdata-wp-style--right=\"state.imageButtonRight\"\n\t\t\tdata-wp-style--top=\"state.imageButtonTop\"\n\t\t>\n\t\t\t<svg xmlns=\"http:\/\/www.w3.org\/2000\/svg\" width=\"12\" height=\"12\" fill=\"none\" viewBox=\"0 0 12 12\">\n\t\t\t\t<path fill=\"#fff\" d=\"M2 0a2 2 0 0 0-2 2v2h1.5V2a.5.5 0 0 1 .5-.5h2V0H2Zm2 10.5H2a.5.5 0 0 1-.5-.5V8H0v2a2 2 0 0 0 2 2h2v-1.5ZM8 12v-1.5h2a.5.5 0 0 0 .5-.5V8H12v2a2 2 0 0 1-2 2H8Zm2-12a2 2 0 0 1 2 2v2h-1.5V2a.5.5 0 0 0-.5-.5H8V0h2Z\" \/>\n\t\t\t<\/svg>\n\t\t<\/button><\/figure>\n<\/div>\n<\/div>\n\n\n\n<div class=\"wp-block-columns is-layout-flex wp-container-core-columns-is-layout-9d6595d7 wp-block-columns-is-layout-flex\">\n<div class=\"wp-block-column is-layout-flow wp-block-column-is-layout-flow\" style=\"flex-basis:100%\">\n<div class=\"wp-block-columns is-layout-flex wp-container-core-columns-is-layout-9d6595d7 wp-block-columns-is-layout-flex\">\n<div class=\"wp-block-column is-layout-flow wp-block-column-is-layout-flow\">\n<figure data-wp-context=\"{&quot;imageId&quot;:&quot;69dee254a0951&quot;}\" data-wp-interactive=\"core\/image\" data-wp-key=\"69dee254a0951\" class=\"wp-block-image size-large is-resized wp-lightbox-container\"><img loading=\"lazy\" decoding=\"async\" width=\"693\" height=\"1024\" data-wp-class--hide=\"state.isContentHidden\" data-wp-class--show=\"state.isContentVisible\" data-wp-init=\"callbacks.setButtonStyles\" data-wp-on--click=\"actions.showLightbox\" data-wp-on--load=\"callbacks.setButtonStyles\" data-wp-on-window--resize=\"callbacks.setButtonStyles\" src=\"https:\/\/cynyem.com\/wp-content\/uploads\/2025\/03\/IMG_20241123_092441-693x1024.jpg\" alt=\"\" class=\"wp-image-786\" style=\"width:116px;height:auto\" srcset=\"https:\/\/cynyem.com\/wp-content\/uploads\/2025\/03\/IMG_20241123_092441-693x1024.jpg 693w, https:\/\/cynyem.com\/wp-content\/uploads\/2025\/03\/IMG_20241123_092441-203x300.jpg 203w, https:\/\/cynyem.com\/wp-content\/uploads\/2025\/03\/IMG_20241123_092441-768x1134.jpg 768w, https:\/\/cynyem.com\/wp-content\/uploads\/2025\/03\/IMG_20241123_092441-1040x1536.jpg 1040w, https:\/\/cynyem.com\/wp-content\/uploads\/2025\/03\/IMG_20241123_092441-1387x2048.jpg 1387w, https:\/\/cynyem.com\/wp-content\/uploads\/2025\/03\/IMG_20241123_092441-scaled.jpg 1733w\" sizes=\"auto, (max-width: 693px) 100vw, 693px\" \/><button\n\t\t\tclass=\"lightbox-trigger\"\n\t\t\ttype=\"button\"\n\t\t\taria-haspopup=\"dialog\"\n\t\t\taria-label=\"Agrandir\"\n\t\t\tdata-wp-init=\"callbacks.initTriggerButton\"\n\t\t\tdata-wp-on--click=\"actions.showLightbox\"\n\t\t\tdata-wp-style--right=\"state.imageButtonRight\"\n\t\t\tdata-wp-style--top=\"state.imageButtonTop\"\n\t\t>\n\t\t\t<svg xmlns=\"http:\/\/www.w3.org\/2000\/svg\" width=\"12\" height=\"12\" fill=\"none\" viewBox=\"0 0 12 12\">\n\t\t\t\t<path fill=\"#fff\" d=\"M2 0a2 2 0 0 0-2 2v2h1.5V2a.5.5 0 0 1 .5-.5h2V0H2Zm2 10.5H2a.5.5 0 0 1-.5-.5V8H0v2a2 2 0 0 0 2 2h2v-1.5ZM8 12v-1.5h2a.5.5 0 0 0 .5-.5V8H12v2a2 2 0 0 1-2 2H8Zm2-12a2 2 0 0 1 2 2v2h-1.5V2a.5.5 0 0 0-.5-.5H8V0h2Z\" \/>\n\t\t\t<\/svg>\n\t\t<\/button><\/figure>\n<\/div>\n\n\n\n<div class=\"wp-block-column is-layout-flow wp-block-column-is-layout-flow\">\n<figure data-wp-context=\"{&quot;imageId&quot;:&quot;69dee254a0e06&quot;}\" data-wp-interactive=\"core\/image\" data-wp-key=\"69dee254a0e06\" class=\"wp-block-image size-large is-resized wp-lightbox-container\"><img loading=\"lazy\" decoding=\"async\" width=\"697\" height=\"1024\" data-wp-class--hide=\"state.isContentHidden\" data-wp-class--show=\"state.isContentVisible\" data-wp-init=\"callbacks.setButtonStyles\" data-wp-on--click=\"actions.showLightbox\" data-wp-on--load=\"callbacks.setButtonStyles\" data-wp-on-window--resize=\"callbacks.setButtonStyles\" src=\"https:\/\/cynyem.com\/wp-content\/uploads\/2025\/03\/IMG_20241122_085219-697x1024.jpg\" alt=\"\" class=\"wp-image-776\" style=\"width:123px;height:auto\" srcset=\"https:\/\/cynyem.com\/wp-content\/uploads\/2025\/03\/IMG_20241122_085219-697x1024.jpg 697w, https:\/\/cynyem.com\/wp-content\/uploads\/2025\/03\/IMG_20241122_085219-204x300.jpg 204w, https:\/\/cynyem.com\/wp-content\/uploads\/2025\/03\/IMG_20241122_085219-768x1129.jpg 768w, https:\/\/cynyem.com\/wp-content\/uploads\/2025\/03\/IMG_20241122_085219-1045x1536.jpg 1045w, https:\/\/cynyem.com\/wp-content\/uploads\/2025\/03\/IMG_20241122_085219-1393x2048.jpg 1393w, https:\/\/cynyem.com\/wp-content\/uploads\/2025\/03\/IMG_20241122_085219-scaled.jpg 1741w\" sizes=\"auto, (max-width: 697px) 100vw, 697px\" \/><button\n\t\t\tclass=\"lightbox-trigger\"\n\t\t\ttype=\"button\"\n\t\t\taria-haspopup=\"dialog\"\n\t\t\taria-label=\"Agrandir\"\n\t\t\tdata-wp-init=\"callbacks.initTriggerButton\"\n\t\t\tdata-wp-on--click=\"actions.showLightbox\"\n\t\t\tdata-wp-style--right=\"state.imageButtonRight\"\n\t\t\tdata-wp-style--top=\"state.imageButtonTop\"\n\t\t>\n\t\t\t<svg xmlns=\"http:\/\/www.w3.org\/2000\/svg\" width=\"12\" height=\"12\" fill=\"none\" viewBox=\"0 0 12 12\">\n\t\t\t\t<path fill=\"#fff\" d=\"M2 0a2 2 0 0 0-2 2v2h1.5V2a.5.5 0 0 1 .5-.5h2V0H2Zm2 10.5H2a.5.5 0 0 1-.5-.5V8H0v2a2 2 0 0 0 2 2h2v-1.5ZM8 12v-1.5h2a.5.5 0 0 0 .5-.5V8H12v2a2 2 0 0 1-2 2H8Zm2-12a2 2 0 0 1 2 2v2h-1.5V2a.5.5 0 0 0-.5-.5H8V0h2Z\" \/>\n\t\t\t<\/svg>\n\t\t<\/button><\/figure>\n<\/div>\n\n\n\n<div class=\"wp-block-column is-layout-flow wp-block-column-is-layout-flow\">\n<figure data-wp-context=\"{&quot;imageId&quot;:&quot;69dee254a12e5&quot;}\" data-wp-interactive=\"core\/image\" data-wp-key=\"69dee254a12e5\" class=\"wp-block-image size-large is-resized wp-lightbox-container\"><img loading=\"lazy\" decoding=\"async\" width=\"683\" height=\"1024\" data-wp-class--hide=\"state.isContentHidden\" data-wp-class--show=\"state.isContentVisible\" data-wp-init=\"callbacks.setButtonStyles\" data-wp-on--click=\"actions.showLightbox\" data-wp-on--load=\"callbacks.setButtonStyles\" data-wp-on-window--resize=\"callbacks.setButtonStyles\" src=\"https:\/\/cynyem.com\/wp-content\/uploads\/2025\/03\/IMG_20241122_204314-683x1024.jpg\" alt=\"\" class=\"wp-image-783\" style=\"width:117px;height:auto\" srcset=\"https:\/\/cynyem.com\/wp-content\/uploads\/2025\/03\/IMG_20241122_204314-683x1024.jpg 683w, https:\/\/cynyem.com\/wp-content\/uploads\/2025\/03\/IMG_20241122_204314-200x300.jpg 200w, https:\/\/cynyem.com\/wp-content\/uploads\/2025\/03\/IMG_20241122_204314-768x1152.jpg 768w, https:\/\/cynyem.com\/wp-content\/uploads\/2025\/03\/IMG_20241122_204314-1024x1536.jpg 1024w, https:\/\/cynyem.com\/wp-content\/uploads\/2025\/03\/IMG_20241122_204314-1365x2048.jpg 1365w, https:\/\/cynyem.com\/wp-content\/uploads\/2025\/03\/IMG_20241122_204314-scaled.jpg 1706w\" sizes=\"auto, (max-width: 683px) 100vw, 683px\" \/><button\n\t\t\tclass=\"lightbox-trigger\"\n\t\t\ttype=\"button\"\n\t\t\taria-haspopup=\"dialog\"\n\t\t\taria-label=\"Agrandir\"\n\t\t\tdata-wp-init=\"callbacks.initTriggerButton\"\n\t\t\tdata-wp-on--click=\"actions.showLightbox\"\n\t\t\tdata-wp-style--right=\"state.imageButtonRight\"\n\t\t\tdata-wp-style--top=\"state.imageButtonTop\"\n\t\t>\n\t\t\t<svg xmlns=\"http:\/\/www.w3.org\/2000\/svg\" width=\"12\" height=\"12\" fill=\"none\" viewBox=\"0 0 12 12\">\n\t\t\t\t<path fill=\"#fff\" d=\"M2 0a2 2 0 0 0-2 2v2h1.5V2a.5.5 0 0 1 .5-.5h2V0H2Zm2 10.5H2a.5.5 0 0 1-.5-.5V8H0v2a2 2 0 0 0 2 2h2v-1.5ZM8 12v-1.5h2a.5.5 0 0 0 .5-.5V8H12v2a2 2 0 0 1-2 2H8Zm2-12a2 2 0 0 1 2 2v2h-1.5V2a.5.5 0 0 0-.5-.5H8V0h2Z\" \/>\n\t\t\t<\/svg>\n\t\t<\/button><\/figure>\n<\/div>\n<\/div>\n<\/div>\n<\/div>\n\n\n\n<p>Cr\u00e9ation couture dessin fait \u00e0 la main . <\/p>\n\n\n\n<p>Taille : 22x29x7cm. <\/p>\n\n\n\n<p>Mati\u00e8re: coton imperm\u00e9abilis\u00e9, velours, fausse fourrure<\/p>\n\n\n\n<ul class=\"wp-block-list\">\n<li>aucune reproduction, pi\u00e8ce unique*<\/li>\n<\/ul>\n\n\n\n<p><\/p>\n\n\n\n<h4 class=\"wp-block-heading\">45 euros<\/h4>\n\n\n\n<p>Livraison La poste gratuite <\/p>\n\n\n<form action=\"https:\/\/www.paypal.com\/cgi-bin\/webscr\" method=\"post\" target=\"_blank\">\n  <input type=\"hidden\" name=\"cmd\" value=\"_s-xclick\" \/><br \/>\n  <input type=\"hidden\" name=\"hosted_button_id\" value=\"ABFQNXYH5VYLL\" \/><br \/>\n  <input type=\"hidden\" name=\"currency_code\" value=\"EUR\" \/><br \/>\n  <input type=\"image\" src=\"https:\/\/cynyem.com\/wp-content\/uploads\/2024\/07\/acheter-cynyemcom-1.jpg\" border=\"0\" name=\"submit\" title=\"PayPal, votre r\u00e9flexe s\u00e9curit\u00e9 pour payer en ligne.\" alt=\"Ajouter au panier\" \/><br \/>\n<\/form>\n\n\n\n<p><\/p>\n","protected":false},"excerpt":{"rendered":"<p>Cr\u00e9ation couture dessin fait \u00e0 la main . Taille : 22x29x7cm. Mati\u00e8re: coton imperm\u00e9abilis\u00e9, velours, fausse fourrure 45 euros Livraison La poste gratuite<\/p>\n","protected":false},"author":1,"featured_media":0,"parent":0,"menu_order":0,"comment_status":"closed","ping_status":"closed","template":"","meta":{"_glsr_average":0,"_glsr_ranking":0,"_glsr_reviews":0,"footnotes":""},"class_list":["post-568","page","type-page","status-publish","hentry"],"_links":{"self":[{"href":"https:\/\/cynyem.com\/index.php\/wp-json\/wp\/v2\/pages\/568","targetHints":{"allow":["GET"]}}],"collection":[{"href":"https:\/\/cynyem.com\/index.php\/wp-json\/wp\/v2\/pages"}],"about":[{"href":"https:\/\/cynyem.com\/index.php\/wp-json\/wp\/v2\/types\/page"}],"author":[{"embeddable":true,"href":"https:\/\/cynyem.com\/index.php\/wp-json\/wp\/v2\/users\/1"}],"replies":[{"embeddable":true,"href":"https:\/\/cynyem.com\/index.php\/wp-json\/wp\/v2\/comments?post=568"}],"version-history":[{"count":14,"href":"https:\/\/cynyem.com\/index.php\/wp-json\/wp\/v2\/pages\/568\/revisions"}],"predecessor-version":[{"id":1013,"href":"https:\/\/cynyem.com\/index.php\/wp-json\/wp\/v2\/pages\/568\/revisions\/1013"}],"wp:attachment":[{"href":"https:\/\/cynyem.com\/index.php\/wp-json\/wp\/v2\/media?parent=568"}],"curies":[{"name":"wp","href":"https:\/\/api.w.org\/{rel}","templated":true}]}}