{"id":530,"date":"2025-02-10T00:19:31","date_gmt":"2025-02-09T23:19:31","guid":{"rendered":"http:\/\/cynyemf.cluster100.hosting.ovh.net\/ovh\/?page_id=530"},"modified":"2025-03-09T12:59:04","modified_gmt":"2025-03-09T11:59:04","slug":"dessin-lionel","status":"publish","type":"page","link":"https:\/\/cynyem.com\/index.php\/dessin-lionel\/","title":{"rendered":"Dessin Lionel"},"content":{"rendered":"<div class=\"wp-block-image\">\n<figure data-wp-context=\"{&quot;imageId&quot;:&quot;69e39152b2591&quot;}\" data-wp-interactive=\"core\/image\" data-wp-key=\"69e39152b2591\" class=\"alignleft size-large is-resized wp-lightbox-container\"><img loading=\"lazy\" decoding=\"async\" width=\"1024\" height=\"745\" data-wp-class--hide=\"state.isContentHidden\" data-wp-class--show=\"state.isContentVisible\" data-wp-init=\"callbacks.setButtonStyles\" data-wp-on--click=\"actions.showLightbox\" data-wp-on--load=\"callbacks.setButtonStyles\" data-wp-on-window--resize=\"callbacks.setButtonStyles\" src=\"https:\/\/cynyem.com\/wp-content\/uploads\/2025\/03\/1000023312-1024x745.jpg\" alt=\"\" class=\"wp-image-750\" style=\"width:562px;height:auto\" srcset=\"https:\/\/cynyem.com\/wp-content\/uploads\/2025\/03\/1000023312-1024x745.jpg 1024w, https:\/\/cynyem.com\/wp-content\/uploads\/2025\/03\/1000023312-300x218.jpg 300w, https:\/\/cynyem.com\/wp-content\/uploads\/2025\/03\/1000023312-768x559.jpg 768w, https:\/\/cynyem.com\/wp-content\/uploads\/2025\/03\/1000023312-1536x1118.jpg 1536w, https:\/\/cynyem.com\/wp-content\/uploads\/2025\/03\/1000023312.jpg 2022w\" sizes=\"auto, (max-width: 767px) 89vw, (max-width: 1000px) 54vw, (max-width: 1071px) 543px, 580px\" \/><button\n\t\t\tclass=\"lightbox-trigger\"\n\t\t\ttype=\"button\"\n\t\t\taria-haspopup=\"dialog\"\n\t\t\taria-label=\"Agrandir\"\n\t\t\tdata-wp-init=\"callbacks.initTriggerButton\"\n\t\t\tdata-wp-on--click=\"actions.showLightbox\"\n\t\t\tdata-wp-style--right=\"state.imageButtonRight\"\n\t\t\tdata-wp-style--top=\"state.imageButtonTop\"\n\t\t>\n\t\t\t<svg xmlns=\"http:\/\/www.w3.org\/2000\/svg\" width=\"12\" height=\"12\" fill=\"none\" viewBox=\"0 0 12 12\">\n\t\t\t\t<path fill=\"#fff\" d=\"M2 0a2 2 0 0 0-2 2v2h1.5V2a.5.5 0 0 1 .5-.5h2V0H2Zm2 10.5H2a.5.5 0 0 1-.5-.5V8H0v2a2 2 0 0 0 2 2h2v-1.5ZM8 12v-1.5h2a.5.5 0 0 0 .5-.5V8H12v2a2 2 0 0 1-2 2H8Zm2-12a2 2 0 0 1 2 2v2h-1.5V2a.5.5 0 0 0-.5-.5H8V0h2Z\" \/>\n\t\t\t<\/svg>\n\t\t<\/button><\/figure>\n<\/div>\n\n<div class=\"wp-block-image\">\n<figure data-wp-context=\"{&quot;imageId&quot;:&quot;69e39152b2a04&quot;}\" data-wp-interactive=\"core\/image\" data-wp-key=\"69e39152b2a04\" class=\"alignright size-full is-resized wp-lightbox-container\"><img loading=\"lazy\" decoding=\"async\" width=\"723\" height=\"1007\" data-wp-class--hide=\"state.isContentHidden\" data-wp-class--show=\"state.isContentVisible\" data-wp-init=\"callbacks.setButtonStyles\" data-wp-on--click=\"actions.showLightbox\" data-wp-on--load=\"callbacks.setButtonStyles\" data-wp-on-window--resize=\"callbacks.setButtonStyles\" src=\"https:\/\/cynyem.com\/wp-content\/uploads\/2025\/03\/1000021666-1.png\" alt=\"\" class=\"wp-image-751\" style=\"width:409px;height:auto\" srcset=\"https:\/\/cynyem.com\/wp-content\/uploads\/2025\/03\/1000021666-1.png 723w, https:\/\/cynyem.com\/wp-content\/uploads\/2025\/03\/1000021666-1-215x300.png 215w\" sizes=\"auto, (max-width: 723px) 100vw, 723px\" \/><button\n\t\t\tclass=\"lightbox-trigger\"\n\t\t\ttype=\"button\"\n\t\t\taria-haspopup=\"dialog\"\n\t\t\taria-label=\"Agrandir\"\n\t\t\tdata-wp-init=\"callbacks.initTriggerButton\"\n\t\t\tdata-wp-on--click=\"actions.showLightbox\"\n\t\t\tdata-wp-style--right=\"state.imageButtonRight\"\n\t\t\tdata-wp-style--top=\"state.imageButtonTop\"\n\t\t>\n\t\t\t<svg xmlns=\"http:\/\/www.w3.org\/2000\/svg\" width=\"12\" height=\"12\" fill=\"none\" viewBox=\"0 0 12 12\">\n\t\t\t\t<path fill=\"#fff\" d=\"M2 0a2 2 0 0 0-2 2v2h1.5V2a.5.5 0 0 1 .5-.5h2V0H2Zm2 10.5H2a.5.5 0 0 1-.5-.5V8H0v2a2 2 0 0 0 2 2h2v-1.5ZM8 12v-1.5h2a.5.5 0 0 0 .5-.5V8H12v2a2 2 0 0 1-2 2H8Zm2-12a2 2 0 0 1 2 2v2h-1.5V2a.5.5 0 0 0-.5-.5H8V0h2Z\" \/>\n\t\t\t<\/svg>\n\t\t<\/button><\/figure>\n<\/div>\n\n<div class=\"wp-block-image\">\n<figure data-wp-context=\"{&quot;imageId&quot;:&quot;69e39152b2e24&quot;}\" data-wp-interactive=\"core\/image\" data-wp-key=\"69e39152b2e24\" class=\"aligncenter size-large is-resized wp-lightbox-container\"><img loading=\"lazy\" decoding=\"async\" width=\"1024\" height=\"1024\" data-wp-class--hide=\"state.isContentHidden\" data-wp-class--show=\"state.isContentVisible\" data-wp-init=\"callbacks.setButtonStyles\" data-wp-on--click=\"actions.showLightbox\" data-wp-on--load=\"callbacks.setButtonStyles\" data-wp-on-window--resize=\"callbacks.setButtonStyles\" src=\"https:\/\/cynyem.com\/wp-content\/uploads\/2025\/03\/1000023323-1024x1024.jpg\" alt=\"\" class=\"wp-image-699\" style=\"width:475px;height:auto\" srcset=\"https:\/\/cynyem.com\/wp-content\/uploads\/2025\/03\/1000023323-1024x1024.jpg 1024w, https:\/\/cynyem.com\/wp-content\/uploads\/2025\/03\/1000023323-300x300.jpg 300w, https:\/\/cynyem.com\/wp-content\/uploads\/2025\/03\/1000023323-150x150.jpg 150w, https:\/\/cynyem.com\/wp-content\/uploads\/2025\/03\/1000023323-768x768.jpg 768w, https:\/\/cynyem.com\/wp-content\/uploads\/2025\/03\/1000023323-1536x1536.jpg 1536w, https:\/\/cynyem.com\/wp-content\/uploads\/2025\/03\/1000023323-100x100.jpg 100w, https:\/\/cynyem.com\/wp-content\/uploads\/2025\/03\/1000023323.jpg 2000w\" sizes=\"auto, (max-width: 767px) 89vw, (max-width: 1000px) 54vw, (max-width: 1071px) 543px, 580px\" \/><button\n\t\t\tclass=\"lightbox-trigger\"\n\t\t\ttype=\"button\"\n\t\t\taria-haspopup=\"dialog\"\n\t\t\taria-label=\"Agrandir\"\n\t\t\tdata-wp-init=\"callbacks.initTriggerButton\"\n\t\t\tdata-wp-on--click=\"actions.showLightbox\"\n\t\t\tdata-wp-style--right=\"state.imageButtonRight\"\n\t\t\tdata-wp-style--top=\"state.imageButtonTop\"\n\t\t>\n\t\t\t<svg xmlns=\"http:\/\/www.w3.org\/2000\/svg\" width=\"12\" height=\"12\" fill=\"none\" viewBox=\"0 0 12 12\">\n\t\t\t\t<path fill=\"#fff\" d=\"M2 0a2 2 0 0 0-2 2v2h1.5V2a.5.5 0 0 1 .5-.5h2V0H2Zm2 10.5H2a.5.5 0 0 1-.5-.5V8H0v2a2 2 0 0 0 2 2h2v-1.5ZM8 12v-1.5h2a.5.5 0 0 0 .5-.5V8H12v2a2 2 0 0 1-2 2H8Zm2-12a2 2 0 0 1 2 2v2h-1.5V2a.5.5 0 0 0-.5-.5H8V0h2Z\" \/>\n\t\t\t<\/svg>\n\t\t<\/button><\/figure>\n<\/div>\n\n\n<p>Dessin Lionel Richie r\u00e9alis\u00e9 aux crayons graphites sur feuille 135g format 20x30cm. Vendu non encadr\u00e9<\/p>\n\n\n\n<h4 class=\"wp-block-heading\">63 euros<\/h4>\n\n\n\n<p>Livraison La poste gratuite <\/p>\n\n\n<form action=\"https:\/\/www.paypal.com\/cgi-bin\/webscr\" method=\"post\" target=\"_blank\">\n  <input type=\"hidden\" name=\"cmd\" value=\"_s-xclick\" \/><br \/>\n  <input type=\"hidden\" name=\"hosted_button_id\" value=\"AKGNK95NA3Q5E\" \/><br \/>\n  <input type=\"hidden\" name=\"currency_code\" value=\"EUR\" \/><br \/>\n  <input type=\"image\" src=\"https:\/\/cynyem.com\/wp-content\/uploads\/2024\/07\/acheter-cynyemcom-1.jpg\" border=\"0\" name=\"submit\" title=\"PayPal, votre r\u00e9flexe s\u00e9curit\u00e9 pour payer en ligne.\" alt=\"Ajouter au panier\" \/><br \/>\n<\/form>\n","protected":false},"excerpt":{"rendered":"<p>Dessin Lionel Richie r\u00e9alis\u00e9 aux crayons graphites sur feuille 135g format 20x30cm. Vendu non encadr\u00e9 63 euros Livraison La poste gratuite<\/p>\n","protected":false},"author":1,"featured_media":0,"parent":0,"menu_order":0,"comment_status":"closed","ping_status":"closed","template":"","meta":{"_glsr_average":0,"_glsr_ranking":0,"_glsr_reviews":0,"footnotes":""},"class_list":["post-530","page","type-page","status-publish","hentry"],"_links":{"self":[{"href":"https:\/\/cynyem.com\/index.php\/wp-json\/wp\/v2\/pages\/530","targetHints":{"allow":["GET"]}}],"collection":[{"href":"https:\/\/cynyem.com\/index.php\/wp-json\/wp\/v2\/pages"}],"about":[{"href":"https:\/\/cynyem.com\/index.php\/wp-json\/wp\/v2\/types\/page"}],"author":[{"embeddable":true,"href":"https:\/\/cynyem.com\/index.php\/wp-json\/wp\/v2\/users\/1"}],"replies":[{"embeddable":true,"href":"https:\/\/cynyem.com\/index.php\/wp-json\/wp\/v2\/comments?post=530"}],"version-history":[{"count":2,"href":"https:\/\/cynyem.com\/index.php\/wp-json\/wp\/v2\/pages\/530\/revisions"}],"predecessor-version":[{"id":753,"href":"https:\/\/cynyem.com\/index.php\/wp-json\/wp\/v2\/pages\/530\/revisions\/753"}],"wp:attachment":[{"href":"https:\/\/cynyem.com\/index.php\/wp-json\/wp\/v2\/media?parent=530"}],"curies":[{"name":"wp","href":"https:\/\/api.w.org\/{rel}","templated":true}]}}