{"id":464,"date":"2025-02-03T17:42:33","date_gmt":"2025-02-03T16:42:33","guid":{"rendered":"http:\/\/cynyemf.cluster100.hosting.ovh.net\/ovh\/?page_id=464"},"modified":"2025-03-09T13:11:55","modified_gmt":"2025-03-09T12:11:55","slug":"dessin-erykah","status":"publish","type":"page","link":"https:\/\/cynyem.com\/index.php\/dessin-erykah\/","title":{"rendered":"Dessin Erykah"},"content":{"rendered":"<div class=\"wp-block-image\">\n<figure data-wp-context=\"{&quot;imageId&quot;:&quot;69e3a6e3a0416&quot;}\" data-wp-interactive=\"core\/image\" data-wp-key=\"69e3a6e3a0416\" class=\"alignleft size-large is-resized wp-lightbox-container\"><img loading=\"lazy\" decoding=\"async\" width=\"722\" height=\"1024\" data-wp-class--hide=\"state.isContentHidden\" data-wp-class--show=\"state.isContentVisible\" data-wp-init=\"callbacks.setButtonStyles\" data-wp-on--click=\"actions.showLightbox\" data-wp-on--load=\"callbacks.setButtonStyles\" data-wp-on-window--resize=\"callbacks.setButtonStyles\" src=\"https:\/\/cynyem.com\/wp-content\/uploads\/2022\/10\/cci_000019-722x1024.jpg\" alt=\"\" class=\"wp-image-36\" style=\"width:283px;height:auto\" srcset=\"https:\/\/cynyem.com\/wp-content\/uploads\/2022\/10\/cci_000019-722x1024.jpg 722w, https:\/\/cynyem.com\/wp-content\/uploads\/2022\/10\/cci_000019-211x300.jpg 211w, https:\/\/cynyem.com\/wp-content\/uploads\/2022\/10\/cci_000019-768x1089.jpg 768w, https:\/\/cynyem.com\/wp-content\/uploads\/2022\/10\/cci_000019-1083x1536.jpg 1083w, https:\/\/cynyem.com\/wp-content\/uploads\/2022\/10\/cci_000019-1444x2048.jpg 1444w, https:\/\/cynyem.com\/wp-content\/uploads\/2022\/10\/cci_000019-scaled.jpg 1805w\" sizes=\"auto, (max-width: 722px) 100vw, 722px\" \/><button\n\t\t\tclass=\"lightbox-trigger\"\n\t\t\ttype=\"button\"\n\t\t\taria-haspopup=\"dialog\"\n\t\t\taria-label=\"Agrandir\"\n\t\t\tdata-wp-init=\"callbacks.initTriggerButton\"\n\t\t\tdata-wp-on--click=\"actions.showLightbox\"\n\t\t\tdata-wp-style--right=\"state.imageButtonRight\"\n\t\t\tdata-wp-style--top=\"state.imageButtonTop\"\n\t\t>\n\t\t\t<svg xmlns=\"http:\/\/www.w3.org\/2000\/svg\" width=\"12\" height=\"12\" fill=\"none\" viewBox=\"0 0 12 12\">\n\t\t\t\t<path fill=\"#fff\" d=\"M2 0a2 2 0 0 0-2 2v2h1.5V2a.5.5 0 0 1 .5-.5h2V0H2Zm2 10.5H2a.5.5 0 0 1-.5-.5V8H0v2a2 2 0 0 0 2 2h2v-1.5ZM8 12v-1.5h2a.5.5 0 0 0 .5-.5V8H12v2a2 2 0 0 1-2 2H8Zm2-12a2 2 0 0 1 2 2v2h-1.5V2a.5.5 0 0 0-.5-.5H8V0h2Z\" \/>\n\t\t\t<\/svg>\n\t\t<\/button><\/figure>\n<\/div>\n\n<div class=\"wp-block-image\">\n<figure data-wp-context=\"{&quot;imageId&quot;:&quot;69e3a6e3a0950&quot;}\" data-wp-interactive=\"core\/image\" data-wp-key=\"69e3a6e3a0950\" class=\"alignright size-large is-resized wp-lightbox-container\"><img loading=\"lazy\" decoding=\"async\" width=\"1024\" height=\"684\" data-wp-class--hide=\"state.isContentHidden\" data-wp-class--show=\"state.isContentVisible\" data-wp-init=\"callbacks.setButtonStyles\" data-wp-on--click=\"actions.showLightbox\" data-wp-on--load=\"callbacks.setButtonStyles\" data-wp-on-window--resize=\"callbacks.setButtonStyles\" src=\"https:\/\/cynyem.com\/wp-content\/uploads\/2025\/03\/1000021555-1024x684.png\" alt=\"\" class=\"wp-image-755\" style=\"width:519px;height:auto\" srcset=\"https:\/\/cynyem.com\/wp-content\/uploads\/2025\/03\/1000021555-1024x684.png 1024w, https:\/\/cynyem.com\/wp-content\/uploads\/2025\/03\/1000021555-300x200.png 300w, https:\/\/cynyem.com\/wp-content\/uploads\/2025\/03\/1000021555-768x513.png 768w, https:\/\/cynyem.com\/wp-content\/uploads\/2025\/03\/1000021555-1536x1025.png 1536w, https:\/\/cynyem.com\/wp-content\/uploads\/2025\/03\/1000021555.png 2048w\" sizes=\"auto, (max-width: 767px) 89vw, (max-width: 1000px) 54vw, (max-width: 1071px) 543px, 580px\" \/><button\n\t\t\tclass=\"lightbox-trigger\"\n\t\t\ttype=\"button\"\n\t\t\taria-haspopup=\"dialog\"\n\t\t\taria-label=\"Agrandir\"\n\t\t\tdata-wp-init=\"callbacks.initTriggerButton\"\n\t\t\tdata-wp-on--click=\"actions.showLightbox\"\n\t\t\tdata-wp-style--right=\"state.imageButtonRight\"\n\t\t\tdata-wp-style--top=\"state.imageButtonTop\"\n\t\t>\n\t\t\t<svg xmlns=\"http:\/\/www.w3.org\/2000\/svg\" width=\"12\" height=\"12\" fill=\"none\" viewBox=\"0 0 12 12\">\n\t\t\t\t<path fill=\"#fff\" d=\"M2 0a2 2 0 0 0-2 2v2h1.5V2a.5.5 0 0 1 .5-.5h2V0H2Zm2 10.5H2a.5.5 0 0 1-.5-.5V8H0v2a2 2 0 0 0 2 2h2v-1.5ZM8 12v-1.5h2a.5.5 0 0 0 .5-.5V8H12v2a2 2 0 0 1-2 2H8Zm2-12a2 2 0 0 1 2 2v2h-1.5V2a.5.5 0 0 0-.5-.5H8V0h2Z\" \/>\n\t\t\t<\/svg>\n\t\t<\/button><\/figure>\n<\/div>\n\n<div class=\"wp-block-image\">\n<figure data-wp-context=\"{&quot;imageId&quot;:&quot;69e3a6e3a0e04&quot;}\" data-wp-interactive=\"core\/image\" data-wp-key=\"69e3a6e3a0e04\" class=\"aligncenter size-large is-resized wp-lightbox-container\"><img loading=\"lazy\" decoding=\"async\" width=\"779\" height=\"1024\" data-wp-class--hide=\"state.isContentHidden\" data-wp-class--show=\"state.isContentVisible\" data-wp-init=\"callbacks.setButtonStyles\" data-wp-on--click=\"actions.showLightbox\" data-wp-on--load=\"callbacks.setButtonStyles\" data-wp-on-window--resize=\"callbacks.setButtonStyles\" src=\"https:\/\/cynyem.com\/wp-content\/uploads\/2025\/03\/1000023307-779x1024.jpg\" alt=\"\" class=\"wp-image-700\" style=\"width:517px;height:auto\" srcset=\"https:\/\/cynyem.com\/wp-content\/uploads\/2025\/03\/1000023307-779x1024.jpg 779w, https:\/\/cynyem.com\/wp-content\/uploads\/2025\/03\/1000023307-228x300.jpg 228w, https:\/\/cynyem.com\/wp-content\/uploads\/2025\/03\/1000023307-768x1010.jpg 768w, https:\/\/cynyem.com\/wp-content\/uploads\/2025\/03\/1000023307-1168x1536.jpg 1168w, https:\/\/cynyem.com\/wp-content\/uploads\/2025\/03\/1000023307.jpg 1521w\" sizes=\"auto, (max-width: 767px) 89vw, (max-width: 1000px) 54vw, (max-width: 1071px) 543px, 580px\" \/><button\n\t\t\tclass=\"lightbox-trigger\"\n\t\t\ttype=\"button\"\n\t\t\taria-haspopup=\"dialog\"\n\t\t\taria-label=\"Agrandir\"\n\t\t\tdata-wp-init=\"callbacks.initTriggerButton\"\n\t\t\tdata-wp-on--click=\"actions.showLightbox\"\n\t\t\tdata-wp-style--right=\"state.imageButtonRight\"\n\t\t\tdata-wp-style--top=\"state.imageButtonTop\"\n\t\t>\n\t\t\t<svg xmlns=\"http:\/\/www.w3.org\/2000\/svg\" width=\"12\" height=\"12\" fill=\"none\" viewBox=\"0 0 12 12\">\n\t\t\t\t<path fill=\"#fff\" d=\"M2 0a2 2 0 0 0-2 2v2h1.5V2a.5.5 0 0 1 .5-.5h2V0H2Zm2 10.5H2a.5.5 0 0 1-.5-.5V8H0v2a2 2 0 0 0 2 2h2v-1.5ZM8 12v-1.5h2a.5.5 0 0 0 .5-.5V8H12v2a2 2 0 0 1-2 2H8Zm2-12a2 2 0 0 1 2 2v2h-1.5V2a.5.5 0 0 0-.5-.5H8V0h2Z\" \/>\n\t\t\t<\/svg>\n\t\t<\/button><\/figure>\n<\/div>\n\n\n<p><\/p>\n\n\n\n<p>Dessin Erykah Badu r\u00e9alis\u00e9 au feutre noir et peinture acrylique sur feuille 135g format 20 x 30 cm. Vendu non encadr\u00e9.<\/p>\n\n\n\n<h3 class=\"wp-block-heading\"><strong>63 euros<\/strong><\/h3>\n\n\n\n<p>Livraison la poste gratuite <\/p>\n\n\n<form action=\"https:\/\/www.paypal.com\/cgi-bin\/webscr\" method=\"post\" target=\"_blank\">\n  <input type=\"hidden\" name=\"cmd\" value=\"_s-xclick\" \/><br \/>\n  <input type=\"hidden\" name=\"hosted_button_id\" value=\"WBCZDHGML2HLC\" \/><br \/>\n  <input type=\"hidden\" name=\"currency_code\" value=\"EUR\" \/><br \/>\n  <input type=\"image\" src=\"https:\/\/cynyem.com\/wp-content\/uploads\/2024\/07\/acheter-cynyemcom-1.jpg\" border=\"0\" name=\"submit\" title=\"PayPal, votre r\u00e9flexe s\u00e9curit\u00e9 pour payer en ligne.\" alt=\"Ajouter au panier\" \/><br \/>\n<\/form>\n","protected":false},"excerpt":{"rendered":"<p>Dessin Erykah Badu r\u00e9alis\u00e9 au feutre noir et peinture acrylique sur feuille 135g format 20 x 30 cm. Vendu non encadr\u00e9. 63 euros Livraison la poste gratuite<\/p>\n","protected":false},"author":1,"featured_media":0,"parent":0,"menu_order":0,"comment_status":"closed","ping_status":"closed","template":"","meta":{"_glsr_average":0,"_glsr_ranking":0,"_glsr_reviews":0,"footnotes":""},"class_list":["post-464","page","type-page","status-publish","hentry"],"_links":{"self":[{"href":"https:\/\/cynyem.com\/index.php\/wp-json\/wp\/v2\/pages\/464","targetHints":{"allow":["GET"]}}],"collection":[{"href":"https:\/\/cynyem.com\/index.php\/wp-json\/wp\/v2\/pages"}],"about":[{"href":"https:\/\/cynyem.com\/index.php\/wp-json\/wp\/v2\/types\/page"}],"author":[{"embeddable":true,"href":"https:\/\/cynyem.com\/index.php\/wp-json\/wp\/v2\/users\/1"}],"replies":[{"embeddable":true,"href":"https:\/\/cynyem.com\/index.php\/wp-json\/wp\/v2\/comments?post=464"}],"version-history":[{"count":2,"href":"https:\/\/cynyem.com\/index.php\/wp-json\/wp\/v2\/pages\/464\/revisions"}],"predecessor-version":[{"id":756,"href":"https:\/\/cynyem.com\/index.php\/wp-json\/wp\/v2\/pages\/464\/revisions\/756"}],"wp:attachment":[{"href":"https:\/\/cynyem.com\/index.php\/wp-json\/wp\/v2\/media?parent=464"}],"curies":[{"name":"wp","href":"https:\/\/api.w.org\/{rel}","templated":true}]}}