{"id":393,"date":"2025-01-30T15:47:40","date_gmt":"2025-01-30T14:47:40","guid":{"rendered":"http:\/\/cynyemf.cluster100.hosting.ovh.net\/ovh\/?page_id=393"},"modified":"2025-07-06T01:02:24","modified_gmt":"2025-07-05T23:02:24","slug":"avis-clients","status":"publish","type":"page","link":"https:\/\/cynyem.com\/index.php\/avis-clients\/","title":{"rendered":"Avis Clients"},"content":{"rendered":"<div class=\"shortcode-site-reviews\"><div class=\"glsr glsr-default\" id=\"glsr_lip4kl4n\" data-from=\"shortcode\" data-shortcode=\"site_reviews\" data-display=\"20\" data-pagination=\"ajax\"><div class=\"glsr-reviews-wrap\">\n    <div class=\"glsr-reviews\">\n        <div class=\"glsr-review\" data-id=\"868\" data-type=\"local\" id=\"review-868\" data-assigned='[]'>\n    <div class=\"glsr-review-title\"><h4 class=\"glsr-tag-value\">Portraits magnifiques<\/h4><\/div>\n    <div class=\"glsr-review-rating\"><div class=\"glsr-star-rating glsr-stars\" role=\"img\" aria-label=\"Rated 5 out of 5 stars\" data-rating=\"5\" data-reviews=\"0\"><span class=\"glsr-star glsr-star-full\" aria-hidden=\"true\"><\/span><span class=\"glsr-star glsr-star-full\" aria-hidden=\"true\"><\/span><span class=\"glsr-star glsr-star-full\" aria-hidden=\"true\"><\/span><span class=\"glsr-star glsr-star-full\" aria-hidden=\"true\"><\/span><span class=\"glsr-star glsr-star-full\" aria-hidden=\"true\"><\/span><\/div><\/div> <div class=\"glsr-review-date\"><span class=\"glsr-tag-value\">11 mars 2025<\/span><\/div>\n    \n    <div class=\"glsr-review-content\"><div class=\"glsr-tag-value\" data-expanded=\"false\"><p>Tes dessins sont les meilleurs ma belle. Continue comme \u00e7a \u2764\ufe0f<\/p><\/div><\/div>\n    \n    <div class=\"glsr-review-author\"><span class=\"glsr-tag-value\">Hubert Maud<\/span><\/div>  \n    \n<\/div>\n<div class=\"glsr-review\" data-id=\"862\" data-type=\"local\" id=\"review-862\" data-assigned='[]'>\n    <div class=\"glsr-review-title\"><h4 class=\"glsr-tag-value\">R\u00e9sultat incroyable<\/h4><\/div>\n    <div class=\"glsr-review-rating\"><div class=\"glsr-star-rating glsr-stars\" role=\"img\" aria-label=\"Rated 5 out of 5 stars\" data-rating=\"5\" data-reviews=\"0\"><span class=\"glsr-star glsr-star-full\" aria-hidden=\"true\"><\/span><span class=\"glsr-star glsr-star-full\" aria-hidden=\"true\"><\/span><span class=\"glsr-star glsr-star-full\" aria-hidden=\"true\"><\/span><span class=\"glsr-star glsr-star-full\" aria-hidden=\"true\"><\/span><span class=\"glsr-star glsr-star-full\" aria-hidden=\"true\"><\/span><\/div><\/div> <div class=\"glsr-review-date\"><span class=\"glsr-tag-value\">10 mars 2025<\/span><\/div>\n    \n    <div class=\"glsr-review-content\"><div class=\"glsr-tag-value\" data-expanded=\"false\"><p>J\u2019ai command\u00e9 un portrait de ma fille et mon gendre d\u2019apr\u00e8s une photo, le r\u00e9sultat est plus que r\u00e9aliste, il est vraiment magnifique. Je suis ravie \ud83e\udd29\ud83e\udd70<\/p><\/div><\/div>\n    \n    <div class=\"glsr-review-author\"><span class=\"glsr-tag-value\">Alexandra Beurier<\/span><\/div>  \n    \n<\/div>\n<div class=\"glsr-review\" data-id=\"859\" data-type=\"local\" id=\"review-859\" data-assigned='[]'>\n    <div class=\"glsr-review-title\"><h4 class=\"glsr-tag-value\">Sacoche, pochette tablette<\/h4><\/div>\n    <div class=\"glsr-review-rating\"><div class=\"glsr-star-rating glsr-stars\" role=\"img\" aria-label=\"Rated 5 out of 5 stars\" data-rating=\"5\" data-reviews=\"0\"><span class=\"glsr-star glsr-star-full\" aria-hidden=\"true\"><\/span><span class=\"glsr-star glsr-star-full\" aria-hidden=\"true\"><\/span><span class=\"glsr-star glsr-star-full\" aria-hidden=\"true\"><\/span><span class=\"glsr-star glsr-star-full\" aria-hidden=\"true\"><\/span><span class=\"glsr-star glsr-star-full\" aria-hidden=\"true\"><\/span><\/div><\/div> <div class=\"glsr-review-date\"><span class=\"glsr-tag-value\">10 mars 2025<\/span><\/div>\n    \n    <div class=\"glsr-review-content\"><div class=\"glsr-tag-value\" data-expanded=\"false\"><p>Parfait, j\u2019en ai commander 2 ,ils sont magnifiques, m\u00eame les dessins mes enfants on ador\u00e9s et moi j\u2019ai commander une pochette pour tablette, j\u2019adore.merci encore.\ud83d\ude4f\ud83d\udc9d\ud83d\udc96<\/p><\/div><\/div>\n    \n    <div class=\"glsr-review-author\"><span class=\"glsr-tag-value\">KEN kolap<\/span><\/div>  \n    \n<\/div>\n<div class=\"glsr-review\" data-id=\"851\" data-type=\"local\" id=\"review-851\" data-assigned='[]'>\n    <div class=\"glsr-review-title\"><h4 class=\"glsr-tag-value\">Portrait<\/h4><\/div>\n    <div class=\"glsr-review-rating\"><div class=\"glsr-star-rating glsr-stars\" role=\"img\" aria-label=\"Rated 5 out of 5 stars\" data-rating=\"5\" data-reviews=\"0\"><span class=\"glsr-star glsr-star-full\" aria-hidden=\"true\"><\/span><span class=\"glsr-star glsr-star-full\" aria-hidden=\"true\"><\/span><span class=\"glsr-star glsr-star-full\" aria-hidden=\"true\"><\/span><span class=\"glsr-star glsr-star-full\" aria-hidden=\"true\"><\/span><span class=\"glsr-star glsr-star-full\" aria-hidden=\"true\"><\/span><\/div><\/div> <div class=\"glsr-review-date\"><span class=\"glsr-tag-value\">10 mars 2025<\/span><\/div>\n    \n    <div class=\"glsr-review-content\"><div class=\"glsr-tag-value\" data-expanded=\"false\"><p>Super contente des portraits, l&#8217;envoi est soign\u00e9.<\/p><\/div><\/div>\n    \n    <div class=\"glsr-review-author\"><span class=\"glsr-tag-value\">Marie<\/span><\/div>  \n    \n<\/div>\n<div class=\"glsr-review\" data-id=\"852\" data-type=\"local\" id=\"review-852\" data-assigned='[]'>\n    <div class=\"glsr-review-title\"><h4 class=\"glsr-tag-value\">Sacoche<\/h4><\/div>\n    <div class=\"glsr-review-rating\"><div class=\"glsr-star-rating glsr-stars\" role=\"img\" aria-label=\"Rated 5 out of 5 stars\" data-rating=\"5\" data-reviews=\"0\"><span class=\"glsr-star glsr-star-full\" aria-hidden=\"true\"><\/span><span class=\"glsr-star glsr-star-full\" aria-hidden=\"true\"><\/span><span class=\"glsr-star glsr-star-full\" aria-hidden=\"true\"><\/span><span class=\"glsr-star glsr-star-full\" aria-hidden=\"true\"><\/span><span class=\"glsr-star glsr-star-full\" aria-hidden=\"true\"><\/span><\/div><\/div> <div class=\"glsr-review-date\"><span class=\"glsr-tag-value\">10 mars 2025<\/span><\/div>\n    \n    <div class=\"glsr-review-content\"><div class=\"glsr-tag-value\" data-expanded=\"false\"><p>Sacoche offert en cadeau a mon fr\u00e8re, de bonne qualit\u00e9 et unique car personnalisable avec un dessin fait main qui apr\u00e8s 5 mois d&#8217;utilisation n&#8217;a pas boug\u00e9. Top !<\/p><\/div><\/div>\n    \n    <div class=\"glsr-review-author\"><span class=\"glsr-tag-value\">Rapha\u00ebl<\/span><\/div>  \n    \n<\/div>\n<div class=\"glsr-review\" data-id=\"853\" data-type=\"local\" id=\"review-853\" data-assigned='[]'>\n    <div class=\"glsr-review-title\"><h4 class=\"glsr-tag-value\">Chouchou au top<\/h4><\/div>\n    <div class=\"glsr-review-rating\"><div class=\"glsr-star-rating glsr-stars\" role=\"img\" aria-label=\"Rated 5 out of 5 stars\" data-rating=\"5\" data-reviews=\"0\"><span class=\"glsr-star glsr-star-full\" aria-hidden=\"true\"><\/span><span class=\"glsr-star glsr-star-full\" aria-hidden=\"true\"><\/span><span class=\"glsr-star glsr-star-full\" aria-hidden=\"true\"><\/span><span class=\"glsr-star glsr-star-full\" aria-hidden=\"true\"><\/span><span class=\"glsr-star glsr-star-full\" aria-hidden=\"true\"><\/span><\/div><\/div> <div class=\"glsr-review-date\"><span class=\"glsr-tag-value\">10 mars 2025<\/span><\/div>\n    \n    <div class=\"glsr-review-content\"><div class=\"glsr-tag-value\" data-expanded=\"false\"><p>J&#8217;ai command\u00e9 12 chouchous pour mes petites danseuse pour un spectacle. Elles ne les quittent plus. Chouchou de tr\u00e8s bonne qualit\u00e9.<\/p><\/div><\/div>\n    \n    <div class=\"glsr-review-author\"><span class=\"glsr-tag-value\">Maryl\u00e8ne<\/span><\/div>  \n    \n<\/div>\n<div class=\"glsr-review\" data-id=\"854\" data-type=\"local\" id=\"review-854\" data-assigned='[]'>\n    <div class=\"glsr-review-title\"><h4 class=\"glsr-tag-value\">Dessin portrait<\/h4><\/div>\n    <div class=\"glsr-review-rating\"><div class=\"glsr-star-rating glsr-stars\" role=\"img\" aria-label=\"Rated 5 out of 5 stars\" data-rating=\"5\" data-reviews=\"0\"><span class=\"glsr-star glsr-star-full\" aria-hidden=\"true\"><\/span><span class=\"glsr-star glsr-star-full\" aria-hidden=\"true\"><\/span><span class=\"glsr-star glsr-star-full\" aria-hidden=\"true\"><\/span><span class=\"glsr-star glsr-star-full\" aria-hidden=\"true\"><\/span><span class=\"glsr-star glsr-star-full\" aria-hidden=\"true\"><\/span><\/div><\/div> <div class=\"glsr-review-date\"><span class=\"glsr-tag-value\">10 mars 2025<\/span><\/div>\n    \n    <div class=\"glsr-review-content\"><div class=\"glsr-tag-value\" data-expanded=\"false\"><p>D\u00e9j\u00e0 mon 3 \u00e8me portrait command\u00e9 pour offrir et \u00e7a fait toujours sont effet. Joignable facilement et rapidement, pour les demandes sp\u00e9cifiques li\u00e9 au produit.<\/p><\/div><\/div>\n    \n    <div class=\"glsr-review-author\"><span class=\"glsr-tag-value\">Jennifer<\/span><\/div>  \n    \n<\/div>\n    <\/div>\n    \n<\/div><\/div><\/div>\n\n\n\n<p><\/p>\n\n\n\n<p>_______________________________<\/p>\n\n\n<div class=\"shortcode-site-reviews-summary\"><div class=\"glsr glsr-default\" id=\"glsr_mlaozsok\" data-from=\"shortcode\" data-shortcode=\"site_reviews_summary\"><div class=\"glsr-summary-wrap\">\n    <div class=\"glsr-summary\">\n        <div class=\"glsr-summary-rating\"><span class=\"glsr-tag-value\">5,0<\/span><\/div>\n        <div class=\"glsr-summary-stars\"><div class=\"glsr-star-rating glsr-stars\" role=\"img\" aria-label=\"Rated 5 out of 5 stars based on 7 ratings\" data-rating=\"5\" data-reviews=\"7\"><span class=\"glsr-star glsr-star-full\" aria-hidden=\"true\"><\/span><span class=\"glsr-star glsr-star-full\" aria-hidden=\"true\"><\/span><span class=\"glsr-star glsr-star-full\" aria-hidden=\"true\"><\/span><span class=\"glsr-star glsr-star-full\" aria-hidden=\"true\"><\/span><span class=\"glsr-star glsr-star-full\" aria-hidden=\"true\"><\/span><\/div><\/div>\n        <div class=\"glsr-summary-text\"><span class=\"glsr-tag-value\">5,0 \u00e9toiles sur 5 (selon 7 avis)<\/span><\/div>\n        <div class=\"glsr-summary-percentages\"><div class=\"glsr-summary-bar\" data-level=\"5\"><span class=\"glsr-summary-bar-label\">5 star<\/span><span class=\"glsr-summary-bar-background\" style=\"--glsr-bar-percent:100%;\"><\/span><span class=\"glsr-summary-bar-percent\" data-percent=\"100%\" data-reviews=\"7\"><\/span><\/div><div class=\"glsr-summary-bar\" data-level=\"4\"><span class=\"glsr-summary-bar-label\">4 star<\/span><span class=\"glsr-summary-bar-background\" style=\"--glsr-bar-percent:0%;\"><\/span><span class=\"glsr-summary-bar-percent\" data-percent=\"0%\" data-reviews=\"0\"><\/span><\/div><div class=\"glsr-summary-bar\" data-level=\"3\"><span class=\"glsr-summary-bar-label\">3 star<\/span><span class=\"glsr-summary-bar-background\" style=\"--glsr-bar-percent:0%;\"><\/span><span class=\"glsr-summary-bar-percent\" data-percent=\"0%\" data-reviews=\"0\"><\/span><\/div><div class=\"glsr-summary-bar\" data-level=\"2\"><span class=\"glsr-summary-bar-label\">2 star<\/span><span class=\"glsr-summary-bar-background\" style=\"--glsr-bar-percent:0%;\"><\/span><span class=\"glsr-summary-bar-percent\" data-percent=\"0%\" data-reviews=\"0\"><\/span><\/div><div class=\"glsr-summary-bar\" data-level=\"1\"><span class=\"glsr-summary-bar-label\">1 star<\/span><span class=\"glsr-summary-bar-background\" style=\"--glsr-bar-percent:0%;\"><\/span><span class=\"glsr-summary-bar-percent\" data-percent=\"0%\" data-reviews=\"0\"><\/span><\/div><\/div>\n    <\/div>\n<\/div><\/div><\/div>\n\n\n\n<p>_______________________________<\/p>\n\n\n\n<p><\/p>\n\n\n\n<h5 class=\"wp-block-heading\"><em>Donner votre avis :<\/em><\/h5>\n\n\n<div class=\"shortcode-site-reviews-form\"><div class=\"glsr glsr-default\" id=\"glsr_im3bw6jd\" data-from=\"shortcode\" data-shortcode=\"site_reviews_form\"><div class=\"glsr-form-wrap\">\n    <form class=\"glsr-form glsr-review-form\" method=\"post\" enctype=\"multipart\/form-data\">\n        <input type=\"hidden\" name=\"site-reviews[_action]\" value=\"submit-review\" \/>\n<input type=\"hidden\" name=\"site-reviews[_nonce]\" value=\"b46855e1af\" \/>\n<input type=\"hidden\" name=\"site-reviews[_post_id]\" value=\"393\" \/>\n<input type=\"hidden\" name=\"site-reviews[_referer]\" value=\"\" \/>\n<input type=\"hidden\" name=\"site-reviews[assigned_posts]\" value=\"\" \/>\n<input type=\"hidden\" name=\"site-reviews[assigned_terms]\" value=\"\" \/>\n<input type=\"hidden\" name=\"site-reviews[assigned_users]\" value=\"\" \/>\n<input type=\"hidden\" name=\"site-reviews[excluded]\" value=\"\" \/>\n<input type=\"hidden\" name=\"site-reviews[form_id]\" value=\"glsr_im3bw6jd\" \/>\n<input type=\"hidden\" name=\"site-reviews[form_signature]\" value=\"z34LG0xCTw4feW1IYkVFPmkosOGkIq1MGJ0arfKbrOI72p71A-UvUSXtFbEVKf_STFdmi1u_Fxn4FjCIgNK_Gi6sq8eYRJNodxDVAflAS3Rgds8SKtg4ZPznVS0zPFrZ-bIFIgECo7Ucyc7gg0k3lQQ2ouGCODEHqfJj_Yo1c13n-1Idiu2mY1SjFFg-ImMNlepIkMbrGw07Kvo7wMZjagORvVekfK2cDAxAJB-2HWjGTZUJjLc-tFWC6agYMbb15CfPOwUP-8OhJ2HZsS0TxbvnKsyViezUCRYZex2RjhE-sJ3i32uutT21Deti05L80eOdEvqmnt6ae20EsDlZq-w3Fp70cia5iXsIz78HIi56mcWL3XfgRcFL9g4Y3rpZIi7buV-pfelXJOL_5HxrUcl_0bXjl4qjpxGznadyPbg4SU--hU_uPumMkA\" \/>\n<input type=\"hidden\" name=\"site-reviews[terms_exist]\" value=\"1\" \/>\n<div class=\"glsr-field\" style=\"display:none;\"><label for=\"site-reviews-44999b75-glsr_im3bw6jd\">Votre avis<\/label><input type=\"text\" class=\"glsr-input glsr-input-text\" id=\"site-reviews-44999b75-glsr_im3bw6jd\" name=\"site-reviews[44999b75]\" value=\"\" \/><\/div>\n<div class=\"glsr-field glsr-field-rating glsr-required\" data-field=\"rating\" data-type=\"rating\">\n    <label class=\"glsr-label\" for=\"glsr_im3bw6jd-rating\">\n    <span>Votre note globale<\/span>\n<\/label>\n    <select class=\"browser-default disable-select glsr-select no-wrap no_wrap\" id=\"glsr_im3bw6jd-rating\" name=\"site-reviews[rating]\" required><option value=\"\">S\u00e9lectionnez une note<\/option><option value=\"5\">5 \u00e9toiles<\/option><option value=\"4\">4 \u00e9toiles<\/option><option value=\"3\">3 \u00e9toiles<\/option><option value=\"2\">2 \u00e9toiles<\/option><option value=\"1\">1 \u00e9toile<\/option><\/select>\n    <div class=\"glsr-field-error\"><\/div>\n<\/div>\n<div class=\"glsr-field glsr-field-text glsr-required\" data-field=\"title\" data-type=\"text\">\n    <label class=\"glsr-label\" for=\"glsr_im3bw6jd-title\">\n    <span>Titre de votre avis<\/span>\n<\/label>\n    <input type=\"text\" class=\"glsr-input glsr-input-text\" id=\"glsr_im3bw6jd-title\" name=\"site-reviews[title]\" required placeholder=\"R\u00e9sumez votre avis ou mettez en \u00e9vidence un d\u00e9tail int\u00e9ressant\" value=\"\" \/>\n    <div class=\"glsr-field-error\"><\/div>\n<\/div>\n<div class=\"glsr-field glsr-field-textarea glsr-required\" data-field=\"content\" data-type=\"textarea\">\n    <label class=\"glsr-label\" for=\"glsr_im3bw6jd-content\">\n    <span>Votre avis<\/span>\n<\/label>\n    <textarea class=\"glsr-textarea\" id=\"glsr_im3bw6jd-content\" name=\"site-reviews[content]\" required placeholder=\"Donnez votre avis\" rows=\"5\"><\/textarea>\n    <div class=\"glsr-field-error\"><\/div>\n<\/div>\n<div class=\"glsr-field glsr-field-text glsr-required\" data-field=\"name\" data-type=\"text\">\n    <label class=\"glsr-label\" for=\"glsr_im3bw6jd-name\">\n    <span>Votre nom<\/span>\n<\/label>\n    <input type=\"text\" class=\"glsr-input glsr-input-text\" id=\"glsr_im3bw6jd-name\" name=\"site-reviews[name]\" required placeholder=\"Donnez votre nom\" value=\"\" \/>\n    <div class=\"glsr-field-error\"><\/div>\n<\/div>\n<div class=\"glsr-field glsr-field-email glsr-required\" data-field=\"email\" data-type=\"email\">\n    <label class=\"glsr-label\" for=\"glsr_im3bw6jd-email\">\n    <span>Votre e-mail<\/span>\n<\/label>\n    <input type=\"email\" class=\"glsr-input glsr-input-email\" id=\"glsr_im3bw6jd-email\" name=\"site-reviews[email]\" required placeholder=\"Donnez votre e-mail\" value=\"\" \/>\n    <div class=\"glsr-field-error\"><\/div>\n<\/div>\n<div class=\"glsr-field glsr-field-choice glsr-required\" data-field=\"terms\" data-type=\"toggle\">\n    \n    <div class=\"glsr-field-subgroup\">\n        <span class=\"glsr-field-toggle\">\n    <span>\n        <span class=\"glsr-toggle\"><input type=\"checkbox\" class=\"glsr-input-toggle\" id=\"glsr_im3bw6jd-terms-1\" name=\"site-reviews[terms]\" required value=\"1\" \/><span class=\"glsr-toggle-track\"><\/span><\/span>\n    <\/span>\n    <label for=\"glsr_im3bw6jd-terms-1\">Cette note est fond\u00e9e sur ma propre exp\u00e9rience et mon v\u00e9ritable avis.<\/label>\n<\/span>\n    <\/div>\n    <div class=\"glsr-field-error\"><\/div>\n<\/div>\n        <div class=\"glsr-form-message\">\n    \n<\/div>\n        <div data-field=\"submit-button\">\n    <div class=\"wp-block-buttons is-layout-flex\">\n        <div class=\"wp-block-button\">\n            <button type=\"submit\" class=\"glsr-button wp-block-button__link wp-element-button\" aria-busy=\"false\" data-loading=\"Submitting, please wait...\">Envoyer un avis<\/button>\n        <\/div>\n    <\/div>\n<\/div>\n    <\/form>\n<\/div><\/div><\/div>\n\n\n<p><head> <script async src=\"https:\/\/pagead2.googlesyndication.com\/pagead\/js\/adsbygoogle.js?client=ca-pub-6699409907961196\"\n     crossorigin=\"anonymous\"><\/script> <\/head><\/p>\n","protected":false},"excerpt":{"rendered":"<p>_______________________________ _______________________________ Donner votre avis :<\/p>\n","protected":false},"author":1,"featured_media":0,"parent":0,"menu_order":0,"comment_status":"closed","ping_status":"closed","template":"","meta":{"_glsr_average":0,"_glsr_ranking":0,"_glsr_reviews":0,"footnotes":""},"class_list":["post-393","page","type-page","status-publish","hentry"],"_links":{"self":[{"href":"https:\/\/cynyem.com\/index.php\/wp-json\/wp\/v2\/pages\/393","targetHints":{"allow":["GET"]}}],"collection":[{"href":"https:\/\/cynyem.com\/index.php\/wp-json\/wp\/v2\/pages"}],"about":[{"href":"https:\/\/cynyem.com\/index.php\/wp-json\/wp\/v2\/types\/page"}],"author":[{"embeddable":true,"href":"https:\/\/cynyem.com\/index.php\/wp-json\/wp\/v2\/users\/1"}],"replies":[{"embeddable":true,"href":"https:\/\/cynyem.com\/index.php\/wp-json\/wp\/v2\/comments?post=393"}],"version-history":[{"count":1,"href":"https:\/\/cynyem.com\/index.php\/wp-json\/wp\/v2\/pages\/393\/revisions"}],"predecessor-version":[{"id":1022,"href":"https:\/\/cynyem.com\/index.php\/wp-json\/wp\/v2\/pages\/393\/revisions\/1022"}],"wp:attachment":[{"href":"https:\/\/cynyem.com\/index.php\/wp-json\/wp\/v2\/media?parent=393"}],"curies":[{"name":"wp","href":"https:\/\/api.w.org\/{rel}","templated":true}]}}