{"id":1158,"date":"2026-03-07T01:11:50","date_gmt":"2026-03-07T00:11:50","guid":{"rendered":"https:\/\/cynyem.com\/?page_id=1158"},"modified":"2026-03-07T01:15:28","modified_gmt":"2026-03-07T00:15:28","slug":"portefeuille-zenitsu","status":"publish","type":"page","link":"https:\/\/cynyem.com\/index.php\/portefeuille-zenitsu\/","title":{"rendered":"Portefeuille Zenitsu"},"content":{"rendered":"<div class=\"wp-block-image\">\n<figure data-wp-context=\"{&quot;imageId&quot;:&quot;69dee4d0a1838&quot;}\" data-wp-interactive=\"core\/image\" data-wp-key=\"69dee4d0a1838\" class=\"aligncenter size-large is-resized wp-lightbox-container\"><img loading=\"lazy\" decoding=\"async\" width=\"754\" height=\"1024\" data-wp-class--hide=\"state.isContentHidden\" data-wp-class--show=\"state.isContentVisible\" data-wp-init=\"callbacks.setButtonStyles\" data-wp-on--click=\"actions.showLightbox\" data-wp-on--load=\"callbacks.setButtonStyles\" data-wp-on-window--resize=\"callbacks.setButtonStyles\" src=\"https:\/\/cynyem.com\/wp-content\/uploads\/2026\/03\/IMG_20260126_120534-1-754x1024.jpg\" alt=\"\" class=\"wp-image-1159\" style=\"width:397px;height:auto\" srcset=\"https:\/\/cynyem.com\/wp-content\/uploads\/2026\/03\/IMG_20260126_120534-1-754x1024.jpg 754w, https:\/\/cynyem.com\/wp-content\/uploads\/2026\/03\/IMG_20260126_120534-1-221x300.jpg 221w, https:\/\/cynyem.com\/wp-content\/uploads\/2026\/03\/IMG_20260126_120534-1-768x1043.jpg 768w, https:\/\/cynyem.com\/wp-content\/uploads\/2026\/03\/IMG_20260126_120534-1-1131x1536.jpg 1131w, https:\/\/cynyem.com\/wp-content\/uploads\/2026\/03\/IMG_20260126_120534-1-1508x2048.jpg 1508w, https:\/\/cynyem.com\/wp-content\/uploads\/2026\/03\/IMG_20260126_120534-1-scaled.jpg 1885w\" sizes=\"auto, (max-width: 706px) 89vw, (max-width: 767px) 82vw, 740px\" \/><button\n\t\t\tclass=\"lightbox-trigger\"\n\t\t\ttype=\"button\"\n\t\t\taria-haspopup=\"dialog\"\n\t\t\taria-label=\"Agrandir\"\n\t\t\tdata-wp-init=\"callbacks.initTriggerButton\"\n\t\t\tdata-wp-on--click=\"actions.showLightbox\"\n\t\t\tdata-wp-style--right=\"state.imageButtonRight\"\n\t\t\tdata-wp-style--top=\"state.imageButtonTop\"\n\t\t>\n\t\t\t<svg xmlns=\"http:\/\/www.w3.org\/2000\/svg\" width=\"12\" height=\"12\" fill=\"none\" viewBox=\"0 0 12 12\">\n\t\t\t\t<path fill=\"#fff\" d=\"M2 0a2 2 0 0 0-2 2v2h1.5V2a.5.5 0 0 1 .5-.5h2V0H2Zm2 10.5H2a.5.5 0 0 1-.5-.5V8H0v2a2 2 0 0 0 2 2h2v-1.5ZM8 12v-1.5h2a.5.5 0 0 0 .5-.5V8H12v2a2 2 0 0 1-2 2H8Zm2-12a2 2 0 0 1 2 2v2h-1.5V2a.5.5 0 0 0-.5-.5H8V0h2Z\" \/>\n\t\t\t<\/svg>\n\t\t<\/button><\/figure>\n<\/div>\n\n\n<div class=\"wp-block-columns is-layout-flex wp-container-core-columns-is-layout-9d6595d7 wp-block-columns-is-layout-flex\">\n<div class=\"wp-block-column is-layout-flow wp-block-column-is-layout-flow\">\n<figure data-wp-context=\"{&quot;imageId&quot;:&quot;69dee4d0a1d24&quot;}\" data-wp-interactive=\"core\/image\" data-wp-key=\"69dee4d0a1d24\" class=\"wp-block-image size-large is-resized wp-lightbox-container\"><img loading=\"lazy\" decoding=\"async\" width=\"798\" height=\"1024\" data-wp-class--hide=\"state.isContentHidden\" data-wp-class--show=\"state.isContentVisible\" data-wp-init=\"callbacks.setButtonStyles\" data-wp-on--click=\"actions.showLightbox\" data-wp-on--load=\"callbacks.setButtonStyles\" data-wp-on-window--resize=\"callbacks.setButtonStyles\" src=\"https:\/\/cynyem.com\/wp-content\/uploads\/2026\/03\/IMG_20260126_120440-798x1024.jpg\" alt=\"\" class=\"wp-image-1160\" style=\"width:120px;height:auto\" srcset=\"https:\/\/cynyem.com\/wp-content\/uploads\/2026\/03\/IMG_20260126_120440-798x1024.jpg 798w, https:\/\/cynyem.com\/wp-content\/uploads\/2026\/03\/IMG_20260126_120440-234x300.jpg 234w, https:\/\/cynyem.com\/wp-content\/uploads\/2026\/03\/IMG_20260126_120440-768x985.jpg 768w, https:\/\/cynyem.com\/wp-content\/uploads\/2026\/03\/IMG_20260126_120440-1197x1536.jpg 1197w, https:\/\/cynyem.com\/wp-content\/uploads\/2026\/03\/IMG_20260126_120440-1597x2048.jpg 1597w, https:\/\/cynyem.com\/wp-content\/uploads\/2026\/03\/IMG_20260126_120440-scaled.jpg 1996w\" sizes=\"auto, (max-width: 767px) 89vw, (max-width: 1000px) 54vw, (max-width: 1071px) 543px, 580px\" \/><button\n\t\t\tclass=\"lightbox-trigger\"\n\t\t\ttype=\"button\"\n\t\t\taria-haspopup=\"dialog\"\n\t\t\taria-label=\"Agrandir\"\n\t\t\tdata-wp-init=\"callbacks.initTriggerButton\"\n\t\t\tdata-wp-on--click=\"actions.showLightbox\"\n\t\t\tdata-wp-style--right=\"state.imageButtonRight\"\n\t\t\tdata-wp-style--top=\"state.imageButtonTop\"\n\t\t>\n\t\t\t<svg xmlns=\"http:\/\/www.w3.org\/2000\/svg\" width=\"12\" height=\"12\" fill=\"none\" viewBox=\"0 0 12 12\">\n\t\t\t\t<path fill=\"#fff\" d=\"M2 0a2 2 0 0 0-2 2v2h1.5V2a.5.5 0 0 1 .5-.5h2V0H2Zm2 10.5H2a.5.5 0 0 1-.5-.5V8H0v2a2 2 0 0 0 2 2h2v-1.5ZM8 12v-1.5h2a.5.5 0 0 0 .5-.5V8H12v2a2 2 0 0 1-2 2H8Zm2-12a2 2 0 0 1 2 2v2h-1.5V2a.5.5 0 0 0-.5-.5H8V0h2Z\" \/>\n\t\t\t<\/svg>\n\t\t<\/button><\/figure>\n<\/div>\n\n\n\n<div class=\"wp-block-column is-layout-flow wp-block-column-is-layout-flow\">\n<figure data-wp-context=\"{&quot;imageId&quot;:&quot;69dee4d0a25e6&quot;}\" data-wp-interactive=\"core\/image\" data-wp-key=\"69dee4d0a25e6\" class=\"wp-block-image size-large is-resized wp-lightbox-container\"><img loading=\"lazy\" decoding=\"async\" width=\"792\" height=\"1024\" data-wp-class--hide=\"state.isContentHidden\" data-wp-class--show=\"state.isContentVisible\" data-wp-init=\"callbacks.setButtonStyles\" data-wp-on--click=\"actions.showLightbox\" data-wp-on--load=\"callbacks.setButtonStyles\" data-wp-on-window--resize=\"callbacks.setButtonStyles\" src=\"https:\/\/cynyem.com\/wp-content\/uploads\/2026\/03\/IMG_20260126_120252-792x1024.jpg\" alt=\"\" class=\"wp-image-1161\" style=\"width:120px;height:auto\" srcset=\"https:\/\/cynyem.com\/wp-content\/uploads\/2026\/03\/IMG_20260126_120252-792x1024.jpg 792w, https:\/\/cynyem.com\/wp-content\/uploads\/2026\/03\/IMG_20260126_120252-232x300.jpg 232w, https:\/\/cynyem.com\/wp-content\/uploads\/2026\/03\/IMG_20260126_120252-768x993.jpg 768w, https:\/\/cynyem.com\/wp-content\/uploads\/2026\/03\/IMG_20260126_120252-1188x1536.jpg 1188w, https:\/\/cynyem.com\/wp-content\/uploads\/2026\/03\/IMG_20260126_120252-1585x2048.jpg 1585w, https:\/\/cynyem.com\/wp-content\/uploads\/2026\/03\/IMG_20260126_120252-scaled.jpg 1981w\" sizes=\"auto, (max-width: 767px) 89vw, (max-width: 1000px) 54vw, (max-width: 1071px) 543px, 580px\" \/><button\n\t\t\tclass=\"lightbox-trigger\"\n\t\t\ttype=\"button\"\n\t\t\taria-haspopup=\"dialog\"\n\t\t\taria-label=\"Agrandir\"\n\t\t\tdata-wp-init=\"callbacks.initTriggerButton\"\n\t\t\tdata-wp-on--click=\"actions.showLightbox\"\n\t\t\tdata-wp-style--right=\"state.imageButtonRight\"\n\t\t\tdata-wp-style--top=\"state.imageButtonTop\"\n\t\t>\n\t\t\t<svg xmlns=\"http:\/\/www.w3.org\/2000\/svg\" width=\"12\" height=\"12\" fill=\"none\" viewBox=\"0 0 12 12\">\n\t\t\t\t<path fill=\"#fff\" d=\"M2 0a2 2 0 0 0-2 2v2h1.5V2a.5.5 0 0 1 .5-.5h2V0H2Zm2 10.5H2a.5.5 0 0 1-.5-.5V8H0v2a2 2 0 0 0 2 2h2v-1.5ZM8 12v-1.5h2a.5.5 0 0 0 .5-.5V8H12v2a2 2 0 0 1-2 2H8Zm2-12a2 2 0 0 1 2 2v2h-1.5V2a.5.5 0 0 0-.5-.5H8V0h2Z\" \/>\n\t\t\t<\/svg>\n\t\t<\/button><\/figure>\n<\/div>\n\n\n\n<div class=\"wp-block-column is-layout-flow wp-block-column-is-layout-flow\">\n<figure data-wp-context=\"{&quot;imageId&quot;:&quot;69dee4d0a2a86&quot;}\" data-wp-interactive=\"core\/image\" data-wp-key=\"69dee4d0a2a86\" class=\"wp-block-image size-large is-resized wp-lightbox-container\"><img loading=\"lazy\" decoding=\"async\" width=\"809\" height=\"1024\" data-wp-class--hide=\"state.isContentHidden\" data-wp-class--show=\"state.isContentVisible\" data-wp-init=\"callbacks.setButtonStyles\" data-wp-on--click=\"actions.showLightbox\" data-wp-on--load=\"callbacks.setButtonStyles\" data-wp-on-window--resize=\"callbacks.setButtonStyles\" src=\"https:\/\/cynyem.com\/wp-content\/uploads\/2026\/03\/IMG_20260126_120407-809x1024.jpg\" alt=\"\" class=\"wp-image-1162\" style=\"width:125px;height:auto\" srcset=\"https:\/\/cynyem.com\/wp-content\/uploads\/2026\/03\/IMG_20260126_120407-809x1024.jpg 809w, https:\/\/cynyem.com\/wp-content\/uploads\/2026\/03\/IMG_20260126_120407-237x300.jpg 237w, https:\/\/cynyem.com\/wp-content\/uploads\/2026\/03\/IMG_20260126_120407-768x972.jpg 768w, https:\/\/cynyem.com\/wp-content\/uploads\/2026\/03\/IMG_20260126_120407-1214x1536.jpg 1214w, https:\/\/cynyem.com\/wp-content\/uploads\/2026\/03\/IMG_20260126_120407-1618x2048.jpg 1618w, https:\/\/cynyem.com\/wp-content\/uploads\/2026\/03\/IMG_20260126_120407-scaled.jpg 2023w\" sizes=\"auto, (max-width: 767px) 89vw, (max-width: 1000px) 54vw, (max-width: 1071px) 543px, 580px\" \/><button\n\t\t\tclass=\"lightbox-trigger\"\n\t\t\ttype=\"button\"\n\t\t\taria-haspopup=\"dialog\"\n\t\t\taria-label=\"Agrandir\"\n\t\t\tdata-wp-init=\"callbacks.initTriggerButton\"\n\t\t\tdata-wp-on--click=\"actions.showLightbox\"\n\t\t\tdata-wp-style--right=\"state.imageButtonRight\"\n\t\t\tdata-wp-style--top=\"state.imageButtonTop\"\n\t\t>\n\t\t\t<svg xmlns=\"http:\/\/www.w3.org\/2000\/svg\" width=\"12\" height=\"12\" fill=\"none\" viewBox=\"0 0 12 12\">\n\t\t\t\t<path fill=\"#fff\" d=\"M2 0a2 2 0 0 0-2 2v2h1.5V2a.5.5 0 0 1 .5-.5h2V0H2Zm2 10.5H2a.5.5 0 0 1-.5-.5V8H0v2a2 2 0 0 0 2 2h2v-1.5ZM8 12v-1.5h2a.5.5 0 0 0 .5-.5V8H12v2a2 2 0 0 1-2 2H8Zm2-12a2 2 0 0 1 2 2v2h-1.5V2a.5.5 0 0 0-.5-.5H8V0h2Z\" \/>\n\t\t\t<\/svg>\n\t\t<\/button><\/figure>\n<\/div>\n<\/div>\n\n\n\n<p>Le portefeuille Zenitsu est con\u00e7u avec un dessin fait main directement sur tissu coton. Ce choix de mat\u00e9riaux offre une combinaison unique de confort et de style. Parfait pour ceux qui recherchent un accessoire pratique et esth\u00e9tique.<\/p>\n\n\n\n<p>Mat\u00e9riaux mixtes : Coton et simili cuir pour un look distinctif.<\/p>\n\n\n\n<p>Ce portefeuille Zenitsu est id\u00e9al pour un usage quotidien. Il associe fonctionnalit\u00e9 et style.<\/p>\n\n\n\n<ul class=\"wp-block-list\">\n<li>aucune reproduction, pi\u00e8ce unique*<\/li>\n<\/ul>\n\n\n\n<p><\/p>\n\n\n\n<h4 class=\"wp-block-heading\">20 euros<\/h4>\n\n\n\n<p>Livraison La poste gratuite <\/p>\n\n\n<form action=\"https:\/\/www.paypal.com\/cgi-bin\/webscr\" method=\"post\" target=\"_blank\">\n  <input type=\"hidden\" name=\"cmd\" value=\"_s-xclick\" \/><br \/>\n  <input type=\"hidden\" name=\"hosted_button_id\" value=\"U9QN7NZBZ8EWQ\" \/><br \/>\n  <input type=\"hidden\" name=\"currency_code\" value=\"EUR\" \/><br \/>\n  <input type=\"image\" src=\"https:\/\/cynyem.com\/wp-content\/uploads\/2024\/07\/acheter-cynyemcom-1.jpg\" border=\"0\" name=\"submit\" title=\"PayPal, votre r\u00e9flexe s\u00e9curit\u00e9 pour payer en ligne.\" alt=\"Ajouter au panier\" \/><br \/>\n<\/form>\n\n\n\n<p><\/p>\n","protected":false},"excerpt":{"rendered":"<p>Le portefeuille Zenitsu est con\u00e7u avec un dessin fait main directement sur tissu coton. Ce choix de mat\u00e9riaux offre une combinaison unique de confort et de style. Parfait pour ceux qui recherchent un accessoire pratique et esth\u00e9tique. Mat\u00e9riaux mixtes : Coton et simili cuir pour un look distinctif. Ce portefeuille Zenitsu est id\u00e9al pour un &hellip; <\/p>\n<p class=\"link-more\"><a href=\"https:\/\/cynyem.com\/index.php\/portefeuille-zenitsu\/\" class=\"more-link\">Continuer la lecture<span class=\"screen-reader-text\"> de &laquo;&nbsp;Portefeuille Zenitsu&nbsp;&raquo;<\/span><\/a><\/p>\n","protected":false},"author":1,"featured_media":0,"parent":0,"menu_order":0,"comment_status":"closed","ping_status":"closed","template":"","meta":{"_glsr_average":0,"_glsr_ranking":0,"_glsr_reviews":0,"footnotes":""},"class_list":["post-1158","page","type-page","status-publish","hentry"],"_links":{"self":[{"href":"https:\/\/cynyem.com\/index.php\/wp-json\/wp\/v2\/pages\/1158","targetHints":{"allow":["GET"]}}],"collection":[{"href":"https:\/\/cynyem.com\/index.php\/wp-json\/wp\/v2\/pages"}],"about":[{"href":"https:\/\/cynyem.com\/index.php\/wp-json\/wp\/v2\/types\/page"}],"author":[{"embeddable":true,"href":"https:\/\/cynyem.com\/index.php\/wp-json\/wp\/v2\/users\/1"}],"replies":[{"embeddable":true,"href":"https:\/\/cynyem.com\/index.php\/wp-json\/wp\/v2\/comments?post=1158"}],"version-history":[{"count":2,"href":"https:\/\/cynyem.com\/index.php\/wp-json\/wp\/v2\/pages\/1158\/revisions"}],"predecessor-version":[{"id":1164,"href":"https:\/\/cynyem.com\/index.php\/wp-json\/wp\/v2\/pages\/1158\/revisions\/1164"}],"wp:attachment":[{"href":"https:\/\/cynyem.com\/index.php\/wp-json\/wp\/v2\/media?parent=1158"}],"curies":[{"name":"wp","href":"https:\/\/api.w.org\/{rel}","templated":true}]}}