{"id":1112,"date":"2025-12-29T01:14:05","date_gmt":"2025-12-29T00:14:05","guid":{"rendered":"https:\/\/cynyem.com\/?page_id=1112"},"modified":"2025-12-29T01:14:05","modified_gmt":"2025-12-29T00:14:05","slug":"carte-cadeau","status":"publish","type":"page","link":"https:\/\/cynyem.com\/index.php\/carte-cadeau\/","title":{"rendered":"Carte Cadeau"},"content":{"rendered":"\n<figure class=\"wp-block-image size-large\"><img loading=\"lazy\" decoding=\"async\" width=\"1024\" height=\"681\" src=\"https:\/\/cynyem.com\/wp-content\/uploads\/2025\/12\/78303402_1917266918403674_6574163280137289728_n-1024x681.jpg\" alt=\"\" class=\"wp-image-1113\" srcset=\"https:\/\/cynyem.com\/wp-content\/uploads\/2025\/12\/78303402_1917266918403674_6574163280137289728_n-1024x681.jpg 1024w, https:\/\/cynyem.com\/wp-content\/uploads\/2025\/12\/78303402_1917266918403674_6574163280137289728_n-300x200.jpg 300w, https:\/\/cynyem.com\/wp-content\/uploads\/2025\/12\/78303402_1917266918403674_6574163280137289728_n-768x511.jpg 768w, https:\/\/cynyem.com\/wp-content\/uploads\/2025\/12\/78303402_1917266918403674_6574163280137289728_n-1536x1022.jpg 1536w, https:\/\/cynyem.com\/wp-content\/uploads\/2025\/12\/78303402_1917266918403674_6574163280137289728_n.jpg 1912w\" sizes=\"auto, (max-width: 767px) 89vw, (max-width: 1000px) 54vw, (max-width: 1071px) 543px, 580px\" \/><\/figure>\n\n\n\n<p><\/p>\n\n\n\n<h5 class=\"wp-block-heading\">Papier Format A5 (21 x 14.8 cm)<\/h5>\n\n\n\n<h5 class=\"wp-block-heading\">papier Format A4 (21 x 29.7 cm)<\/h5>\n\n\n\n<form action=\"https:\/\/www.paypal.com\/cgi-bin\/webscr\" method=\"post\" target=\"_blank\">\n  <input type=\"hidden\" name=\"cmd\" value=\"_s-xclick\" \/>\n  <input type=\"hidden\" name=\"hosted_button_id\" value=\"29T5G2R5UMHLC\" \/>\n  <table>\n    <tr>\n      <td>\n        <input type=\"hidden\" name=\"on0\" value=\"formats\"\/>\n        formats\n      <\/td>\n    <\/tr>\n    <tr>\n      <td>\n        <select name=\"os0\">\n          <option value=\"A5 (1visage) + livraison\">\n            A5 (1visage) + livraison 33,00 \u20ac EUR\n          <\/option>\n          <option value=\"A5 (1visage) + livraison + cadre\">\n            A5 (1visage) + livraison + cadre 43,00 \u20ac EUR\n          <\/option>\n          <option value=\"A4 (1visage) +livraison \">\n            A4 (1visage) +livraison  63,00 \u20ac EUR\n          <\/option>\n          <option value=\"A4 (1visage) +livraison + cadre\">\n            A4 (1visage) +livraison + cadre 73,00 \u20ac EUR\n          <\/option>\n          <option value=\"A4 (2visages) +livraison \">\n            A4 (2visages) +livraison  83,00 \u20ac EUR\n          <\/option>\n          <option value=\"A4 (2visages) +livraison +cadre\">\n            A4 (2visages) +livraison +cadre 93,00 \u20ac EUR\n          <\/option>\n        <\/select>\n      <\/td>\n    <\/tr>\n    <tr>\n      <td>\n        <input type=\"hidden\" name=\"on1\" value=\"recevoir votre carte cadeau \"\/>\n        recevoir votre carte cadeau \n      <\/td>\n    <\/tr>\n    <tr>\n      <td>\n        <select name=\"os1\">\n          <option value=\"par mail\">\n            par mail\n          <\/option>\n          <option value=\"par courrier \">\n            par courrier \n          <\/option>\n        <\/select>\n      <\/td>\n    <\/tr>\n  <\/table>\n  <input type=\"hidden\" name=\"currency_code\" value=\"EUR\" \/>\n  <input type=\"image\" src=\"https:\/\/cynyem.com\/wp-content\/uploads\/2024\/07\/acheter-cynyemcom-1.jpg\" border=\"0\" name=\"submit\" title=\"PayPal, votre r\u00e9flexe s\u00e9curit\u00e9 pour payer en ligne.\" alt=\"Ajouter au panier\" \/>\n<\/form>\n\n\n\n<p><\/p>\n","protected":false},"excerpt":{"rendered":"<p>Papier Format A5 (21 x 14.8 cm) papier Format A4 (21 x 29.7 cm) formats A5 (1visage) + livraison 33,00 \u20ac EUR A5 (1visage) + livraison + cadre 43,00 \u20ac EUR A4 (1visage) +livraison 63,00 \u20ac EUR A4 (1visage) +livraison + cadre 73,00 \u20ac EUR A4 (2visages) +livraison 83,00 \u20ac EUR A4 (2visages) +livraison +cadre &hellip; <\/p>\n<p class=\"link-more\"><a href=\"https:\/\/cynyem.com\/index.php\/carte-cadeau\/\" class=\"more-link\">Continuer la lecture<span class=\"screen-reader-text\"> de &laquo;&nbsp;Carte Cadeau&nbsp;&raquo;<\/span><\/a><\/p>\n","protected":false},"author":1,"featured_media":0,"parent":0,"menu_order":0,"comment_status":"closed","ping_status":"closed","template":"","meta":{"_glsr_average":0,"_glsr_ranking":0,"_glsr_reviews":0,"footnotes":""},"class_list":["post-1112","page","type-page","status-publish","hentry"],"_links":{"self":[{"href":"https:\/\/cynyem.com\/index.php\/wp-json\/wp\/v2\/pages\/1112","targetHints":{"allow":["GET"]}}],"collection":[{"href":"https:\/\/cynyem.com\/index.php\/wp-json\/wp\/v2\/pages"}],"about":[{"href":"https:\/\/cynyem.com\/index.php\/wp-json\/wp\/v2\/types\/page"}],"author":[{"embeddable":true,"href":"https:\/\/cynyem.com\/index.php\/wp-json\/wp\/v2\/users\/1"}],"replies":[{"embeddable":true,"href":"https:\/\/cynyem.com\/index.php\/wp-json\/wp\/v2\/comments?post=1112"}],"version-history":[{"count":1,"href":"https:\/\/cynyem.com\/index.php\/wp-json\/wp\/v2\/pages\/1112\/revisions"}],"predecessor-version":[{"id":1114,"href":"https:\/\/cynyem.com\/index.php\/wp-json\/wp\/v2\/pages\/1112\/revisions\/1114"}],"wp:attachment":[{"href":"https:\/\/cynyem.com\/index.php\/wp-json\/wp\/v2\/media?parent=1112"}],"curies":[{"name":"wp","href":"https:\/\/api.w.org\/{rel}","templated":true}]}}