{"id":1082,"date":"2025-09-26T13:54:38","date_gmt":"2025-09-26T11:54:38","guid":{"rendered":"https:\/\/cynyem.com\/?page_id=1082"},"modified":"2025-09-26T13:54:38","modified_gmt":"2025-09-26T11:54:38","slug":"sac-anime-manga-halloween-lattaque-des-titans","status":"publish","type":"page","link":"https:\/\/cynyem.com\/index.php\/sac-anime-manga-halloween-lattaque-des-titans\/","title":{"rendered":"Sac Anime\/manga Halloween L&rsquo;attaque des titans"},"content":{"rendered":"<div class=\"wp-block-image\">\n<figure data-wp-context=\"{&quot;imageId&quot;:&quot;69e0d55f6d939&quot;}\" data-wp-interactive=\"core\/image\" data-wp-key=\"69e0d55f6d939\" class=\"aligncenter size-large is-resized wp-lightbox-container\"><img loading=\"lazy\" decoding=\"async\" width=\"728\" height=\"1024\" data-wp-class--hide=\"state.isContentHidden\" data-wp-class--show=\"state.isContentVisible\" data-wp-init=\"callbacks.setButtonStyles\" data-wp-on--click=\"actions.showLightbox\" data-wp-on--load=\"callbacks.setButtonStyles\" data-wp-on-window--resize=\"callbacks.setButtonStyles\" src=\"https:\/\/cynyem.com\/wp-content\/uploads\/2025\/09\/1000027701-728x1024.jpg\" alt=\"\" class=\"wp-image-1068\" style=\"width:251px;height:auto\" srcset=\"https:\/\/cynyem.com\/wp-content\/uploads\/2025\/09\/1000027701-728x1024.jpg 728w, https:\/\/cynyem.com\/wp-content\/uploads\/2025\/09\/1000027701-213x300.jpg 213w, https:\/\/cynyem.com\/wp-content\/uploads\/2025\/09\/1000027701-768x1080.jpg 768w, https:\/\/cynyem.com\/wp-content\/uploads\/2025\/09\/1000027701-1093x1536.jpg 1093w, https:\/\/cynyem.com\/wp-content\/uploads\/2025\/09\/1000027701-1457x2048.jpg 1457w, https:\/\/cynyem.com\/wp-content\/uploads\/2025\/09\/1000027701-scaled.jpg 1821w\" sizes=\"auto, (max-width: 728px) 100vw, 728px\" \/><button\n\t\t\tclass=\"lightbox-trigger\"\n\t\t\ttype=\"button\"\n\t\t\taria-haspopup=\"dialog\"\n\t\t\taria-label=\"Agrandir\"\n\t\t\tdata-wp-init=\"callbacks.initTriggerButton\"\n\t\t\tdata-wp-on--click=\"actions.showLightbox\"\n\t\t\tdata-wp-style--right=\"state.imageButtonRight\"\n\t\t\tdata-wp-style--top=\"state.imageButtonTop\"\n\t\t>\n\t\t\t<svg xmlns=\"http:\/\/www.w3.org\/2000\/svg\" width=\"12\" height=\"12\" fill=\"none\" viewBox=\"0 0 12 12\">\n\t\t\t\t<path fill=\"#fff\" d=\"M2 0a2 2 0 0 0-2 2v2h1.5V2a.5.5 0 0 1 .5-.5h2V0H2Zm2 10.5H2a.5.5 0 0 1-.5-.5V8H0v2a2 2 0 0 0 2 2h2v-1.5ZM8 12v-1.5h2a.5.5 0 0 0 .5-.5V8H12v2a2 2 0 0 1-2 2H8Zm2-12a2 2 0 0 1 2 2v2h-1.5V2a.5.5 0 0 0-.5-.5H8V0h2Z\" \/>\n\t\t\t<\/svg>\n\t\t<\/button><\/figure>\n<\/div>\n\n\n<div class=\"wp-block-columns is-layout-flex wp-container-core-columns-is-layout-9d6595d7 wp-block-columns-is-layout-flex\">\n<div class=\"wp-block-column is-layout-flow wp-block-column-is-layout-flow\">\n<figure data-wp-context=\"{&quot;imageId&quot;:&quot;69e0d55f6ded5&quot;}\" data-wp-interactive=\"core\/image\" data-wp-key=\"69e0d55f6ded5\" class=\"wp-block-image size-large is-resized wp-lightbox-container\"><img loading=\"lazy\" decoding=\"async\" width=\"770\" height=\"1024\" data-wp-class--hide=\"state.isContentHidden\" data-wp-class--show=\"state.isContentVisible\" data-wp-init=\"callbacks.setButtonStyles\" data-wp-on--click=\"actions.showLightbox\" data-wp-on--load=\"callbacks.setButtonStyles\" data-wp-on-window--resize=\"callbacks.setButtonStyles\" src=\"https:\/\/cynyem.com\/wp-content\/uploads\/2025\/09\/1000027694-770x1024.jpg\" alt=\"\" class=\"wp-image-1070\" style=\"width:120px;height:auto\" srcset=\"https:\/\/cynyem.com\/wp-content\/uploads\/2025\/09\/1000027694-770x1024.jpg 770w, https:\/\/cynyem.com\/wp-content\/uploads\/2025\/09\/1000027694-225x300.jpg 225w, https:\/\/cynyem.com\/wp-content\/uploads\/2025\/09\/1000027694-768x1022.jpg 768w, https:\/\/cynyem.com\/wp-content\/uploads\/2025\/09\/1000027694-1154x1536.jpg 1154w, https:\/\/cynyem.com\/wp-content\/uploads\/2025\/09\/1000027694-1539x2048.jpg 1539w, https:\/\/cynyem.com\/wp-content\/uploads\/2025\/09\/1000027694-scaled.jpg 1924w\" sizes=\"auto, (max-width: 767px) 89vw, (max-width: 1000px) 54vw, (max-width: 1071px) 543px, 580px\" \/><button\n\t\t\tclass=\"lightbox-trigger\"\n\t\t\ttype=\"button\"\n\t\t\taria-haspopup=\"dialog\"\n\t\t\taria-label=\"Agrandir\"\n\t\t\tdata-wp-init=\"callbacks.initTriggerButton\"\n\t\t\tdata-wp-on--click=\"actions.showLightbox\"\n\t\t\tdata-wp-style--right=\"state.imageButtonRight\"\n\t\t\tdata-wp-style--top=\"state.imageButtonTop\"\n\t\t>\n\t\t\t<svg xmlns=\"http:\/\/www.w3.org\/2000\/svg\" width=\"12\" height=\"12\" fill=\"none\" viewBox=\"0 0 12 12\">\n\t\t\t\t<path fill=\"#fff\" d=\"M2 0a2 2 0 0 0-2 2v2h1.5V2a.5.5 0 0 1 .5-.5h2V0H2Zm2 10.5H2a.5.5 0 0 1-.5-.5V8H0v2a2 2 0 0 0 2 2h2v-1.5ZM8 12v-1.5h2a.5.5 0 0 0 .5-.5V8H12v2a2 2 0 0 1-2 2H8Zm2-12a2 2 0 0 1 2 2v2h-1.5V2a.5.5 0 0 0-.5-.5H8V0h2Z\" \/>\n\t\t\t<\/svg>\n\t\t<\/button><\/figure>\n<\/div>\n\n\n\n<div class=\"wp-block-column is-layout-flow wp-block-column-is-layout-flow\">\n<figure data-wp-context=\"{&quot;imageId&quot;:&quot;69e0d55f6e798&quot;}\" data-wp-interactive=\"core\/image\" data-wp-key=\"69e0d55f6e798\" class=\"wp-block-image size-large is-resized wp-lightbox-container\"><img loading=\"lazy\" decoding=\"async\" width=\"768\" height=\"1024\" data-wp-class--hide=\"state.isContentHidden\" data-wp-class--show=\"state.isContentVisible\" data-wp-init=\"callbacks.setButtonStyles\" data-wp-on--click=\"actions.showLightbox\" data-wp-on--load=\"callbacks.setButtonStyles\" data-wp-on-window--resize=\"callbacks.setButtonStyles\" src=\"https:\/\/cynyem.com\/wp-content\/uploads\/2025\/09\/1000027697-768x1024.jpg\" alt=\"\" class=\"wp-image-1069\" style=\"width:120px;height:auto\" srcset=\"https:\/\/cynyem.com\/wp-content\/uploads\/2025\/09\/1000027697-768x1024.jpg 768w, https:\/\/cynyem.com\/wp-content\/uploads\/2025\/09\/1000027697-225x300.jpg 225w, https:\/\/cynyem.com\/wp-content\/uploads\/2025\/09\/1000027697-1152x1536.jpg 1152w, https:\/\/cynyem.com\/wp-content\/uploads\/2025\/09\/1000027697-1536x2048.jpg 1536w, https:\/\/cynyem.com\/wp-content\/uploads\/2025\/09\/1000027697-scaled.jpg 1920w\" sizes=\"auto, (max-width: 767px) 89vw, (max-width: 1000px) 54vw, (max-width: 1071px) 543px, 580px\" \/><button\n\t\t\tclass=\"lightbox-trigger\"\n\t\t\ttype=\"button\"\n\t\t\taria-haspopup=\"dialog\"\n\t\t\taria-label=\"Agrandir\"\n\t\t\tdata-wp-init=\"callbacks.initTriggerButton\"\n\t\t\tdata-wp-on--click=\"actions.showLightbox\"\n\t\t\tdata-wp-style--right=\"state.imageButtonRight\"\n\t\t\tdata-wp-style--top=\"state.imageButtonTop\"\n\t\t>\n\t\t\t<svg xmlns=\"http:\/\/www.w3.org\/2000\/svg\" width=\"12\" height=\"12\" fill=\"none\" viewBox=\"0 0 12 12\">\n\t\t\t\t<path fill=\"#fff\" d=\"M2 0a2 2 0 0 0-2 2v2h1.5V2a.5.5 0 0 1 .5-.5h2V0H2Zm2 10.5H2a.5.5 0 0 1-.5-.5V8H0v2a2 2 0 0 0 2 2h2v-1.5ZM8 12v-1.5h2a.5.5 0 0 0 .5-.5V8H12v2a2 2 0 0 1-2 2H8Zm2-12a2 2 0 0 1 2 2v2h-1.5V2a.5.5 0 0 0-.5-.5H8V0h2Z\" \/>\n\t\t\t<\/svg>\n\t\t<\/button><\/figure>\n\n\n\n<figure data-wp-context=\"{&quot;imageId&quot;:&quot;69e0d55f6ec43&quot;}\" data-wp-interactive=\"core\/image\" data-wp-key=\"69e0d55f6ec43\" class=\"wp-block-image size-large is-resized wp-lightbox-container\"><img loading=\"lazy\" decoding=\"async\" width=\"777\" height=\"1024\" data-wp-class--hide=\"state.isContentHidden\" data-wp-class--show=\"state.isContentVisible\" data-wp-init=\"callbacks.setButtonStyles\" data-wp-on--click=\"actions.showLightbox\" data-wp-on--load=\"callbacks.setButtonStyles\" data-wp-on-window--resize=\"callbacks.setButtonStyles\" src=\"https:\/\/cynyem.com\/wp-content\/uploads\/2025\/09\/1000027702-1-777x1024.jpg\" alt=\"\" class=\"wp-image-1083\" style=\"width:123px;height:auto\" srcset=\"https:\/\/cynyem.com\/wp-content\/uploads\/2025\/09\/1000027702-1-777x1024.jpg 777w, https:\/\/cynyem.com\/wp-content\/uploads\/2025\/09\/1000027702-1-228x300.jpg 228w, https:\/\/cynyem.com\/wp-content\/uploads\/2025\/09\/1000027702-1-768x1012.jpg 768w, https:\/\/cynyem.com\/wp-content\/uploads\/2025\/09\/1000027702-1-1166x1536.jpg 1166w, https:\/\/cynyem.com\/wp-content\/uploads\/2025\/09\/1000027702-1-1555x2048.jpg 1555w, https:\/\/cynyem.com\/wp-content\/uploads\/2025\/09\/1000027702-1-scaled.jpg 1943w\" sizes=\"auto, (max-width: 767px) 89vw, (max-width: 1000px) 54vw, (max-width: 1071px) 543px, 580px\" \/><button\n\t\t\tclass=\"lightbox-trigger\"\n\t\t\ttype=\"button\"\n\t\t\taria-haspopup=\"dialog\"\n\t\t\taria-label=\"Agrandir\"\n\t\t\tdata-wp-init=\"callbacks.initTriggerButton\"\n\t\t\tdata-wp-on--click=\"actions.showLightbox\"\n\t\t\tdata-wp-style--right=\"state.imageButtonRight\"\n\t\t\tdata-wp-style--top=\"state.imageButtonTop\"\n\t\t>\n\t\t\t<svg xmlns=\"http:\/\/www.w3.org\/2000\/svg\" width=\"12\" height=\"12\" fill=\"none\" viewBox=\"0 0 12 12\">\n\t\t\t\t<path fill=\"#fff\" d=\"M2 0a2 2 0 0 0-2 2v2h1.5V2a.5.5 0 0 1 .5-.5h2V0H2Zm2 10.5H2a.5.5 0 0 1-.5-.5V8H0v2a2 2 0 0 0 2 2h2v-1.5ZM8 12v-1.5h2a.5.5 0 0 0 .5-.5V8H12v2a2 2 0 0 1-2 2H8Zm2-12a2 2 0 0 1 2 2v2h-1.5V2a.5.5 0 0 0-.5-.5H8V0h2Z\" \/>\n\t\t\t<\/svg>\n\t\t<\/button><\/figure>\n<\/div>\n<\/div>\n\n\n\n<div class=\"wp-block-columns is-layout-flex wp-container-core-columns-is-layout-9d6595d7 wp-block-columns-is-layout-flex\">\n<div class=\"wp-block-column is-layout-flow wp-block-column-is-layout-flow\"><\/div>\n\n\n\n<div class=\"wp-block-column is-layout-flow wp-block-column-is-layout-flow\"><\/div>\n<\/div>\n\n\n\n<p>Cr\u00e9ation couture dessin fait \u00e0 la main .<\/p>\n\n\n\n<p> Entretien : Lavage \u00e0 la main d\u00e9licat, s\u00e9chage a l\u2019air libre<\/p>\n\n\n\n<p>Mati\u00e8re : R\u00e9alis\u00e9 sur un tissu coton avec enduit de protection imperm\u00e9abilisant sur le dessin<\/p>\n\n\n\n<p>Coton imperm\u00e9abilis\u00e9  sur dessin + doublure .<\/p>\n\n\n\n<p>Dimension : 26 x 22 cm<\/p>\n\n\n\n<p>* Aucune reproduction, pi\u00e8ce unique*<\/p>\n\n\n\n<h2 class=\"wp-block-heading has-black-color has-text-color has-link-color wp-elements-e11605d40138095b7c0de1d1b5ca6e6f\"><strong>11 euros<\/strong><\/h2>\n\n\n\n<p>Livraison  la poste gratuite <\/p>\n\n\n<form action=\"https:\/\/www.paypal.com\/cgi-bin\/webscr\" method=\"post\" target=\"_blank\">\n  <input type=\"hidden\" name=\"cmd\" value=\"_s-xclick\" \/><br \/>\n  <input type=\"hidden\" name=\"hosted_button_id\" value=\"6FXM5YRCQD3Z6\" \/><br \/>\n  <input type=\"hidden\" name=\"currency_code\" value=\"EUR\" \/><br \/>\n  <input type=\"image\" src=\"https:\/\/cynyem.com\/wp-content\/uploads\/2024\/07\/acheter-cynyemcom-1.jpg\" border=\"0\" name=\"submit\" title=\"PayPal, votre r\u00e9flexe s\u00e9curit\u00e9 pour payer en ligne.\" alt=\"Ajouter au panier\" \/><br \/>\n<\/form>\n\n\n\n<p><\/p>\n","protected":false},"excerpt":{"rendered":"<p>Cr\u00e9ation couture dessin fait \u00e0 la main . Entretien : Lavage \u00e0 la main d\u00e9licat, s\u00e9chage a l\u2019air libre Mati\u00e8re : R\u00e9alis\u00e9 sur un tissu coton avec enduit de protection imperm\u00e9abilisant sur le dessin Coton imperm\u00e9abilis\u00e9 sur dessin + doublure . Dimension : 26 x 22 cm * Aucune reproduction, pi\u00e8ce unique* 11 euros Livraison &hellip; <\/p>\n<p class=\"link-more\"><a href=\"https:\/\/cynyem.com\/index.php\/sac-anime-manga-halloween-lattaque-des-titans\/\" class=\"more-link\">Continuer la lecture<span class=\"screen-reader-text\"> de &laquo;&nbsp;Sac Anime\/manga Halloween L&rsquo;attaque des titans&nbsp;&raquo;<\/span><\/a><\/p>\n","protected":false},"author":1,"featured_media":0,"parent":0,"menu_order":0,"comment_status":"closed","ping_status":"closed","template":"","meta":{"_glsr_average":0,"_glsr_ranking":0,"_glsr_reviews":0,"footnotes":""},"class_list":["post-1082","page","type-page","status-publish","hentry"],"_links":{"self":[{"href":"https:\/\/cynyem.com\/index.php\/wp-json\/wp\/v2\/pages\/1082","targetHints":{"allow":["GET"]}}],"collection":[{"href":"https:\/\/cynyem.com\/index.php\/wp-json\/wp\/v2\/pages"}],"about":[{"href":"https:\/\/cynyem.com\/index.php\/wp-json\/wp\/v2\/types\/page"}],"author":[{"embeddable":true,"href":"https:\/\/cynyem.com\/index.php\/wp-json\/wp\/v2\/users\/1"}],"replies":[{"embeddable":true,"href":"https:\/\/cynyem.com\/index.php\/wp-json\/wp\/v2\/comments?post=1082"}],"version-history":[{"count":1,"href":"https:\/\/cynyem.com\/index.php\/wp-json\/wp\/v2\/pages\/1082\/revisions"}],"predecessor-version":[{"id":1084,"href":"https:\/\/cynyem.com\/index.php\/wp-json\/wp\/v2\/pages\/1082\/revisions\/1084"}],"wp:attachment":[{"href":"https:\/\/cynyem.com\/index.php\/wp-json\/wp\/v2\/media?parent=1082"}],"curies":[{"name":"wp","href":"https:\/\/api.w.org\/{rel}","templated":true}]}}